{"id":28959,"date":"2023-06-19T13:30:38","date_gmt":"2023-06-19T13:30:38","guid":{"rendered":"https:\/\/turismomaestrazgo.org\/publications-and-downloads\/"},"modified":"2023-07-03T08:51:36","modified_gmt":"2023-07-03T08:51:36","slug":"publications-and-downloads","status":"publish","type":"page","link":"https:\/\/turismomaestrazgo.org\/en\/publications-and-downloads\/","title":{"rendered":"Publications and downloads"},"content":{"rendered":"\t\t<div data-elementor-type=\"wp-page\" data-elementor-id=\"28959\" class=\"elementor elementor-28959 elementor-28802\" data-elementor-post-type=\"page\">\n\t\t\t\t\t\t<section data-particle_enable=\"false\" data-particle-mobile-disabled=\"false\" class=\"elementor-section elementor-top-section elementor-element elementor-element-0b0b1a0 elementor-section-boxed elementor-section-height-default elementor-section-height-default\" data-id=\"0b0b1a0\" data-element_type=\"section\" data-e-type=\"section\">\n\t\t\t\t\t\t<div class=\"elementor-container elementor-column-gap-default\">\n\t\t\t\t\t<div class=\"elementor-column elementor-col-100 elementor-top-column elementor-element elementor-element-aff7510\" data-id=\"aff7510\" data-element_type=\"column\" data-e-type=\"column\">\n\t\t\t<div class=\"elementor-widget-wrap elementor-element-populated\">\n\t\t\t\t\t\t<div class=\"elementor-element elementor-element-d2b336e elementor-hidden-mobile elementor-widget elementor-widget-spacer\" data-id=\"d2b336e\" data-element_type=\"widget\" data-e-type=\"widget\" data-widget_type=\"spacer.default\">\n\t\t\t\t<div class=\"elementor-widget-container\">\n\t\t\t\t\t\t\t<div class=\"elementor-spacer\">\n\t\t\t<div class=\"elementor-spacer-inner\"><\/div>\n\t\t<\/div>\n\t\t\t\t\t\t<\/div>\n\t\t\t\t<\/div>\n\t\t\t\t<section data-particle_enable=\"false\" data-particle-mobile-disabled=\"false\" class=\"elementor-section elementor-inner-section elementor-element elementor-element-3837c48 elementor-hidden-mobile elementor-section-boxed elementor-section-height-default elementor-section-height-default\" data-id=\"3837c48\" data-element_type=\"section\" data-e-type=\"section\">\n\t\t\t\t\t\t<div class=\"elementor-container elementor-column-gap-default\">\n\t\t\t\t\t<div class=\"elementor-column elementor-col-33 elementor-inner-column elementor-element elementor-element-52ce077\" data-id=\"52ce077\" data-element_type=\"column\" data-e-type=\"column\">\n\t\t\t<div class=\"elementor-widget-wrap elementor-element-populated\">\n\t\t\t\t\t\t<div class=\"elementor-element elementor-element-c50b0f5 elementor-widget__width-initial elementor-widget elementor-widget-text-editor\" data-id=\"c50b0f5\" data-element_type=\"widget\" data-e-type=\"widget\" data-widget_type=\"text-editor.default\">\n\t\t\t\t<div class=\"elementor-widget-container\">\n\t\t\t\t\t\t\t\t\t<p><a href=\"https:\/\/turismomaestrazgo.org\/en\/carlist-wars-territory\/\">Carlist Wars Territory: home<\/a> | <\/p>\n\t\t\t\t\t\t\t\t<\/div>\n\t\t\t\t<\/div>\n\t\t\t\t\t<\/div>\n\t\t<\/div>\n\t\t\t\t<div class=\"elementor-column elementor-col-33 elementor-inner-column elementor-element elementor-element-c5b5a4a\" data-id=\"c5b5a4a\" data-element_type=\"column\" data-e-type=\"column\">\n\t\t\t<div class=\"elementor-widget-wrap elementor-element-populated\">\n\t\t\t\t\t\t<div class=\"elementor-element elementor-element-6d2ba4d elementor-widget__width-initial elementor-widget elementor-widget-text-editor\" data-id=\"6d2ba4d\" data-element_type=\"widget\" data-e-type=\"widget\" data-widget_type=\"text-editor.default\">\n\t\t\t\t<div class=\"elementor-widget-container\">\n\t\t\t\t\t\t\t\t\t<p>Publications and downloads<\/p>\n\t\t\t\t\t\t\t\t<\/div>\n\t\t\t\t<\/div>\n\t\t\t\t\t<\/div>\n\t\t<\/div>\n\t\t\t\t<div class=\"elementor-column elementor-col-33 elementor-inner-column elementor-element elementor-element-8eae824\" data-id=\"8eae824\" data-element_type=\"column\" data-e-type=\"column\">\n\t\t\t<div class=\"elementor-widget-wrap elementor-element-populated\">\n\t\t\t\t\t\t\t<\/div>\n\t\t<\/div>\n\t\t\t\t\t<\/div>\n\t\t<\/section>\n\t\t\t\t<section data-particle_enable=\"false\" data-particle-mobile-disabled=\"false\" class=\"elementor-section elementor-inner-section elementor-element elementor-element-c18c3ed elementor-hidden-desktop elementor-hidden-tablet elementor-section-boxed elementor-section-height-default elementor-section-height-default\" data-id=\"c18c3ed\" data-element_type=\"section\" data-e-type=\"section\">\n\t\t\t\t\t\t<div class=\"elementor-container elementor-column-gap-default\">\n\t\t\t\t\t<div class=\"elementor-column elementor-col-100 elementor-inner-column elementor-element elementor-element-bf34e2b\" data-id=\"bf34e2b\" data-element_type=\"column\" data-e-type=\"column\">\n\t\t\t<div class=\"elementor-widget-wrap elementor-element-populated\">\n\t\t\t\t\t\t<div class=\"elementor-element elementor-element-61cebc3 elementor-widget elementor-widget-text-editor\" data-id=\"61cebc3\" data-element_type=\"widget\" data-e-type=\"widget\" data-widget_type=\"text-editor.default\">\n\t\t\t\t<div class=\"elementor-widget-container\">\n\t\t\t\t\t\t\t\t\t<p>&gt; <a href=\"https:\/\/turismomaestrazgo.org\/en\/carlist-wars-territory\/\">Carlist Wars Territory: home<\/a><\/p>\n\t\t\t\t\t\t\t\t<\/div>\n\t\t\t\t<\/div>\n\t\t\t\t<div class=\"elementor-element elementor-element-2eb7afe elementor-widget elementor-widget-text-editor\" data-id=\"2eb7afe\" data-element_type=\"widget\" data-e-type=\"widget\" data-widget_type=\"text-editor.default\">\n\t\t\t\t<div class=\"elementor-widget-container\">\n\t\t\t\t\t\t\t\t\t<p>&gt; Publications and downloads<\/p>\n\t\t\t\t\t\t\t\t<\/div>\n\t\t\t\t<\/div>\n\t\t\t\t\t<\/div>\n\t\t<\/div>\n\t\t\t\t\t<\/div>\n\t\t<\/section>\n\t\t\t\t\t<\/div>\n\t\t<\/div>\n\t\t\t\t\t<\/div>\n\t\t<\/section>\n\t\t\t\t<section data-particle_enable=\"false\" data-particle-mobile-disabled=\"false\" class=\"elementor-section elementor-top-section elementor-element elementor-element-6b18e62 elementor-section-boxed elementor-section-height-default elementor-section-height-default\" data-id=\"6b18e62\" data-element_type=\"section\" data-e-type=\"section\">\n\t\t\t\t\t\t<div class=\"elementor-container elementor-column-gap-default\">\n\t\t\t\t\t<div class=\"elementor-column elementor-col-100 elementor-top-column elementor-element elementor-element-18dd345\" data-id=\"18dd345\" data-element_type=\"column\" data-e-type=\"column\">\n\t\t\t<div class=\"elementor-widget-wrap elementor-element-populated\">\n\t\t\t\t\t\t<div class=\"elementor-element elementor-element-74c2a40 elementor-widget elementor-widget-heading\" data-id=\"74c2a40\" data-element_type=\"widget\" data-e-type=\"widget\" data-widget_type=\"heading.default\">\n\t\t\t\t<div class=\"elementor-widget-container\">\n\t\t\t\t\t<h2 class=\"elementor-heading-title elementor-size-default\">Downloads<\/h2>\t\t\t\t<\/div>\n\t\t\t\t<\/div>\n\t\t\t\t\t<\/div>\n\t\t<\/div>\n\t\t\t\t\t<\/div>\n\t\t<\/section>\n\t\t\t\t<section data-particle_enable=\"false\" data-particle-mobile-disabled=\"false\" class=\"elementor-section elementor-top-section elementor-element elementor-element-8b373ad elementor-section-boxed elementor-section-height-default elementor-section-height-default\" data-id=\"8b373ad\" data-element_type=\"section\" data-e-type=\"section\">\n\t\t\t\t\t\t<div class=\"elementor-container elementor-column-gap-default\">\n\t\t\t\t\t<div class=\"elementor-column elementor-col-25 elementor-top-column elementor-element elementor-element-48524c2\" data-id=\"48524c2\" data-element_type=\"column\" data-e-type=\"column\">\n\t\t\t<div class=\"elementor-widget-wrap elementor-element-populated\">\n\t\t\t\t\t\t<div class=\"elementor-element elementor-element-043a0e3 dce_masking-none elementor-position-top elementor-widget elementor-widget-image-box\" data-id=\"043a0e3\" data-element_type=\"widget\" data-e-type=\"widget\" data-widget_type=\"image-box.default\">\n\t\t\t\t<div class=\"elementor-widget-container\">\n\t\t\t\t\t<div class=\"elementor-image-box-wrapper\"><figure class=\"elementor-image-box-img\"><a href=\"https:\/\/turismomaestrazgo.org\/wp-content\/uploads\/2023\/06\/mapa_territorio-guerras-carlistas.pdf\" target=\"_blank\" tabindex=\"-1\"><img fetchpriority=\"high\" decoding=\"async\" width=\"1747\" height=\"1747\" src=\"https:\/\/turismomaestrazgo.org\/wp-content\/uploads\/2023\/06\/boton-Mapa.-Territorio.jpg\" class=\"elementor-animation-grow-rotate attachment-full size-full wp-image-28810\" alt=\"\" srcset=\"https:\/\/turismomaestrazgo.org\/wp-content\/uploads\/2023\/06\/boton-Mapa.-Territorio.jpg 1747w, https:\/\/turismomaestrazgo.org\/wp-content\/uploads\/2023\/06\/boton-Mapa.-Territorio-300x300.jpg 300w, https:\/\/turismomaestrazgo.org\/wp-content\/uploads\/2023\/06\/boton-Mapa.-Territorio-1024x1024.jpg 1024w, https:\/\/turismomaestrazgo.org\/wp-content\/uploads\/2023\/06\/boton-Mapa.-Territorio-150x150.jpg 150w, https:\/\/turismomaestrazgo.org\/wp-content\/uploads\/2023\/06\/boton-Mapa.-Territorio-768x768.jpg 768w, https:\/\/turismomaestrazgo.org\/wp-content\/uploads\/2023\/06\/boton-Mapa.-Territorio-1536x1536.jpg 1536w\" sizes=\"(max-width: 1747px) 100vw, 1747px\" \/><\/a><\/figure><div class=\"elementor-image-box-content\"><h3 class=\"elementor-image-box-title\"><a href=\"https:\/\/turismomaestrazgo.org\/wp-content\/uploads\/2023\/06\/mapa_territorio-guerras-carlistas.pdf\" target=\"_blank\">Territory Map <br>Carlist Wars<\/a><\/h3><\/div><\/div>\t\t\t\t<\/div>\n\t\t\t\t<\/div>\n\t\t\t\t\t<\/div>\n\t\t<\/div>\n\t\t\t\t<div class=\"elementor-column elementor-col-25 elementor-top-column elementor-element elementor-element-6e5c90a\" data-id=\"6e5c90a\" data-element_type=\"column\" data-e-type=\"column\">\n\t\t\t<div class=\"elementor-widget-wrap elementor-element-populated\">\n\t\t\t\t\t\t<div class=\"elementor-element elementor-element-5a2b823 dce_masking-none elementor-position-top elementor-widget elementor-widget-image-box\" data-id=\"5a2b823\" data-element_type=\"widget\" data-e-type=\"widget\" data-widget_type=\"image-box.default\">\n\t\t\t\t<div class=\"elementor-widget-container\">\n\t\t\t\t\t<div class=\"elementor-image-box-wrapper\"><figure class=\"elementor-image-box-img\"><a href=\"https:\/\/turismomaestrazgo.org\/wp-content\/uploads\/2023\/06\/tiempos-convulsos.pdf\" target=\"_blank\" tabindex=\"-1\"><img decoding=\"async\" width=\"1181\" height=\"1181\" src=\"https:\/\/turismomaestrazgo.org\/wp-content\/uploads\/2023\/06\/boton-tiempos-covulsos.jpg\" class=\"elementor-animation-grow-rotate attachment-full size-full wp-image-28813\" alt=\"\" srcset=\"https:\/\/turismomaestrazgo.org\/wp-content\/uploads\/2023\/06\/boton-tiempos-covulsos.jpg 1181w, https:\/\/turismomaestrazgo.org\/wp-content\/uploads\/2023\/06\/boton-tiempos-covulsos-300x300.jpg 300w, https:\/\/turismomaestrazgo.org\/wp-content\/uploads\/2023\/06\/boton-tiempos-covulsos-1024x1024.jpg 1024w, https:\/\/turismomaestrazgo.org\/wp-content\/uploads\/2023\/06\/boton-tiempos-covulsos-150x150.jpg 150w, https:\/\/turismomaestrazgo.org\/wp-content\/uploads\/2023\/06\/boton-tiempos-covulsos-768x768.jpg 768w\" sizes=\"(max-width: 1181px) 100vw, 1181px\" \/><\/a><\/figure><div class=\"elementor-image-box-content\"><h3 class=\"elementor-image-box-title\"><a href=\"https:\/\/turismomaestrazgo.org\/wp-content\/uploads\/2023\/06\/tiempos-convulsos.pdf\" target=\"_blank\">Exhibition of<br> turbulent times in<br> Maestrazgo<\/a><\/h3><\/div><\/div>\t\t\t\t<\/div>\n\t\t\t\t<\/div>\n\t\t\t\t\t<\/div>\n\t\t<\/div>\n\t\t\t\t<div class=\"elementor-column elementor-col-25 elementor-top-column elementor-element elementor-element-e45a7b4\" data-id=\"e45a7b4\" data-element_type=\"column\" data-e-type=\"column\">\n\t\t\t<div class=\"elementor-widget-wrap elementor-element-populated\">\n\t\t\t\t\t\t<div class=\"elementor-element elementor-element-33038d0 dce_masking-none elementor-position-top elementor-widget elementor-widget-image-box\" data-id=\"33038d0\" data-element_type=\"widget\" data-e-type=\"widget\" data-widget_type=\"image-box.default\">\n\t\t\t\t<div class=\"elementor-widget-container\">\n\t\t\t\t\t<div class=\"elementor-image-box-wrapper\"><figure class=\"elementor-image-box-img\"><a href=\"https:\/\/turismomaestrazgo.org\/wp-content\/uploads\/2023\/06\/folleto_territorio-guerras-carlistas.pdf\" target=\"_blank\" tabindex=\"-1\"><img decoding=\"async\" width=\"1896\" height=\"1896\" src=\"https:\/\/turismomaestrazgo.org\/wp-content\/uploads\/2023\/06\/boton-Territorio.jpg\" class=\"elementor-animation-grow-rotate attachment-full size-full wp-image-28816\" alt=\"\" srcset=\"https:\/\/turismomaestrazgo.org\/wp-content\/uploads\/2023\/06\/boton-Territorio.jpg 1896w, https:\/\/turismomaestrazgo.org\/wp-content\/uploads\/2023\/06\/boton-Territorio-300x300.jpg 300w, https:\/\/turismomaestrazgo.org\/wp-content\/uploads\/2023\/06\/boton-Territorio-1024x1024.jpg 1024w, https:\/\/turismomaestrazgo.org\/wp-content\/uploads\/2023\/06\/boton-Territorio-150x150.jpg 150w, https:\/\/turismomaestrazgo.org\/wp-content\/uploads\/2023\/06\/boton-Territorio-768x768.jpg 768w, https:\/\/turismomaestrazgo.org\/wp-content\/uploads\/2023\/06\/boton-Territorio-1536x1536.jpg 1536w\" sizes=\"(max-width: 1896px) 100vw, 1896px\" \/><\/a><\/figure><div class=\"elementor-image-box-content\"><h3 class=\"elementor-image-box-title\"><a href=\"https:\/\/turismomaestrazgo.org\/wp-content\/uploads\/2023\/06\/folleto_territorio-guerras-carlistas.pdf\" target=\"_blank\">Territory Brochure <br> Carlist Wars<\/a><\/h3><\/div><\/div>\t\t\t\t<\/div>\n\t\t\t\t<\/div>\n\t\t\t\t\t<\/div>\n\t\t<\/div>\n\t\t\t\t<div class=\"elementor-column elementor-col-25 elementor-top-column elementor-element elementor-element-54c1f2e\" data-id=\"54c1f2e\" data-element_type=\"column\" data-e-type=\"column\">\n\t\t\t<div class=\"elementor-widget-wrap elementor-element-populated\">\n\t\t\t\t\t\t<div class=\"elementor-element elementor-element-4d6ea73 dce_masking-none elementor-position-top elementor-widget elementor-widget-image-box\" data-id=\"4d6ea73\" data-element_type=\"widget\" data-e-type=\"widget\" data-widget_type=\"image-box.default\">\n\t\t\t\t<div class=\"elementor-widget-container\">\n\t\t\t\t\t<div class=\"elementor-image-box-wrapper\"><figure class=\"elementor-image-box-img\"><a href=\"https:\/\/turismomaestrazgo.org\/wp-content\/uploads\/2023\/06\/triptico-MgCC.pdf\" target=\"_blank\" tabindex=\"-1\"><img loading=\"lazy\" decoding=\"async\" width=\"482\" height=\"482\" src=\"https:\/\/turismomaestrazgo.org\/wp-content\/uploads\/2023\/06\/boton-museo.jpg\" class=\"elementor-animation-grow-rotate attachment-full size-full wp-image-28819\" alt=\"\" srcset=\"https:\/\/turismomaestrazgo.org\/wp-content\/uploads\/2023\/06\/boton-museo.jpg 482w, https:\/\/turismomaestrazgo.org\/wp-content\/uploads\/2023\/06\/boton-museo-300x300.jpg 300w, https:\/\/turismomaestrazgo.org\/wp-content\/uploads\/2023\/06\/boton-museo-150x150.jpg 150w\" sizes=\"(max-width: 482px) 100vw, 482px\" \/><\/a><\/figure><div class=\"elementor-image-box-content\"><h3 class=\"elementor-image-box-title\"><a href=\"https:\/\/turismomaestrazgo.org\/wp-content\/uploads\/2023\/06\/triptico-MgCC.pdf\" target=\"_blank\">Carlist Wars <br>Museum leaflet<\/a><\/h3><\/div><\/div>\t\t\t\t<\/div>\n\t\t\t\t<\/div>\n\t\t\t\t\t<\/div>\n\t\t<\/div>\n\t\t\t\t\t<\/div>\n\t\t<\/section>\n\t\t\t\t<section data-particle_enable=\"false\" data-particle-mobile-disabled=\"false\" class=\"elementor-section elementor-top-section elementor-element elementor-element-2b2f2e2 elementor-section-boxed elementor-section-height-default elementor-section-height-default\" data-id=\"2b2f2e2\" data-element_type=\"section\" data-e-type=\"section\">\n\t\t\t\t\t\t<div class=\"elementor-container elementor-column-gap-default\">\n\t\t\t\t\t<div class=\"elementor-column elementor-col-100 elementor-top-column elementor-element elementor-element-3fe61e8\" data-id=\"3fe61e8\" data-element_type=\"column\" data-e-type=\"column\">\n\t\t\t<div class=\"elementor-widget-wrap elementor-element-populated\">\n\t\t\t\t\t\t<div class=\"elementor-element elementor-element-f1c6fcd elementor-widget elementor-widget-spacer\" data-id=\"f1c6fcd\" data-element_type=\"widget\" data-e-type=\"widget\" data-widget_type=\"spacer.default\">\n\t\t\t\t<div class=\"elementor-widget-container\">\n\t\t\t\t\t\t\t<div class=\"elementor-spacer\">\n\t\t\t<div class=\"elementor-spacer-inner\"><\/div>\n\t\t<\/div>\n\t\t\t\t\t\t<\/div>\n\t\t\t\t<\/div>\n\t\t\t\t\t<\/div>\n\t\t<\/div>\n\t\t\t\t\t<\/div>\n\t\t<\/section>\n\t\t\t\t<section data-particle_enable=\"false\" data-particle-mobile-disabled=\"false\" class=\"elementor-section elementor-top-section elementor-element elementor-element-dcc03ca elementor-section-boxed elementor-section-height-default elementor-section-height-default\" data-id=\"dcc03ca\" data-element_type=\"section\" data-e-type=\"section\">\n\t\t\t\t\t\t<div class=\"elementor-container elementor-column-gap-default\">\n\t\t\t\t\t<div class=\"elementor-column elementor-col-100 elementor-top-column elementor-element elementor-element-fce4ba7\" data-id=\"fce4ba7\" data-element_type=\"column\" data-e-type=\"column\">\n\t\t\t<div class=\"elementor-widget-wrap elementor-element-populated\">\n\t\t\t\t\t\t<div data-dce-title-color=\"#ED6625\" class=\"elementor-element elementor-element-40e108c elementor-widget elementor-widget-heading\" data-id=\"40e108c\" data-element_type=\"widget\" data-e-type=\"widget\" data-widget_type=\"heading.default\">\n\t\t\t\t<div class=\"elementor-widget-container\">\n\t\t\t\t\t<h2 class=\"elementor-heading-title elementor-size-default\">Publications <\/h2>\t\t\t\t<\/div>\n\t\t\t\t<\/div>\n\t\t\t\t\t<\/div>\n\t\t<\/div>\n\t\t\t\t\t<\/div>\n\t\t<\/section>\n\t\t\t\t<section data-particle_enable=\"false\" data-particle-mobile-disabled=\"false\" class=\"elementor-section elementor-top-section elementor-element elementor-element-d680001 elementor-section-boxed elementor-section-height-default elementor-section-height-default\" data-id=\"d680001\" data-element_type=\"section\" data-e-type=\"section\">\n\t\t\t\t\t\t<div class=\"elementor-container elementor-column-gap-default\">\n\t\t\t\t\t<div class=\"elementor-column elementor-col-100 elementor-top-column elementor-element elementor-element-3e2e06f\" data-id=\"3e2e06f\" data-element_type=\"column\" data-e-type=\"column\">\n\t\t\t<div class=\"elementor-widget-wrap elementor-element-populated\">\n\t\t\t\t\t\t<div class=\"elementor-element elementor-element-86d26b9 elementor-list-item-link-inline elementor-align-start elementor-icon-list--layout-traditional elementor-widget elementor-widget-icon-list\" data-id=\"86d26b9\" data-element_type=\"widget\" data-e-type=\"widget\" data-widget_type=\"icon-list.default\">\n\t\t\t\t<div class=\"elementor-widget-container\">\n\t\t\t\t\t\t\t<ul class=\"elementor-icon-list-items\">\n\t\t\t\t\t\t\t<li class=\"elementor-icon-list-item\">\n\t\t\t\t\t\t\t\t\t\t\t<a href=\"https:\/\/ifc.dpz.es\/recursos\/publicaciones\/25\/71\/_ebook.pdf\" target=\"_blank\">\n\n\t\t\t\t\t\t\t\t\t\t\t\t<span class=\"elementor-icon-list-icon\">\n\t\t\t\t\t\t\t<i aria-hidden=\"true\" class=\"fas fa-book\"><\/i>\t\t\t\t\t\t<\/span>\n\t\t\t\t\t\t\t\t\t\t<span class=\"elementor-icon-list-text\">Francisco Cabello, Francisco Santa Cruz and Ram\u00f3n Mar\u00eda Temprado, <i>Historia de la guerra \u00faltima en Arag\u00f3n y Valencia<\/i>, Madrid, Printing house of the College of Sordom-Mudos, 1845-1846, 2 vols, edition Instituci\u00f3n Fernando el Cat\u00f3lico, introductory study by Pedro R\u00fajula.<\/span>\n\t\t\t\t\t\t\t\t\t\t\t<\/a>\n\t\t\t\t\t\t\t\t\t<\/li>\n\t\t\t\t\t\t\t\t<li class=\"elementor-icon-list-item\">\n\t\t\t\t\t\t\t\t\t\t\t<a href=\"https:\/\/www.google.es\/books\/edition\/_\/w85TJsSKz50C?hl=es&#038;gbpv=1\" target=\"_blank\">\n\n\t\t\t\t\t\t\t\t\t\t\t\t<span class=\"elementor-icon-list-icon\">\n\t\t\t\t\t\t\t<i aria-hidden=\"true\" class=\"fas fa-book\"><\/i>\t\t\t\t\t\t<\/span>\n\t\t\t\t\t\t\t\t\t\t<span class=\"elementor-icon-list-text\">Wenceslao Ayguals de Izco, <i>El tigre del Maestrazgo, o sea de grumete a general<\/i>, Madrid, Printing house of don Wenceslao Ayguals de Izco, 1846, 2 vols.<\/span>\n\t\t\t\t\t\t\t\t\t\t\t<\/a>\n\t\t\t\t\t\t\t\t\t<\/li>\n\t\t\t\t\t\t\t\t<li class=\"elementor-icon-list-item\">\n\t\t\t\t\t\t\t\t\t\t\t<a href=\"https:\/\/www.google.es\/books\/edition\/Vida_militar_y_pol%C3%ADtica_de_Cabrera\/sPTfAAAAMAAJ?hl=es&#038;gbpv=1&#038;pg=PR1&#038;printsec=frontcover\" target=\"_blank\">\n\n\t\t\t\t\t\t\t\t\t\t\t\t<span class=\"elementor-icon-list-icon\">\n\t\t\t\t\t\t\t<i aria-hidden=\"true\" class=\"fas fa-book\"><\/i>\t\t\t\t\t\t<\/span>\n\t\t\t\t\t\t\t\t\t\t<span class=\"elementor-icon-list-text\">Buenaventura de C\u00f3rdoba, <i>Vida militar y pol\u00edtica de Cabrera<\/i>, Madrid, Printing and foundry of don Eusebio Aguado, 1844-1845, 4 vols.<\/span>\n\t\t\t\t\t\t\t\t\t\t\t<\/a>\n\t\t\t\t\t\t\t\t\t<\/li>\n\t\t\t\t\t\t\t\t<li class=\"elementor-icon-list-item\">\n\t\t\t\t\t\t\t\t\t\t\t<a href=\"https:\/\/www.google.es\/books\/edition\/Vida_y_hechos_de_Ram%C3%B3n_Cabrera_con_usa\/Y3FCAQAAMAAJ?hl=es&#038;gbpv=1&#038;pg=PP2&#038;printsec=frontcover\" target=\"_blank\">\n\n\t\t\t\t\t\t\t\t\t\t\t\t<span class=\"elementor-icon-list-icon\">\n\t\t\t\t\t\t\t<i aria-hidden=\"true\" class=\"fas fa-book\"><\/i>\t\t\t\t\t\t<\/span>\n\t\t\t\t\t\t\t\t\t\t<span class=\"elementor-icon-list-text\">Un emigrado del Maestrazgo, <i>Vida y hechos de Ram\u00f3n Cabrera con una rese\u00f1a de sus principales campa\u00f1as desde noviembre de 1833 hasta el presente<\/i>, Valencia, Oficina de L\u00f3pez, 1839, 2\u00aa.<\/span>\n\t\t\t\t\t\t\t\t\t\t\t<\/a>\n\t\t\t\t\t\t\t\t\t<\/li>\n\t\t\t\t\t\t\t\t<li class=\"elementor-icon-list-item\">\n\t\t\t\t\t\t\t\t\t\t\t<a href=\"https:\/\/www.academia.edu\/42964586\/Contrarrevolucion_realismo_y_Carlismo_en_Aragon_y_el_Maestrazgo_1820_1840\" target=\"_blank\">\n\n\t\t\t\t\t\t\t\t\t\t\t\t<span class=\"elementor-icon-list-icon\">\n\t\t\t\t\t\t\t<i aria-hidden=\"true\" class=\"fas fa-book\"><\/i>\t\t\t\t\t\t<\/span>\n\t\t\t\t\t\t\t\t\t\t<span class=\"elementor-icon-list-text\">Pedro R\u00fajula, <i>Counterrevolution. Realism and Carlism in Aragon and the Maestrazgo region<\/i>, Zaragoza, Zaragoza, Zaragoza University Press, 1998.<\/span>\n\t\t\t\t\t\t\t\t\t\t\t<\/a>\n\t\t\t\t\t\t\t\t\t<\/li>\n\t\t\t\t\t\t<\/ul>\n\t\t\t\t\t\t<\/div>\n\t\t\t\t<\/div>\n\t\t\t\t\t<\/div>\n\t\t<\/div>\n\t\t\t\t\t<\/div>\n\t\t<\/section>\n\t\t\t\t<section data-particle_enable=\"false\" data-particle-mobile-disabled=\"false\" class=\"elementor-section elementor-top-section elementor-element elementor-element-266d25f elementor-section-boxed elementor-section-height-default elementor-section-height-default\" data-id=\"266d25f\" data-element_type=\"section\" data-e-type=\"section\">\n\t\t\t\t\t\t<div class=\"elementor-container elementor-column-gap-default\">\n\t\t\t\t\t<div class=\"elementor-column elementor-col-100 elementor-top-column elementor-element elementor-element-060ca49\" data-id=\"060ca49\" data-element_type=\"column\" data-e-type=\"column\">\n\t\t\t<div class=\"elementor-widget-wrap elementor-element-populated\">\n\t\t\t\t\t\t<div class=\"elementor-element elementor-element-dcd0524 elementor-widget elementor-widget-spacer\" data-id=\"dcd0524\" data-element_type=\"widget\" data-e-type=\"widget\" data-widget_type=\"spacer.default\">\n\t\t\t\t<div class=\"elementor-widget-container\">\n\t\t\t\t\t\t\t<div class=\"elementor-spacer\">\n\t\t\t<div class=\"elementor-spacer-inner\"><\/div>\n\t\t<\/div>\n\t\t\t\t\t\t<\/div>\n\t\t\t\t<\/div>\n\t\t\t\t\t<\/div>\n\t\t<\/div>\n\t\t\t\t\t<\/div>\n\t\t<\/section>\n\t\t\t\t<\/div>\n\t\t","protected":false},"excerpt":{"rendered":"<p>Carlist Wars Territory: home | Publications and downloads &gt; Carlist Wars Territory: home &gt; Publications and downloads Downloads Territory Map Carlist Wars Exhibition of turbulent times in Maestrazgo Territory Brochure [&hellip;]<\/p>\n","protected":false},"author":2,"featured_media":0,"parent":0,"menu_order":0,"comment_status":"closed","ping_status":"closed","template":"","meta":{"_acf_changed":false,"_EventAllDay":false,"_EventTimezone":"","_EventStartDate":"","_EventEndDate":"","_EventStartDateUTC":"","_EventEndDateUTC":"","_EventShowMap":false,"_EventShowMapLink":false,"_EventURL":"","_EventCost":"","_EventCostDescription":"","_EventCurrencySymbol":"","_EventCurrencyCode":"","_EventCurrencyPosition":"","_EventDateTimeSeparator":"","_EventTimeRangeSeparator":"","_EventOrganizerID":[],"_EventVenueID":[],"_OrganizerEmail":"","_OrganizerPhone":"","_OrganizerWebsite":"","_VenueAddress":"","_VenueCity":"","_VenueCountry":"","_VenueProvince":"","_VenueState":"","_VenueZip":"","_VenuePhone":"","_VenueURL":"","_VenueStateProvince":"","_VenueLat":"","_VenueLng":"","_VenueShowMap":false,"_VenueShowMapLink":false,"footnotes":""},"class_list":["post-28959","page","type-page","status-publish","hentry"],"acf":[],"_links":{"self":[{"href":"https:\/\/turismomaestrazgo.org\/en\/wp-json\/wp\/v2\/pages\/28959","targetHints":{"allow":["GET"]}}],"collection":[{"href":"https:\/\/turismomaestrazgo.org\/en\/wp-json\/wp\/v2\/pages"}],"about":[{"href":"https:\/\/turismomaestrazgo.org\/en\/wp-json\/wp\/v2\/types\/page"}],"author":[{"embeddable":true,"href":"https:\/\/turismomaestrazgo.org\/en\/wp-json\/wp\/v2\/users\/2"}],"replies":[{"embeddable":true,"href":"https:\/\/turismomaestrazgo.org\/en\/wp-json\/wp\/v2\/comments?post=28959"}],"version-history":[{"count":0,"href":"https:\/\/turismomaestrazgo.org\/en\/wp-json\/wp\/v2\/pages\/28959\/revisions"}],"wp:attachment":[{"href":"https:\/\/turismomaestrazgo.org\/en\/wp-json\/wp\/v2\/media?parent=28959"}],"curies":[{"name":"wp","href":"https:\/\/api.w.org\/{rel}","templated":true}]}}