{"id":32525,"date":"2024-09-09T13:43:23","date_gmt":"2024-09-09T11:43:23","guid":{"rendered":"https:\/\/turismomaestrazgo.org\/the-memory-cabin-de-tronchon\/"},"modified":"2025-02-28T08:35:05","modified_gmt":"2025-02-28T07:35:05","slug":"the-memory-cabin-de-tronchon","status":"publish","type":"page","link":"https:\/\/turismomaestrazgo.org\/en\/the-memory-cabin-de-tronchon\/","title":{"rendered":"The memory cabin &#8211; De Tronch\u00f3n"},"content":{"rendered":"\t\t<div data-elementor-type=\"wp-page\" data-elementor-id=\"32525\" class=\"elementor elementor-32525 elementor-30716\" data-elementor-post-type=\"page\">\n\t\t\t\t\t\t<section data-particle_enable=\"false\" data-particle-mobile-disabled=\"false\" class=\"elementor-section elementor-top-section elementor-element elementor-element-582d2e0 elementor-section-boxed elementor-section-height-default elementor-section-height-default\" data-id=\"582d2e0\" data-element_type=\"section\" data-e-type=\"section\">\n\t\t\t\t\t\t<div class=\"elementor-container elementor-column-gap-default\">\n\t\t\t\t\t<div class=\"elementor-column elementor-col-100 elementor-top-column elementor-element elementor-element-574b4cf\" data-id=\"574b4cf\" data-element_type=\"column\" data-e-type=\"column\">\n\t\t\t<div class=\"elementor-widget-wrap elementor-element-populated\">\n\t\t\t\t\t\t<div class=\"elementor-element elementor-element-ecbce7c elementor-widget elementor-widget-spacer\" data-id=\"ecbce7c\" data-element_type=\"widget\" data-e-type=\"widget\" data-widget_type=\"spacer.default\">\n\t\t\t\t<div class=\"elementor-widget-container\">\n\t\t\t\t\t\t\t<div class=\"elementor-spacer\">\n\t\t\t<div class=\"elementor-spacer-inner\"><\/div>\n\t\t<\/div>\n\t\t\t\t\t\t<\/div>\n\t\t\t\t<\/div>\n\t\t\t\t<div data-dce-text-color=\"#E4A732\" class=\"elementor-element elementor-element-0cfb836 elementor-icon-list--layout-traditional elementor-list-item-link-full_width elementor-widget elementor-widget-icon-list\" data-id=\"0cfb836\" data-element_type=\"widget\" data-e-type=\"widget\" data-widget_type=\"icon-list.default\">\n\t\t\t\t<div class=\"elementor-widget-container\">\n\t\t\t\t\t\t\t<ul class=\"elementor-icon-list-items\">\n\t\t\t\t\t\t\t<li class=\"elementor-icon-list-item\">\n\t\t\t\t\t\t\t\t\t\t\t<a href=\"https:\/\/turismomaestrazgo.org\/en\/from-tronchon\/\">\n\n\t\t\t\t\t\t\t\t\t\t\t\t<span class=\"elementor-icon-list-icon\">\n\t\t\t\t\t\t\t<i aria-hidden=\"true\" class=\"fas fa-angle-left\"><\/i>\t\t\t\t\t\t<\/span>\n\t\t\t\t\t\t\t\t\t\t<span class=\"elementor-icon-list-text\">  From Tronch\u00f3n<\/span>\n\t\t\t\t\t\t\t\t\t\t\t<\/a>\n\t\t\t\t\t\t\t\t\t<\/li>\n\t\t\t\t\t\t<\/ul>\n\t\t\t\t\t\t<\/div>\n\t\t\t\t<\/div>\n\t\t\t\t\t<\/div>\n\t\t<\/div>\n\t\t\t\t\t<\/div>\n\t\t<\/section>\n\t\t\t\t<section data-particle_enable=\"false\" data-particle-mobile-disabled=\"false\" class=\"elementor-section elementor-top-section elementor-element elementor-element-f2b45e1 elementor-section-boxed elementor-section-height-default elementor-section-height-default\" data-id=\"f2b45e1\" data-element_type=\"section\" data-e-type=\"section\">\n\t\t\t\t\t\t<div class=\"elementor-container elementor-column-gap-default\">\n\t\t\t\t\t<div class=\"elementor-column elementor-col-50 elementor-top-column elementor-element elementor-element-479144f\" data-id=\"479144f\" data-element_type=\"column\" data-e-type=\"column\">\n\t\t\t<div class=\"elementor-widget-wrap elementor-element-populated\">\n\t\t\t\t\t\t<div class=\"elementor-element elementor-element-44cc27e elementor-widget elementor-widget-heading\" data-id=\"44cc27e\" data-element_type=\"widget\" data-e-type=\"widget\" data-widget_type=\"heading.default\">\n\t\t\t\t<div class=\"elementor-widget-container\">\n\t\t\t\t\t<h2 class=\"elementor-heading-title elementor-size-default\">The memory cabin - De Tronch\u00f3n<\/h2>\t\t\t\t<\/div>\n\t\t\t\t<\/div>\n\t\t\t\t<div class=\"elementor-element elementor-element-1fca0a3 elementor-widget elementor-widget-text-editor\" data-id=\"1fca0a3\" data-element_type=\"widget\" data-e-type=\"widget\" data-widget_type=\"text-editor.default\">\n\t\t\t\t<div class=\"elementor-widget-container\">\n\t\t\t\t\t\t\t\t\t<p>Tronch\u00f3n is a true time capsule. Its monuments have seen century after century go by and its people preserve in their memory valuable memories of a traditional way of life that has already disappeared, but which represents a whole intangible cultural heritage. In the place where you can park your car before visiting Tronch\u00f3n, you will be surprised by the existence of an old telephone booth converted into La Cabina de la Memoria. Once inside it, you will be able to access a digital mailbox where you can leave your own memories so that Tronch\u00f3n will keep them for you and, in turn, you will be able to take memories of the neighbors of Tronch\u00f3n.   <\/p>\n\t\t\t\t\t\t\t\t<\/div>\n\t\t\t\t<\/div>\n\t\t\t\t<div class=\"elementor-element elementor-element-785740b elementor-widget elementor-widget-button\" data-id=\"785740b\" data-element_type=\"widget\" data-e-type=\"widget\" data-widget_type=\"button.default\">\n\t\t\t\t<div class=\"elementor-widget-container\">\n\t\t\t\t\t\t\t\t\t<div class=\"elementor-button-wrapper\">\n\t\t\t\t\t<a class=\"elementor-button elementor-button-link elementor-size-sm\" href=\"https:\/\/turismomaestrazgo.org\/wp-content\/uploads\/2024\/11\/Postales-Cabina-de-la-memoria.pdf\">\n\t\t\t\t\t\t<span class=\"elementor-button-content-wrapper\">\n\t\t\t\t\t\t\t\t\t<span class=\"elementor-button-text\">DESCARGA RECUERDOS DE LOS VECINOS DE TRONCH\u00d3N<\/span>\n\t\t\t\t\t<\/span>\n\t\t\t\t\t<\/a>\n\t\t\t\t<\/div>\n\t\t\t\t\t\t\t\t<\/div>\n\t\t\t\t<\/div>\n\t\t\t\t\t<\/div>\n\t\t<\/div>\n\t\t\t\t<div class=\"elementor-column elementor-col-50 elementor-top-column elementor-element elementor-element-9887998\" data-id=\"9887998\" data-element_type=\"column\" data-e-type=\"column\">\n\t\t\t<div class=\"elementor-widget-wrap elementor-element-populated\">\n\t\t\t\t\t\t<div class=\"elementor-element elementor-element-7c50ddf dce_masking-none elementor-widget elementor-widget-image\" data-id=\"7c50ddf\" data-element_type=\"widget\" data-e-type=\"widget\" data-widget_type=\"image.default\">\n\t\t\t\t<div class=\"elementor-widget-container\">\n\t\t\t\t\t\t\t\t\t\t\t\t\t\t\t<img fetchpriority=\"high\" decoding=\"async\" width=\"800\" height=\"534\" src=\"https:\/\/turismomaestrazgo.org\/wp-content\/uploads\/2024\/12\/Cabina-de-la-memoria-1-1024x683.jpg\" class=\"attachment-large size-large wp-image-33361\" alt=\"\" srcset=\"https:\/\/turismomaestrazgo.org\/wp-content\/uploads\/2024\/12\/Cabina-de-la-memoria-1-1024x683.jpg 1024w, https:\/\/turismomaestrazgo.org\/wp-content\/uploads\/2024\/12\/Cabina-de-la-memoria-1-300x200.jpg 300w, https:\/\/turismomaestrazgo.org\/wp-content\/uploads\/2024\/12\/Cabina-de-la-memoria-1-768x512.jpg 768w, https:\/\/turismomaestrazgo.org\/wp-content\/uploads\/2024\/12\/Cabina-de-la-memoria-1-1536x1024.jpg 1536w, https:\/\/turismomaestrazgo.org\/wp-content\/uploads\/2024\/12\/Cabina-de-la-memoria-1-2048x1365.jpg 2048w\" sizes=\"(max-width: 800px) 100vw, 800px\" \/>\t\t\t\t\t\t\t\t\t\t\t\t\t\t\t<\/div>\n\t\t\t\t<\/div>\n\t\t\t\t\t<\/div>\n\t\t<\/div>\n\t\t\t\t\t<\/div>\n\t\t<\/section>\n\t\t\t\t<section data-particle_enable=\"false\" data-particle-mobile-disabled=\"false\" class=\"elementor-section elementor-top-section elementor-element elementor-element-697dc43 elementor-section-boxed elementor-section-height-default elementor-section-height-default\" data-id=\"697dc43\" data-element_type=\"section\" data-e-type=\"section\">\n\t\t\t\t\t\t<div class=\"elementor-container elementor-column-gap-default\">\n\t\t\t\t\t<div class=\"elementor-column elementor-col-100 elementor-top-column elementor-element elementor-element-7199a2a\" data-id=\"7199a2a\" data-element_type=\"column\" data-e-type=\"column\">\n\t\t\t<div class=\"elementor-widget-wrap elementor-element-populated\">\n\t\t\t\t\t\t<div class=\"elementor-element elementor-element-12c51fe elementor-widget elementor-widget-spacer\" data-id=\"12c51fe\" data-element_type=\"widget\" data-e-type=\"widget\" data-widget_type=\"spacer.default\">\n\t\t\t\t<div class=\"elementor-widget-container\">\n\t\t\t\t\t\t\t<div class=\"elementor-spacer\">\n\t\t\t<div class=\"elementor-spacer-inner\"><\/div>\n\t\t<\/div>\n\t\t\t\t\t\t<\/div>\n\t\t\t\t<\/div>\n\t\t\t\t<div data-dce-advanced-background-color=\"#E4A732\" class=\"elementor-element elementor-element-1e6d06a elementor-cta--skin-cover elementor-animated-content elementor-bg-transform elementor-bg-transform-zoom-in elementor-widget elementor-widget-call-to-action\" data-id=\"1e6d06a\" data-element_type=\"widget\" data-e-type=\"widget\" data-widget_type=\"call-to-action.default\">\n\t\t\t\t<div class=\"elementor-widget-container\">\n\t\t\t\t\t\t\t<div class=\"elementor-cta\">\n\t\t\t\t\t<div class=\"elementor-cta__bg-wrapper\">\n\t\t\t\t<div class=\"elementor-cta__bg elementor-bg\" style=\"background-image: url(https:\/\/turismomaestrazgo.org\/wp-content\/uploads\/2024\/11\/Tronchon-baja-con-color60-1024x300.jpg);\" role=\"img\" aria-label=\"Troncho\u0301n baja con color(60)\"><\/div>\n\t\t\t\t<div class=\"elementor-cta__bg-overlay\"><\/div>\n\t\t\t<\/div>\n\t\t\t\t\t\t\t<div class=\"elementor-cta__content\">\n\t\t\t\t\t\t\t\t\t<div class=\"elementor-content-item elementor-cta__content-item elementor-icon-wrapper elementor-cta__icon elementor-view-default elementor-animated-item--grow\">\n\t\t\t\t\t\t<div class=\"elementor-icon\">\n\t\t\t\t\t\t\t<i aria-hidden=\"true\" class=\"fas fa-comment-dots\"><\/i>\t\t\t\t\t\t<\/div>\n\t\t\t\t\t<\/div>\n\t\t\t\t\n\t\t\t\t\t\t\t\t\t<h2 class=\"elementor-cta__title elementor-cta__content-item elementor-content-item elementor-animated-item--grow\">\n\t\t\t\t\t\tLeave us your memories\t\t\t\t\t<\/h2>\n\t\t\t\t\n\t\t\t\t\n\t\t\t\t\t\t\t\t\t<div class=\"elementor-cta__button-wrapper elementor-cta__content-item elementor-content-item elementor-animated-item--grow\">\n\t\t\t\t\t<a class=\"elementor-cta__button elementor-button elementor-size-\" href=\"https:\/\/turismomaestrazgo.org\/en\/digital-mailbox-from-tronchon\/\">\n\t\t\t\t\t\tDigital Mailbox\t\t\t\t\t<\/a>\n\t\t\t\t\t<\/div>\n\t\t\t\t\t\t\t<\/div>\n\t\t\t\t\t\t<\/div>\n\t\t\t\t\t\t<\/div>\n\t\t\t\t<\/div>\n\t\t\t\t\t<\/div>\n\t\t<\/div>\n\t\t\t\t\t<\/div>\n\t\t<\/section>\n\t\t\t\t<section data-particle_enable=\"false\" data-particle-mobile-disabled=\"false\" class=\"elementor-section elementor-top-section elementor-element elementor-element-f326021 elementor-section-boxed elementor-section-height-default elementor-section-height-default\" data-id=\"f326021\" data-element_type=\"section\" data-e-type=\"section\">\n\t\t\t\t\t\t<div class=\"elementor-container elementor-column-gap-default\">\n\t\t\t\t\t<div class=\"elementor-column elementor-col-100 elementor-top-column elementor-element elementor-element-5143a24\" data-id=\"5143a24\" data-element_type=\"column\" data-e-type=\"column\">\n\t\t\t<div class=\"elementor-widget-wrap elementor-element-populated\">\n\t\t\t\t\t\t<div class=\"elementor-element elementor-element-a455220 elementor-widget elementor-widget-spacer\" data-id=\"a455220\" data-element_type=\"widget\" data-e-type=\"widget\" data-widget_type=\"spacer.default\">\n\t\t\t\t<div class=\"elementor-widget-container\">\n\t\t\t\t\t\t\t<div class=\"elementor-spacer\">\n\t\t\t<div class=\"elementor-spacer-inner\"><\/div>\n\t\t<\/div>\n\t\t\t\t\t\t<\/div>\n\t\t\t\t<\/div>\n\t\t\t\t\t<\/div>\n\t\t<\/div>\n\t\t\t\t\t<\/div>\n\t\t<\/section>\n\t\t\t\t<section data-particle_enable=\"false\" data-particle-mobile-disabled=\"false\" class=\"elementor-section elementor-top-section elementor-element elementor-element-c40c983 elementor-section-content-bottom elementor-section-boxed elementor-section-height-default elementor-section-height-default\" data-id=\"c40c983\" data-element_type=\"section\" data-e-type=\"section\" data-settings=\"{&quot;background_background&quot;:&quot;classic&quot;}\">\n\t\t\t\t\t\t<div class=\"elementor-container elementor-column-gap-default\">\n\t\t\t\t\t<div class=\"elementor-column elementor-col-100 elementor-top-column elementor-element elementor-element-61b3ae5\" data-id=\"61b3ae5\" data-element_type=\"column\" data-e-type=\"column\">\n\t\t\t<div class=\"elementor-widget-wrap elementor-element-populated\">\n\t\t\t\t\t\t<div class=\"elementor-element elementor-element-d07ae0e elementor-widget elementor-widget-spacer\" data-id=\"d07ae0e\" data-element_type=\"widget\" data-e-type=\"widget\" data-widget_type=\"spacer.default\">\n\t\t\t\t<div class=\"elementor-widget-container\">\n\t\t\t\t\t\t\t<div class=\"elementor-spacer\">\n\t\t\t<div class=\"elementor-spacer-inner\"><\/div>\n\t\t<\/div>\n\t\t\t\t\t\t<\/div>\n\t\t\t\t<\/div>\n\t\t\t\t<div class=\"elementor-element elementor-element-03b9136 elementor-widget elementor-widget-heading\" data-id=\"03b9136\" data-element_type=\"widget\" data-e-type=\"widget\" data-widget_type=\"heading.default\">\n\t\t\t\t<div class=\"elementor-widget-container\">\n\t\t\t\t\t<h2 class=\"elementor-heading-title elementor-size-default\">Gallery<\/h2>\t\t\t\t<\/div>\n\t\t\t\t<\/div>\n\t\t\t\t<div data-dce-title-color=\"#E4A732\" class=\"elementor-element elementor-element-bd0fe2d elementor-widget elementor-widget-gallery\" data-id=\"bd0fe2d\" data-element_type=\"widget\" data-e-type=\"widget\" data-settings=\"{&quot;columns&quot;:3,&quot;gap&quot;:{&quot;unit&quot;:&quot;px&quot;,&quot;size&quot;:30,&quot;sizes&quot;:[]},&quot;overlay_title&quot;:&quot;caption&quot;,&quot;aspect_ratio&quot;:&quot;4:3&quot;,&quot;lazyload&quot;:&quot;yes&quot;,&quot;gallery_layout&quot;:&quot;grid&quot;,&quot;columns_tablet&quot;:2,&quot;columns_mobile&quot;:1,&quot;gap_tablet&quot;:{&quot;unit&quot;:&quot;px&quot;,&quot;size&quot;:10,&quot;sizes&quot;:[]},&quot;gap_mobile&quot;:{&quot;unit&quot;:&quot;px&quot;,&quot;size&quot;:10,&quot;sizes&quot;:[]},&quot;link_to&quot;:&quot;file&quot;,&quot;overlay_background&quot;:&quot;yes&quot;,&quot;content_hover_animation&quot;:&quot;fade-in&quot;}\" data-widget_type=\"gallery.default\">\n\t\t\t\t<div class=\"elementor-widget-container\">\n\t\t\t\t\t\t\t<div class=\"elementor-gallery__container\">\n\t\t\t\t\t\t\t<a class=\"e-gallery-item elementor-gallery-item elementor-animated-content\" href=\"https:\/\/turismomaestrazgo.org\/wp-content\/uploads\/2025\/01\/Cabina-de-la-memoria-1-scaled.jpg\" data-elementor-open-lightbox=\"yes\" data-elementor-lightbox-slideshow=\"bd0fe2d\" data-elementor-lightbox-title=\"Cabina de la memoria (1)\" data-e-action-hash=\"#elementor-action%3Aaction%3Dlightbox%26settings%3DeyJpZCI6MzM1NDcsInVybCI6Imh0dHBzOlwvXC90dXJpc21vbWFlc3RyYXpnby5vcmdcL3dwLWNvbnRlbnRcL3VwbG9hZHNcLzIwMjVcLzAxXC9DYWJpbmEtZGUtbGEtbWVtb3JpYS0xLXNjYWxlZC5qcGciLCJzbGlkZXNob3ciOiJiZDBmZTJkIn0%3D\">\n\t\t\t\t\t<div class=\"e-gallery-image elementor-gallery-item__image\" data-thumbnail=\"https:\/\/turismomaestrazgo.org\/wp-content\/uploads\/2025\/01\/Cabina-de-la-memoria-1-1536x1024.jpg\" data-width=\"1536\" data-height=\"1024\" aria-label=\"\" role=\"img\" ><\/div>\n\t\t\t\t\t\t\t\t\t\t\t<div class=\"elementor-gallery-item__overlay\"><\/div>\n\t\t\t\t\t\t\t\t\t\t\t\t\t\t\t<div class=\"elementor-gallery-item__content\">\n\t\t\t\t\t\t\t\t\t\t\t<\/div>\n\t\t\t\t\t\t\t\t\t<\/a>\n\t\t\t\t\t\t\t<a class=\"e-gallery-item elementor-gallery-item elementor-animated-content\" href=\"https:\/\/turismomaestrazgo.org\/wp-content\/uploads\/2025\/01\/Cabina-de-la-memoria-3-scaled.jpg\" data-elementor-open-lightbox=\"yes\" data-elementor-lightbox-slideshow=\"bd0fe2d\" data-elementor-lightbox-title=\"Cabina de la memoria (3)\" data-e-action-hash=\"#elementor-action%3Aaction%3Dlightbox%26settings%3DeyJpZCI6MzM1NTAsInVybCI6Imh0dHBzOlwvXC90dXJpc21vbWFlc3RyYXpnby5vcmdcL3dwLWNvbnRlbnRcL3VwbG9hZHNcLzIwMjVcLzAxXC9DYWJpbmEtZGUtbGEtbWVtb3JpYS0zLXNjYWxlZC5qcGciLCJzbGlkZXNob3ciOiJiZDBmZTJkIn0%3D\">\n\t\t\t\t\t<div class=\"e-gallery-image elementor-gallery-item__image\" data-thumbnail=\"https:\/\/turismomaestrazgo.org\/wp-content\/uploads\/2025\/01\/Cabina-de-la-memoria-3-1024x1536.jpg\" data-width=\"1024\" data-height=\"1536\" aria-label=\"\" role=\"img\" ><\/div>\n\t\t\t\t\t\t\t\t\t\t\t<div class=\"elementor-gallery-item__overlay\"><\/div>\n\t\t\t\t\t\t\t\t\t\t\t\t\t\t\t<div class=\"elementor-gallery-item__content\">\n\t\t\t\t\t\t\t\t\t\t\t<\/div>\n\t\t\t\t\t\t\t\t\t<\/a>\n\t\t\t\t\t\t\t<a class=\"e-gallery-item elementor-gallery-item elementor-animated-content\" href=\"https:\/\/turismomaestrazgo.org\/wp-content\/uploads\/2025\/01\/Cabina-de-la-memoria-6-scaled.jpg\" data-elementor-open-lightbox=\"yes\" data-elementor-lightbox-slideshow=\"bd0fe2d\" data-elementor-lightbox-title=\"Cabina de la memoria (6)\" data-e-action-hash=\"#elementor-action%3Aaction%3Dlightbox%26settings%3DeyJpZCI6MzM1NTYsInVybCI6Imh0dHBzOlwvXC90dXJpc21vbWFlc3RyYXpnby5vcmdcL3dwLWNvbnRlbnRcL3VwbG9hZHNcLzIwMjVcLzAxXC9DYWJpbmEtZGUtbGEtbWVtb3JpYS02LXNjYWxlZC5qcGciLCJzbGlkZXNob3ciOiJiZDBmZTJkIn0%3D\">\n\t\t\t\t\t<div class=\"e-gallery-image elementor-gallery-item__image\" data-thumbnail=\"https:\/\/turismomaestrazgo.org\/wp-content\/uploads\/2025\/01\/Cabina-de-la-memoria-6-1536x1024.jpg\" data-width=\"1536\" data-height=\"1024\" aria-label=\"\" role=\"img\" ><\/div>\n\t\t\t\t\t\t\t\t\t\t\t<div class=\"elementor-gallery-item__overlay\"><\/div>\n\t\t\t\t\t\t\t\t\t\t\t\t\t\t\t<div class=\"elementor-gallery-item__content\">\n\t\t\t\t\t\t\t\t\t\t\t<\/div>\n\t\t\t\t\t\t\t\t\t<\/a>\n\t\t\t\t\t\t\t<a class=\"e-gallery-item elementor-gallery-item elementor-animated-content\" href=\"https:\/\/turismomaestrazgo.org\/wp-content\/uploads\/2025\/01\/Cabina-de-la-memoria-8-scaled.jpg\" data-elementor-open-lightbox=\"yes\" data-elementor-lightbox-slideshow=\"bd0fe2d\" data-elementor-lightbox-title=\"Cabina de la memoria (8)\" data-e-action-hash=\"#elementor-action%3Aaction%3Dlightbox%26settings%3DeyJpZCI6MzM1NTksInVybCI6Imh0dHBzOlwvXC90dXJpc21vbWFlc3RyYXpnby5vcmdcL3dwLWNvbnRlbnRcL3VwbG9hZHNcLzIwMjVcLzAxXC9DYWJpbmEtZGUtbGEtbWVtb3JpYS04LXNjYWxlZC5qcGciLCJzbGlkZXNob3ciOiJiZDBmZTJkIn0%3D\">\n\t\t\t\t\t<div class=\"e-gallery-image elementor-gallery-item__image\" data-thumbnail=\"https:\/\/turismomaestrazgo.org\/wp-content\/uploads\/2025\/01\/Cabina-de-la-memoria-8-1536x1024.jpg\" data-width=\"1536\" data-height=\"1024\" aria-label=\"\" role=\"img\" ><\/div>\n\t\t\t\t\t\t\t\t\t\t\t<div class=\"elementor-gallery-item__overlay\"><\/div>\n\t\t\t\t\t\t\t\t\t\t\t\t\t\t\t<div class=\"elementor-gallery-item__content\">\n\t\t\t\t\t\t\t\t\t\t\t<\/div>\n\t\t\t\t\t\t\t\t\t<\/a>\n\t\t\t\t\t\t\t<a class=\"e-gallery-item elementor-gallery-item elementor-animated-content\" href=\"https:\/\/turismomaestrazgo.org\/wp-content\/uploads\/2025\/01\/Cabina-de-la-memoria-13-scaled.jpg\" data-elementor-open-lightbox=\"yes\" data-elementor-lightbox-slideshow=\"bd0fe2d\" data-elementor-lightbox-title=\"Cabina de la memoria (13)\" data-e-action-hash=\"#elementor-action%3Aaction%3Dlightbox%26settings%3DeyJpZCI6MzM1NjIsInVybCI6Imh0dHBzOlwvXC90dXJpc21vbWFlc3RyYXpnby5vcmdcL3dwLWNvbnRlbnRcL3VwbG9hZHNcLzIwMjVcLzAxXC9DYWJpbmEtZGUtbGEtbWVtb3JpYS0xMy1zY2FsZWQuanBnIiwic2xpZGVzaG93IjoiYmQwZmUyZCJ9\">\n\t\t\t\t\t<div class=\"e-gallery-image elementor-gallery-item__image\" data-thumbnail=\"https:\/\/turismomaestrazgo.org\/wp-content\/uploads\/2025\/01\/Cabina-de-la-memoria-13-1536x1024.jpg\" data-width=\"1536\" data-height=\"1024\" aria-label=\"\" role=\"img\" ><\/div>\n\t\t\t\t\t\t\t\t\t\t\t<div class=\"elementor-gallery-item__overlay\"><\/div>\n\t\t\t\t\t\t\t\t\t\t\t\t\t\t\t<div class=\"elementor-gallery-item__content\">\n\t\t\t\t\t\t\t\t\t\t\t<\/div>\n\t\t\t\t\t\t\t\t\t<\/a>\n\t\t\t\t\t\t\t<a class=\"e-gallery-item elementor-gallery-item elementor-animated-content\" href=\"https:\/\/turismomaestrazgo.org\/wp-content\/uploads\/2025\/01\/Cabina-de-la-memoria-10-scaled.jpg\" data-elementor-open-lightbox=\"yes\" data-elementor-lightbox-slideshow=\"bd0fe2d\" data-elementor-lightbox-title=\"Cabina de la memoria (10)\" data-e-action-hash=\"#elementor-action%3Aaction%3Dlightbox%26settings%3DeyJpZCI6MzM1NjUsInVybCI6Imh0dHBzOlwvXC90dXJpc21vbWFlc3RyYXpnby5vcmdcL3dwLWNvbnRlbnRcL3VwbG9hZHNcLzIwMjVcLzAxXC9DYWJpbmEtZGUtbGEtbWVtb3JpYS0xMC1zY2FsZWQuanBnIiwic2xpZGVzaG93IjoiYmQwZmUyZCJ9\">\n\t\t\t\t\t<div class=\"e-gallery-image elementor-gallery-item__image\" data-thumbnail=\"https:\/\/turismomaestrazgo.org\/wp-content\/uploads\/2025\/01\/Cabina-de-la-memoria-10-1536x1024.jpg\" data-width=\"1536\" data-height=\"1024\" aria-label=\"\" role=\"img\" ><\/div>\n\t\t\t\t\t\t\t\t\t\t\t<div class=\"elementor-gallery-item__overlay\"><\/div>\n\t\t\t\t\t\t\t\t\t\t\t\t\t\t\t<div class=\"elementor-gallery-item__content\">\n\t\t\t\t\t\t\t\t\t\t\t<\/div>\n\t\t\t\t\t\t\t\t\t<\/a>\n\t\t\t\t\t<\/div>\n\t\t\t\t\t<\/div>\n\t\t\t\t<\/div>\n\t\t\t\t<div class=\"elementor-element elementor-element-81905c7 elementor-widget elementor-widget-spacer\" data-id=\"81905c7\" data-element_type=\"widget\" data-e-type=\"widget\" data-widget_type=\"spacer.default\">\n\t\t\t\t<div class=\"elementor-widget-container\">\n\t\t\t\t\t\t\t<div class=\"elementor-spacer\">\n\t\t\t<div class=\"elementor-spacer-inner\"><\/div>\n\t\t<\/div>\n\t\t\t\t\t\t<\/div>\n\t\t\t\t<\/div>\n\t\t\t\t\t<\/div>\n\t\t<\/div>\n\t\t\t\t\t<\/div>\n\t\t<\/section>\n\t\t\t\t<\/div>\n\t\t","protected":false},"excerpt":{"rendered":"<p>From Tronch\u00f3n The memory cabin &#8211; De Tronch\u00f3n Tronch\u00f3n is a true time capsule. Its monuments have seen century after century go by and its people preserve in their memory [&hellip;]<\/p>\n","protected":false},"author":2,"featured_media":0,"parent":0,"menu_order":0,"comment_status":"closed","ping_status":"closed","template":"","meta":{"_acf_changed":false,"_EventAllDay":false,"_EventTimezone":"","_EventStartDate":"","_EventEndDate":"","_EventStartDateUTC":"","_EventEndDateUTC":"","_EventShowMap":false,"_EventShowMapLink":false,"_EventURL":"","_EventCost":"","_EventCostDescription":"","_EventCurrencySymbol":"","_EventCurrencyCode":"","_EventCurrencyPosition":"","_EventDateTimeSeparator":"","_EventTimeRangeSeparator":"","_EventOrganizerID":[],"_EventVenueID":[],"_OrganizerEmail":"","_OrganizerPhone":"","_OrganizerWebsite":"","_VenueAddress":"","_VenueCity":"","_VenueCountry":"","_VenueProvince":"","_VenueState":"","_VenueZip":"","_VenuePhone":"","_VenueURL":"","_VenueStateProvince":"","_VenueLat":"","_VenueLng":"","_VenueShowMap":false,"_VenueShowMapLink":false,"footnotes":""},"class_list":["post-32525","page","type-page","status-publish","hentry"],"acf":[],"_links":{"self":[{"href":"https:\/\/turismomaestrazgo.org\/en\/wp-json\/wp\/v2\/pages\/32525","targetHints":{"allow":["GET"]}}],"collection":[{"href":"https:\/\/turismomaestrazgo.org\/en\/wp-json\/wp\/v2\/pages"}],"about":[{"href":"https:\/\/turismomaestrazgo.org\/en\/wp-json\/wp\/v2\/types\/page"}],"author":[{"embeddable":true,"href":"https:\/\/turismomaestrazgo.org\/en\/wp-json\/wp\/v2\/users\/2"}],"replies":[{"embeddable":true,"href":"https:\/\/turismomaestrazgo.org\/en\/wp-json\/wp\/v2\/comments?post=32525"}],"version-history":[{"count":3,"href":"https:\/\/turismomaestrazgo.org\/en\/wp-json\/wp\/v2\/pages\/32525\/revisions"}],"predecessor-version":[{"id":33771,"href":"https:\/\/turismomaestrazgo.org\/en\/wp-json\/wp\/v2\/pages\/32525\/revisions\/33771"}],"wp:attachment":[{"href":"https:\/\/turismomaestrazgo.org\/en\/wp-json\/wp\/v2\/media?parent=32525"}],"curies":[{"name":"wp","href":"https:\/\/api.w.org\/{rel}","templated":true}]}}