{"id":18717,"date":"2021-03-18T18:09:32","date_gmt":"2021-03-18T17:09:32","guid":{"rendered":"https:\/\/turismomaestrazgo.org\/randonnee-pedestre\/"},"modified":"2022-08-03T14:43:41","modified_gmt":"2022-08-03T14:43:41","slug":"randonnee-pedestre","status":"publish","type":"page","link":"https:\/\/turismomaestrazgo.org\/fr\/maestrazgo\/tourisme-actif\/randonnee-pedestre\/","title":{"rendered":"Randonn\u00e9e p\u00e9destre"},"content":{"rendered":"\t\t<div data-elementor-type=\"wp-page\" data-elementor-id=\"18717\" class=\"elementor elementor-18717 elementor-861\" data-elementor-post-type=\"page\">\n\t\t\t\t\t\t<section data-particle_enable=\"false\" data-particle-mobile-disabled=\"false\" class=\"elementor-section elementor-top-section elementor-element elementor-element-3b688dd elementor-section-boxed elementor-section-height-default elementor-section-height-default\" data-id=\"3b688dd\" data-element_type=\"section\" data-e-type=\"section\">\n\t\t\t\t\t\t<div class=\"elementor-container elementor-column-gap-default\">\n\t\t\t\t\t<div class=\"elementor-column elementor-col-100 elementor-top-column elementor-element elementor-element-6471ddd\" data-id=\"6471ddd\" data-element_type=\"column\" data-e-type=\"column\">\n\t\t\t<div class=\"elementor-widget-wrap elementor-element-populated\">\n\t\t\t\t\t\t<div class=\"elementor-element elementor-element-9b30167 elementor-widget elementor-widget-dce-breadcrumbs\" data-id=\"9b30167\" data-element_type=\"widget\" data-e-type=\"widget\" data-widget_type=\"dce-breadcrumbs.default\">\n\t\t\t\t<div class=\"elementor-widget-container\">\n\t\t\t\t\t<ul><li class=\"item-home\"><a class=\"bread-link bread-home\" href=\"https:\/\/turismomaestrazgo.org\/fr\/\" title=\"Homepage\">Homepage<\/a><\/li><li class=\"separator separator-home\"> <span class=\"dce-separator\"> &gt; <\/span> <\/li><li class=\"item-parent item-parent-18712\"><a class=\"bread-parent bread-parent-18712\" href=\"https:\/\/turismomaestrazgo.org\/fr\/maestrazgo\/\" title=\"Maestrazgo\">Maestrazgo<\/a><\/li><li class=\"separator separator-18712\"> <span class=\"dce-separator\"> &gt; <\/span> <\/li><li class=\"item-parent item-parent-18725\"><a class=\"bread-parent bread-parent-18725\" href=\"https:\/\/turismomaestrazgo.org\/fr\/maestrazgo\/tourisme-actif\/\" title=\"Tourisme actif\">Tourisme actif<\/a><\/li><li class=\"separator separator-18725\"> <span class=\"dce-separator\"> &gt; <\/span> <\/li><li class=\"item-current item-18717\"><span title=\"Randonn\u00e9e p\u00e9destre\"> Randonn\u00e9e p\u00e9destre<\/span><\/li><\/ul>\t\t\t\t<\/div>\n\t\t\t\t<\/div>\n\t\t\t\t\t<\/div>\n\t\t<\/div>\n\t\t\t\t\t<\/div>\n\t\t<\/section>\n\t\t\t\t<section data-particle_enable=\"false\" data-particle-mobile-disabled=\"false\" class=\"elementor-section elementor-top-section elementor-element elementor-element-6acd227 elementor-section-boxed elementor-section-height-default elementor-section-height-default\" data-id=\"6acd227\" data-element_type=\"section\" data-e-type=\"section\">\n\t\t\t\t\t\t<div class=\"elementor-container elementor-column-gap-default\">\n\t\t\t\t\t<div class=\"elementor-column elementor-col-100 elementor-top-column elementor-element elementor-element-7050265\" data-id=\"7050265\" data-element_type=\"column\" data-e-type=\"column\">\n\t\t\t<div class=\"elementor-widget-wrap elementor-element-populated\">\n\t\t\t\t\t\t<div class=\"elementor-element elementor-element-00af508 elementor-widget elementor-widget-spacer\" data-id=\"00af508\" data-element_type=\"widget\" data-e-type=\"widget\" data-widget_type=\"spacer.default\">\n\t\t\t\t<div class=\"elementor-widget-container\">\n\t\t\t\t\t\t\t<div class=\"elementor-spacer\">\n\t\t\t<div class=\"elementor-spacer-inner\"><\/div>\n\t\t<\/div>\n\t\t\t\t\t\t<\/div>\n\t\t\t\t<\/div>\n\t\t\t\t\t<\/div>\n\t\t<\/div>\n\t\t\t\t\t<\/div>\n\t\t<\/section>\n\t\t\t\t<section data-particle_enable=\"false\" data-particle-mobile-disabled=\"false\" class=\"elementor-section elementor-top-section elementor-element elementor-element-2329a5a elementor-section-boxed elementor-section-height-default elementor-section-height-default\" data-id=\"2329a5a\" data-element_type=\"section\" data-e-type=\"section\">\n\t\t\t\t\t\t<div class=\"elementor-container elementor-column-gap-default\">\n\t\t\t\t\t<div class=\"elementor-column elementor-col-100 elementor-top-column elementor-element elementor-element-b65a834\" data-id=\"b65a834\" data-element_type=\"column\" data-e-type=\"column\">\n\t\t\t<div class=\"elementor-widget-wrap elementor-element-populated\">\n\t\t\t\t\t\t<div class=\"elementor-element elementor-element-1bbff84 elementor-widget elementor-widget-heading\" data-id=\"1bbff84\" data-element_type=\"widget\" data-e-type=\"widget\" data-widget_type=\"heading.default\">\n\t\t\t\t<div class=\"elementor-widget-container\">\n\t\t\t\t\t<h1 class=\"elementor-heading-title elementor-size-default\">Randonn\u00e9e p\u00e9destre<\/h1>\t\t\t\t<\/div>\n\t\t\t\t<\/div>\n\t\t\t\t\t<\/div>\n\t\t<\/div>\n\t\t\t\t\t<\/div>\n\t\t<\/section>\n\t\t\t\t<section data-particle_enable=\"false\" data-particle-mobile-disabled=\"false\" class=\"elementor-section elementor-top-section elementor-element elementor-element-b204b7d elementor-section-boxed elementor-section-height-default elementor-section-height-default\" data-id=\"b204b7d\" data-element_type=\"section\" data-e-type=\"section\">\n\t\t\t\t\t\t<div class=\"elementor-container elementor-column-gap-default\">\n\t\t\t\t\t<div class=\"elementor-column elementor-col-50 elementor-top-column elementor-element elementor-element-89f2ae5\" data-id=\"89f2ae5\" data-element_type=\"column\" data-e-type=\"column\">\n\t\t\t<div class=\"elementor-widget-wrap elementor-element-populated\">\n\t\t\t\t\t\t<div class=\"elementor-element elementor-element-a3d61f3 elementor-widget elementor-widget-text-editor\" data-id=\"a3d61f3\" data-element_type=\"widget\" data-e-type=\"widget\" data-widget_type=\"text-editor.default\">\n\t\t\t\t<div class=\"elementor-widget-container\">\n\t\t\t\t\t\t\t\t\t<p>Le Maestrazgo compte environ 400 kilom\u00e8tres de sentiers balis\u00e9s. Beaucoup d&#8217;entre elles relient des communes, notamment le GR 8 et ses variantes, et beaucoup d&#8217;autres traversent le territoire en vous rapprochant du patrimoine naturel et culturel riche et vari\u00e9 de ces terres. Des sentiers de petite randonn\u00e9e (PR) pour tous, pour les marcheurs occasionnels, pour les familles avec de jeunes enfants, pour les jeunes qui sont d\u00e9j\u00e0 des randonneurs exp\u00e9riment\u00e9s, pour les globe-trotters et les amateurs de tout-terrain, des sentiers de randonn\u00e9e, des sentiers circulaires lin\u00e9aires&#8230; Nous sommes s\u00fbrs que chaque visiteur trouvera un sentier sur mesure pour lui.<\/p>\t\t\t\t\t\t\t\t<\/div>\n\t\t\t\t<\/div>\n\t\t\t\t\t<\/div>\n\t\t<\/div>\n\t\t\t\t<div class=\"elementor-column elementor-col-50 elementor-top-column elementor-element elementor-element-0baafbc\" data-id=\"0baafbc\" data-element_type=\"column\" data-e-type=\"column\">\n\t\t\t<div class=\"elementor-widget-wrap elementor-element-populated\">\n\t\t\t\t\t\t<div class=\"elementor-element elementor-element-8486f4c dce_masking-none elementor-widget elementor-widget-video\" data-id=\"8486f4c\" data-element_type=\"widget\" data-e-type=\"widget\" data-settings=\"{&quot;youtube_url&quot;:&quot;https:\\\/\\\/www.youtube.com\\\/watch?v=tphlsbkAIkg&quot;,&quot;show_image_overlay&quot;:&quot;yes&quot;,&quot;image_overlay&quot;:{&quot;url&quot;:&quot;https:\\\/\\\/turismomaestrazgo.org\\\/wp-content\\\/uploads\\\/2021\\\/07\\\/Captura-de-pantalla-2021-07-15-a-las-12.43.21.jpg&quot;,&quot;id&quot;:17791,&quot;size&quot;:&quot;&quot;},&quot;lightbox&quot;:&quot;yes&quot;,&quot;video_type&quot;:&quot;youtube&quot;,&quot;controls&quot;:&quot;yes&quot;}\" data-widget_type=\"video.default\">\n\t\t\t\t<div class=\"elementor-widget-container\">\n\t\t\t\t\t\t\t<div class=\"elementor-wrapper elementor-open-lightbox\">\n\t\t\t\t\t\t\t<div class=\"elementor-custom-embed-image-overlay\" data-elementor-open-lightbox=\"yes\" data-elementor-lightbox=\"{&quot;type&quot;:&quot;video&quot;,&quot;videoType&quot;:&quot;youtube&quot;,&quot;url&quot;:&quot;https:\\\/\\\/www.youtube.com\\\/embed\\\/tphlsbkAIkg?feature=oembed&amp;start&amp;end&amp;wmode=opaque&amp;loop=0&amp;controls=1&amp;mute=0&amp;rel=0&amp;cc_load_policy=0&quot;,&quot;autoplay&quot;:&quot;&quot;,&quot;modalOptions&quot;:{&quot;id&quot;:&quot;elementor-lightbox-8486f4c&quot;,&quot;entranceAnimation&quot;:&quot;&quot;,&quot;entranceAnimation_tablet&quot;:&quot;&quot;,&quot;entranceAnimation_mobile&quot;:&quot;&quot;,&quot;videoAspectRatio&quot;:&quot;169&quot;}}\" data-e-action-hash=\"#elementor-action%3Aaction%3Dlightbox%26settings%3DeyJ0eXBlIjoidmlkZW8iLCJ2aWRlb1R5cGUiOiJ5b3V0dWJlIiwidXJsIjoiaHR0cHM6XC9cL3d3dy55b3V0dWJlLmNvbVwvZW1iZWRcL3RwaGxzYmtBSWtnP2ZlYXR1cmU9b2VtYmVkJnN0YXJ0JmVuZCZ3bW9kZT1vcGFxdWUmbG9vcD0wJmNvbnRyb2xzPTEmbXV0ZT0wJnJlbD0wJmNjX2xvYWRfcG9saWN5PTAiLCJhdXRvcGxheSI6IiIsIm1vZGFsT3B0aW9ucyI6eyJpZCI6ImVsZW1lbnRvci1saWdodGJveC04NDg2ZjRjIiwiZW50cmFuY2VBbmltYXRpb24iOiIiLCJlbnRyYW5jZUFuaW1hdGlvbl90YWJsZXQiOiIiLCJlbnRyYW5jZUFuaW1hdGlvbl9tb2JpbGUiOiIiLCJ2aWRlb0FzcGVjdFJhdGlvIjoiMTY5In19\">\n\t\t\t\t\t\t\t\t\t\t\t<img decoding=\"async\" src=\"https:\/\/turismomaestrazgo.org\/wp-content\/uploads\/elementor\/thumbs\/Captura-de-pantalla-2021-07-15-a-las-12.43.21-q6horpkuv9qwmh8kcxvea2hetemql2y178tkp06x14.jpg\" title=\"rivi\u00e8re dans la r\u00e9gion du Maestrazgo\" alt=\"rivi\u00e8re dans la r\u00e9gion du Maestrazgo\" loading=\"lazy\" \/>\t\t\t\t\t\t\t\t\t\t\t\t\t\t\t\t<div class=\"elementor-custom-embed-play\" role=\"button\" aria-label=\"Lire la vid\u00e9o\" tabindex=\"0\">\n\t\t\t\t\t\t\t<i aria-hidden=\"true\" class=\"eicon-play\"><\/i>\t\t\t\t\t\t<\/div>\n\t\t\t\t\t\t\t\t\t<\/div>\n\t\t\t\t\t<\/div>\n\t\t\t\t\t\t<\/div>\n\t\t\t\t<\/div>\n\t\t\t\t\t<\/div>\n\t\t<\/div>\n\t\t\t\t\t<\/div>\n\t\t<\/section>\n\t\t\t\t<section data-particle_enable=\"false\" data-particle-mobile-disabled=\"false\" class=\"elementor-section elementor-top-section elementor-element elementor-element-aee6979 elementor-section-boxed elementor-section-height-default elementor-section-height-default\" data-id=\"aee6979\" data-element_type=\"section\" data-e-type=\"section\">\n\t\t\t\t\t\t<div class=\"elementor-container elementor-column-gap-default\">\n\t\t\t\t\t<div class=\"elementor-column elementor-col-100 elementor-top-column elementor-element elementor-element-d352184\" data-id=\"d352184\" data-element_type=\"column\" data-e-type=\"column\">\n\t\t\t<div class=\"elementor-widget-wrap elementor-element-populated\">\n\t\t\t\t\t\t<div class=\"elementor-element elementor-element-0ad8eee elementor-widget elementor-widget-spacer\" data-id=\"0ad8eee\" data-element_type=\"widget\" data-e-type=\"widget\" data-widget_type=\"spacer.default\">\n\t\t\t\t<div class=\"elementor-widget-container\">\n\t\t\t\t\t\t\t<div class=\"elementor-spacer\">\n\t\t\t<div class=\"elementor-spacer-inner\"><\/div>\n\t\t<\/div>\n\t\t\t\t\t\t<\/div>\n\t\t\t\t<\/div>\n\t\t\t\t\t<\/div>\n\t\t<\/div>\n\t\t\t\t\t<\/div>\n\t\t<\/section>\n\t\t\t\t<section data-particle_enable=\"false\" data-particle-mobile-disabled=\"false\" class=\"elementor-section elementor-top-section elementor-element elementor-element-fe847b2 elementor-section-boxed elementor-section-height-default elementor-section-height-default\" data-id=\"fe847b2\" data-element_type=\"section\" data-e-type=\"section\">\n\t\t\t\t\t\t<div class=\"elementor-container elementor-column-gap-default\">\n\t\t\t\t\t<div class=\"elementor-column elementor-col-50 elementor-top-column elementor-element elementor-element-528fb01\" data-id=\"528fb01\" data-element_type=\"column\" data-e-type=\"column\" data-settings=\"{&quot;background_background&quot;:&quot;slideshow&quot;,&quot;background_slideshow_gallery&quot;:[{&quot;id&quot;:2432,&quot;url&quot;:&quot;https:\\\/\\\/turismomaestrazgo.org\\\/wp-content\\\/uploads\\\/2021\\\/03\\\/Sendero-Villarroya-Miravete-1.jpg&quot;},{&quot;id&quot;:2433,&quot;url&quot;:&quot;https:\\\/\\\/turismomaestrazgo.org\\\/wp-content\\\/uploads\\\/2021\\\/03\\\/Sendero-Villarroya-Miravete-2.jpg&quot;},{&quot;id&quot;:2615,&quot;url&quot;:&quot;https:\\\/\\\/turismomaestrazgo.org\\\/wp-content\\\/uploads\\\/2021\\\/03\\\/Nacimiento-rio-Pitarque-7-1.jpg&quot;},{&quot;id&quot;:2610,&quot;url&quot;:&quot;https:\\\/\\\/turismomaestrazgo.org\\\/wp-content\\\/uploads\\\/2021\\\/03\\\/Nacimiento-ri\\u0301o-Pitarque-2.jpg&quot;},{&quot;id&quot;:2440,&quot;url&quot;:&quot;https:\\\/\\\/turismomaestrazgo.org\\\/wp-content\\\/uploads\\\/2021\\\/03\\\/Pozo-del-salto-y-camino-4.jpg&quot;},{&quot;id&quot;:2393,&quot;url&quot;:&quot;https:\\\/\\\/turismomaestrazgo.org\\\/wp-content\\\/uploads\\\/2021\\\/03\\\/Castillo-del-Cid-de-Fortanete-2-1.jpg&quot;},{&quot;id&quot;:2438,&quot;url&quot;:&quot;https:\\\/\\\/turismomaestrazgo.org\\\/wp-content\\\/uploads\\\/2021\\\/03\\\/Pozo-del-salto-y-camino-1.jpg&quot;},{&quot;id&quot;:2428,&quot;url&quot;:&quot;https:\\\/\\\/turismomaestrazgo.org\\\/wp-content\\\/uploads\\\/2021\\\/03\\\/Paseo-por-el-Guadalope-1.jpg&quot;}],&quot;background_slideshow_loop&quot;:&quot;yes&quot;,&quot;background_slideshow_slide_duration&quot;:5000,&quot;background_slideshow_slide_transition&quot;:&quot;fade&quot;,&quot;background_slideshow_transition_duration&quot;:500}\">\n\t\t\t<div class=\"elementor-widget-wrap elementor-element-populated\">\n\t\t\t\t\t\t<div class=\"elementor-element elementor-element-08cf641 elementor-widget elementor-widget-spacer\" data-id=\"08cf641\" data-element_type=\"widget\" data-e-type=\"widget\" data-widget_type=\"spacer.default\">\n\t\t\t\t<div class=\"elementor-widget-container\">\n\t\t\t\t\t\t\t<div class=\"elementor-spacer\">\n\t\t\t<div class=\"elementor-spacer-inner\"><\/div>\n\t\t<\/div>\n\t\t\t\t\t\t<\/div>\n\t\t\t\t<\/div>\n\t\t\t\t\t<\/div>\n\t\t<\/div>\n\t\t\t\t<div class=\"elementor-column elementor-col-50 elementor-top-column elementor-element elementor-element-cd5c19e\" data-id=\"cd5c19e\" data-element_type=\"column\" data-e-type=\"column\">\n\t\t\t<div class=\"elementor-widget-wrap elementor-element-populated\">\n\t\t\t\t\t\t<div data-dce-advanced-background-color=\"#C96741\" class=\"elementor-element elementor-element-eaf4c7b eael-infobox-icon-bg-shape-circle eael-infobox-content-align--center eael-infobox-icon-hover-bg-shape-none elementor-widget elementor-widget-eael-info-box\" data-id=\"eaf4c7b\" data-element_type=\"widget\" data-e-type=\"widget\" data-widget_type=\"eael-info-box.default\">\n\t\t\t\t<div class=\"elementor-widget-container\">\n\t\t\t\t\t        <div class=\"eael-infobox icon-on-top\">\n\t            <div class=\"infobox-icon eael-icon-only\">\n\n            \n                            <div class=\"infobox-icon-wrap\">\n                    <i aria-hidden=\"true\" class=\"fas fa-grip-lines\"><\/i>                <\/div>\n            \n            \n        <\/div>\n            <div class=\"infobox-content eael-icon-only\">\n                    <div class=\"infobox-title-section\">\n                <h2 class=\"title\">Conseils pratiques<\/h2>            <\/div>\n            <div><p>Il est recommand\u00e9 de suivre les <strong>itin\u00e9raires dans le sens de la description<\/strong> qui accompagne chaque parcours.<\/p><p><strong>Choisissez l&#8217;itin\u00e9raire qui convient le mieux \u00e0 votre condition physique<\/strong> et technique, ainsi qu&#8217;\u00e0 l&#8217;\u00e2ge du randonneur. \u00c9tudiez au pr\u00e9alable les donn\u00e9es techniques des parcours, leur longueur et leur difficult\u00e9. Il est conseill\u00e9 d&#8217;utiliser la cartographie disponible de la zone ou le GPS.<\/p><p><strong>Apportez suffisamment de nourriture et d&#8217;eau<\/strong>. Il est d\u00e9conseill\u00e9 de boire \u00e0 certaines des fontaines qui jalonnent les parcours.<\/p><p><strong>N&#8217;oubliez pas d&#8217;avoir votre t\u00e9l\u00e9phone portable<\/strong> sur vous \u00e0 tout moment, avec une autonomie suffisante.<\/p><p><strong>\u00c9vitez les<\/strong> journ\u00e9es <strong>chaudes<\/strong> d&#8217;\u00e9t\u00e9 et portez toujours de la cr\u00e8me solaire.<\/p><p><strong>Il respecte les barri\u00e8res m\u00e9talliques et les<\/strong> autres usages agricoles, d&#8217;\u00e9levage et de chasse compatibles avec les activit\u00e9s dans la nature.<\/p><p><strong>Profitez du paysage sans vous presser<\/strong>, \u00e9valuez les points d&#8217;int\u00e9r\u00eat et planifiez votre itin\u00e9raire en fonction de votre temps de trajet.<\/p><p><strong>Nous vous recommandons de visiter les mus\u00e9es et les centres d&#8217;interpr\u00e9tation<\/strong> de toutes les villes pour en savoir un peu plus sur le patrimoine historique, ethnologique et naturel du Maestrazgo.<\/p><p><strong>Des h\u00e9bergements touristiques sont disponibles dans toutes les localit\u00e9s<\/strong>. Renseignez-vous sur les possibilit\u00e9s.<\/p><\/div>        <\/div>\n            <\/div>\n\n\t\t\t\t\t\t<\/div>\n\t\t\t\t<\/div>\n\t\t\t\t\t<\/div>\n\t\t<\/div>\n\t\t\t\t\t<\/div>\n\t\t<\/section>\n\t\t\t\t<section data-particle_enable=\"false\" data-particle-mobile-disabled=\"false\" class=\"elementor-section elementor-top-section elementor-element elementor-element-8bfe0dd elementor-section-boxed elementor-section-height-default elementor-section-height-default\" data-id=\"8bfe0dd\" data-element_type=\"section\" data-e-type=\"section\">\n\t\t\t\t\t\t<div class=\"elementor-container elementor-column-gap-default\">\n\t\t\t\t\t<div class=\"elementor-column elementor-col-100 elementor-top-column elementor-element elementor-element-d79493a\" data-id=\"d79493a\" data-element_type=\"column\" data-e-type=\"column\">\n\t\t\t<div class=\"elementor-widget-wrap elementor-element-populated\">\n\t\t\t\t\t\t<div class=\"elementor-element elementor-element-713e9d9 elementor-widget elementor-widget-spacer\" data-id=\"713e9d9\" data-element_type=\"widget\" data-e-type=\"widget\" data-widget_type=\"spacer.default\">\n\t\t\t\t<div class=\"elementor-widget-container\">\n\t\t\t\t\t\t\t<div class=\"elementor-spacer\">\n\t\t\t<div class=\"elementor-spacer-inner\"><\/div>\n\t\t<\/div>\n\t\t\t\t\t\t<\/div>\n\t\t\t\t<\/div>\n\t\t\t\t\t<\/div>\n\t\t<\/div>\n\t\t\t\t\t<\/div>\n\t\t<\/section>\n\t\t\t\t<section data-particle_enable=\"false\" data-particle-mobile-disabled=\"false\" class=\"elementor-section elementor-top-section elementor-element elementor-element-43dd975 elementor-section-boxed elementor-section-height-default elementor-section-height-default\" data-id=\"43dd975\" data-element_type=\"section\" data-e-type=\"section\">\n\t\t\t\t\t\t<div class=\"elementor-container elementor-column-gap-default\">\n\t\t\t\t\t<div class=\"elementor-column elementor-col-50 elementor-top-column elementor-element elementor-element-7fb0972\" data-id=\"7fb0972\" data-element_type=\"column\" data-e-type=\"column\">\n\t\t\t<div class=\"elementor-widget-wrap elementor-element-populated\">\n\t\t\t\t\t\t<div class=\"elementor-element elementor-element-09f3fc7 dce_masking-none elementor-position-top elementor-widget elementor-widget-image-box\" data-id=\"09f3fc7\" data-element_type=\"widget\" data-e-type=\"widget\" data-widget_type=\"image-box.default\">\n\t\t\t\t<div class=\"elementor-widget-container\">\n\t\t\t\t\t<div class=\"elementor-image-box-wrapper\"><figure class=\"elementor-image-box-img\"><a href=\"https:\/\/turismomaestrazgo.org\/fr\/maestrazgo\/tourisme-actif\/randonnee-pedestre\/le-gr-8\/\" tabindex=\"-1\"><img fetchpriority=\"high\" decoding=\"async\" width=\"423\" height=\"423\" src=\"https:\/\/turismomaestrazgo.org\/wp-content\/uploads\/2021\/04\/cuadrado-GR.png\" class=\"elementor-animation-grow attachment-full size-full wp-image-16315\" alt=\"carr\u00e9-GR\" srcset=\"https:\/\/turismomaestrazgo.org\/wp-content\/uploads\/2021\/04\/cuadrado-GR.png 423w, https:\/\/turismomaestrazgo.org\/wp-content\/uploads\/2021\/04\/cuadrado-GR-300x300.png 300w, https:\/\/turismomaestrazgo.org\/wp-content\/uploads\/2021\/04\/cuadrado-GR-150x150.png 150w\" sizes=\"(max-width: 423px) 100vw, 423px\" \/><\/a><\/figure><div class=\"elementor-image-box-content\"><h3 class=\"elementor-image-box-title\"><a href=\"https:\/\/turismomaestrazgo.org\/fr\/maestrazgo\/tourisme-actif\/randonnee-pedestre\/le-gr-8\/\">Le GR 8<\/a><\/h3><\/div><\/div>\t\t\t\t<\/div>\n\t\t\t\t<\/div>\n\t\t\t\t\t<\/div>\n\t\t<\/div>\n\t\t\t\t<div class=\"elementor-column elementor-col-50 elementor-top-column elementor-element elementor-element-3319074\" data-id=\"3319074\" data-element_type=\"column\" data-e-type=\"column\">\n\t\t\t<div class=\"elementor-widget-wrap elementor-element-populated\">\n\t\t\t\t\t\t<div class=\"elementor-element elementor-element-aab4eac dce_masking-none elementor-position-top elementor-widget elementor-widget-image-box\" data-id=\"aab4eac\" data-element_type=\"widget\" data-e-type=\"widget\" data-widget_type=\"image-box.default\">\n\t\t\t\t<div class=\"elementor-widget-container\">\n\t\t\t\t\t<div class=\"elementor-image-box-wrapper\"><figure class=\"elementor-image-box-img\"><a href=\"https:\/\/turismomaestrazgo.org\/fr\/maestrazgo\/tourisme-actif\/randonnee-pedestre\/pr-sentiers-de-courte-distance\/\" tabindex=\"-1\"><img decoding=\"async\" width=\"423\" height=\"423\" src=\"https:\/\/turismomaestrazgo.org\/wp-content\/uploads\/2021\/04\/cuadrado-PR.png\" class=\"elementor-animation-grow attachment-full size-full wp-image-16321\" alt=\"carr\u00e9-PR\" srcset=\"https:\/\/turismomaestrazgo.org\/wp-content\/uploads\/2021\/04\/cuadrado-PR.png 423w, https:\/\/turismomaestrazgo.org\/wp-content\/uploads\/2021\/04\/cuadrado-PR-300x300.png 300w, https:\/\/turismomaestrazgo.org\/wp-content\/uploads\/2021\/04\/cuadrado-PR-150x150.png 150w\" sizes=\"(max-width: 423px) 100vw, 423px\" \/><\/a><\/figure><div class=\"elementor-image-box-content\"><h3 class=\"elementor-image-box-title\"><a href=\"https:\/\/turismomaestrazgo.org\/fr\/maestrazgo\/tourisme-actif\/randonnee-pedestre\/pr-sentiers-de-courte-distance\/\">SL et PR<\/a><\/h3><\/div><\/div>\t\t\t\t<\/div>\n\t\t\t\t<\/div>\n\t\t\t\t\t<\/div>\n\t\t<\/div>\n\t\t\t\t\t<\/div>\n\t\t<\/section>\n\t\t\t\t<section data-particle_enable=\"false\" data-particle-mobile-disabled=\"false\" class=\"elementor-section elementor-top-section elementor-element elementor-element-60e8bff elementor-section-boxed elementor-section-height-default elementor-section-height-default\" data-id=\"60e8bff\" data-element_type=\"section\" data-e-type=\"section\">\n\t\t\t\t\t\t<div class=\"elementor-container elementor-column-gap-default\">\n\t\t\t\t\t<div class=\"elementor-column elementor-col-100 elementor-top-column elementor-element elementor-element-f88afa3\" data-id=\"f88afa3\" data-element_type=\"column\" data-e-type=\"column\">\n\t\t\t<div class=\"elementor-widget-wrap elementor-element-populated\">\n\t\t\t\t\t\t<div class=\"elementor-element elementor-element-22c85f1 elementor-widget elementor-widget-spacer\" data-id=\"22c85f1\" data-element_type=\"widget\" data-e-type=\"widget\" data-widget_type=\"spacer.default\">\n\t\t\t\t<div class=\"elementor-widget-container\">\n\t\t\t\t\t\t\t<div class=\"elementor-spacer\">\n\t\t\t<div class=\"elementor-spacer-inner\"><\/div>\n\t\t<\/div>\n\t\t\t\t\t\t<\/div>\n\t\t\t\t<\/div>\n\t\t\t\t\t<\/div>\n\t\t<\/div>\n\t\t\t\t\t<\/div>\n\t\t<\/section>\n\t\t\t\t<\/div>\n\t\t","protected":false},"excerpt":{"rendered":"<p>Inicio Randonn\u00e9e p\u00e9destre Le Maestrazgo compte environ 400 kilom\u00e8tres de sentiers balis\u00e9s. Beaucoup d&#8217;entre elles relient des communes, notamment le GR 8 et ses variantes, et beaucoup d&#8217;autres traversent le [&hellip;]<\/p>\n","protected":false},"author":2,"featured_media":0,"parent":18725,"menu_order":1,"comment_status":"closed","ping_status":"closed","template":"","meta":{"_acf_changed":false,"_EventAllDay":false,"_EventTimezone":"","_EventStartDate":"","_EventEndDate":"","_EventStartDateUTC":"","_EventEndDateUTC":"","_EventShowMap":false,"_EventShowMapLink":false,"_EventURL":"","_EventCost":"","_EventCostDescription":"","_EventCurrencySymbol":"","_EventCurrencyCode":"","_EventCurrencyPosition":"","_EventDateTimeSeparator":"","_EventTimeRangeSeparator":"","_EventOrganizerID":[],"_EventVenueID":[],"_OrganizerEmail":"","_OrganizerPhone":"","_OrganizerWebsite":"","_VenueAddress":"","_VenueCity":"","_VenueCountry":"","_VenueProvince":"","_VenueState":"","_VenueZip":"","_VenuePhone":"","_VenueURL":"","_VenueStateProvince":"","_VenueLat":"","_VenueLng":"","_VenueShowMap":false,"_VenueShowMapLink":false,"footnotes":""},"class_list":["post-18717","page","type-page","status-publish","hentry"],"acf":[],"_links":{"self":[{"href":"https:\/\/turismomaestrazgo.org\/fr\/wp-json\/wp\/v2\/pages\/18717","targetHints":{"allow":["GET"]}}],"collection":[{"href":"https:\/\/turismomaestrazgo.org\/fr\/wp-json\/wp\/v2\/pages"}],"about":[{"href":"https:\/\/turismomaestrazgo.org\/fr\/wp-json\/wp\/v2\/types\/page"}],"author":[{"embeddable":true,"href":"https:\/\/turismomaestrazgo.org\/fr\/wp-json\/wp\/v2\/users\/2"}],"replies":[{"embeddable":true,"href":"https:\/\/turismomaestrazgo.org\/fr\/wp-json\/wp\/v2\/comments?post=18717"}],"version-history":[{"count":0,"href":"https:\/\/turismomaestrazgo.org\/fr\/wp-json\/wp\/v2\/pages\/18717\/revisions"}],"up":[{"embeddable":true,"href":"https:\/\/turismomaestrazgo.org\/fr\/wp-json\/wp\/v2\/pages\/18725"}],"wp:attachment":[{"href":"https:\/\/turismomaestrazgo.org\/fr\/wp-json\/wp\/v2\/media?parent=18717"}],"curies":[{"name":"wp","href":"https:\/\/api.w.org\/{rel}","templated":true}]}}