{"id":18732,"date":"2021-03-24T08:13:21","date_gmt":"2021-03-24T07:13:21","guid":{"rendered":"https:\/\/turismomaestrazgo.org\/maestrazgo\/tourisme-actif\/sports-nautiques\/"},"modified":"2024-11-04T10:28:23","modified_gmt":"2024-11-04T09:28:23","slug":"sports-nautiques","status":"publish","type":"page","link":"https:\/\/turismomaestrazgo.org\/fr\/maestrazgo\/tourisme-actif\/sports-nautiques\/","title":{"rendered":"Sports nautiques"},"content":{"rendered":"\t\t<div data-elementor-type=\"wp-page\" data-elementor-id=\"18732\" class=\"elementor elementor-18732 elementor-1163\" data-elementor-post-type=\"page\">\n\t\t\t\t\t\t<section data-particle_enable=\"false\" data-particle-mobile-disabled=\"false\" class=\"elementor-section elementor-top-section elementor-element elementor-element-fe759c8 elementor-section-boxed elementor-section-height-default elementor-section-height-default\" data-id=\"fe759c8\" data-element_type=\"section\" data-e-type=\"section\">\n\t\t\t\t\t\t<div class=\"elementor-container elementor-column-gap-default\">\n\t\t\t\t\t<div class=\"elementor-column elementor-col-100 elementor-top-column elementor-element elementor-element-6759ef4\" data-id=\"6759ef4\" data-element_type=\"column\" data-e-type=\"column\">\n\t\t\t<div class=\"elementor-widget-wrap elementor-element-populated\">\n\t\t\t\t\t\t<div class=\"elementor-element elementor-element-f8f41b9 elementor-widget elementor-widget-dce-breadcrumbs\" data-id=\"f8f41b9\" data-element_type=\"widget\" data-e-type=\"widget\" data-widget_type=\"dce-breadcrumbs.default\">\n\t\t\t\t<div class=\"elementor-widget-container\">\n\t\t\t\t\t<ul><li class=\"item-home\"><a class=\"bread-link bread-home\" href=\"https:\/\/turismomaestrazgo.org\/fr\/\" title=\"Homepage\">Homepage<\/a><\/li><li class=\"separator separator-home\"> <span class=\"dce-separator\"> &gt; <\/span> <\/li><li class=\"item-parent item-parent-18712\"><a class=\"bread-parent bread-parent-18712\" href=\"https:\/\/turismomaestrazgo.org\/fr\/maestrazgo\/\" title=\"Maestrazgo\">Maestrazgo<\/a><\/li><li class=\"separator separator-18712\"> <span class=\"dce-separator\"> &gt; <\/span> <\/li><li class=\"item-parent item-parent-18725\"><a class=\"bread-parent bread-parent-18725\" href=\"https:\/\/turismomaestrazgo.org\/fr\/maestrazgo\/tourisme-actif\/\" title=\"Tourisme actif\">Tourisme actif<\/a><\/li><li class=\"separator separator-18725\"> <span class=\"dce-separator\"> &gt; <\/span> <\/li><li class=\"item-current item-18732\"><span title=\"Sports nautiques\"> Sports nautiques<\/span><\/li><\/ul>\t\t\t\t<\/div>\n\t\t\t\t<\/div>\n\t\t\t\t\t<\/div>\n\t\t<\/div>\n\t\t\t\t\t<\/div>\n\t\t<\/section>\n\t\t\t\t<section data-particle_enable=\"false\" data-particle-mobile-disabled=\"false\" class=\"elementor-section elementor-top-section elementor-element elementor-element-7f2587d elementor-section-boxed elementor-section-height-default elementor-section-height-default\" data-id=\"7f2587d\" data-element_type=\"section\" data-e-type=\"section\">\n\t\t\t\t\t\t<div class=\"elementor-container elementor-column-gap-default\">\n\t\t\t\t\t<div class=\"elementor-column elementor-col-100 elementor-top-column elementor-element elementor-element-ae9cb2c\" data-id=\"ae9cb2c\" data-element_type=\"column\" data-e-type=\"column\">\n\t\t\t<div class=\"elementor-widget-wrap elementor-element-populated\">\n\t\t\t\t\t\t<div class=\"elementor-element elementor-element-17e64aa elementor-widget elementor-widget-spacer\" data-id=\"17e64aa\" data-element_type=\"widget\" data-e-type=\"widget\" data-widget_type=\"spacer.default\">\n\t\t\t\t<div class=\"elementor-widget-container\">\n\t\t\t\t\t\t\t<div class=\"elementor-spacer\">\n\t\t\t<div class=\"elementor-spacer-inner\"><\/div>\n\t\t<\/div>\n\t\t\t\t\t\t<\/div>\n\t\t\t\t<\/div>\n\t\t\t\t\t<\/div>\n\t\t<\/div>\n\t\t\t\t\t<\/div>\n\t\t<\/section>\n\t\t\t\t<section data-particle_enable=\"false\" data-particle-mobile-disabled=\"false\" class=\"elementor-section elementor-top-section elementor-element elementor-element-2329a5a elementor-section-boxed elementor-section-height-default elementor-section-height-default\" data-id=\"2329a5a\" data-element_type=\"section\" data-e-type=\"section\">\n\t\t\t\t\t\t<div class=\"elementor-container elementor-column-gap-default\">\n\t\t\t\t\t<div class=\"elementor-column elementor-col-100 elementor-top-column elementor-element elementor-element-b65a834\" data-id=\"b65a834\" data-element_type=\"column\" data-e-type=\"column\">\n\t\t\t<div class=\"elementor-widget-wrap elementor-element-populated\">\n\t\t\t\t\t\t<div class=\"elementor-element elementor-element-1bbff84 elementor-widget elementor-widget-heading\" data-id=\"1bbff84\" data-element_type=\"widget\" data-e-type=\"widget\" data-widget_type=\"heading.default\">\n\t\t\t\t<div class=\"elementor-widget-container\">\n\t\t\t\t\t<h1 class=\"elementor-heading-title elementor-size-default\">Sports nautiques<\/h1>\t\t\t\t<\/div>\n\t\t\t\t<\/div>\n\t\t\t\t\t<\/div>\n\t\t<\/div>\n\t\t\t\t\t<\/div>\n\t\t<\/section>\n\t\t\t\t<section data-particle_enable=\"false\" data-particle-mobile-disabled=\"false\" class=\"elementor-section elementor-top-section elementor-element elementor-element-b204b7d elementor-reverse-mobile elementor-section-boxed elementor-section-height-default elementor-section-height-default\" data-id=\"b204b7d\" data-element_type=\"section\" data-e-type=\"section\">\n\t\t\t\t\t\t<div class=\"elementor-container elementor-column-gap-default\">\n\t\t\t\t\t<div class=\"elementor-column elementor-col-50 elementor-top-column elementor-element elementor-element-89f2ae5\" data-id=\"89f2ae5\" data-element_type=\"column\" data-e-type=\"column\">\n\t\t\t<div class=\"elementor-widget-wrap elementor-element-populated\">\n\t\t\t\t\t\t<div class=\"elementor-element elementor-element-a3d61f3 elementor-widget elementor-widget-text-editor\" data-id=\"a3d61f3\" data-element_type=\"widget\" data-e-type=\"widget\" data-widget_type=\"text-editor.default\">\n\t\t\t\t<div class=\"elementor-widget-container\">\n\t\t\t\t\t\t\t\t\t<p class=\"p1\">Ce sont les activit\u00e9s les plus r\u00e9centes qui peuvent \u00eatre pratiqu\u00e9es dans la r\u00e9gion. Quant aux ravins, il y a quelques ann\u00e9es, le ravin du Pozo del Invierno \u00e0 Villarluengo, dans le lit de la rivi\u00e8re Ca\u00f1ada, a \u00e9t\u00e9 mis en valeur. Mais il en existe d&#8217;autres, comme l&#8217;Huergo, \u00e0 Las Planas, ou les d\u00e9troits et les gorges du Guadalope. Vous pouvez faire du cano\u00eb dans certaines zones de la rivi\u00e8re Guadalope ou profiter du merveilleux environnement et des eaux calmes du r\u00e9servoir de Santolea.<\/p>\n\t\t\t\t\t\t\t\t<\/div>\n\t\t\t\t<\/div>\n\t\t\t\t<section data-particle_enable=\"false\" data-particle-mobile-disabled=\"false\" class=\"elementor-section elementor-inner-section elementor-element elementor-element-d7acb88 elementor-section-boxed elementor-section-height-default elementor-section-height-default\" data-id=\"d7acb88\" data-element_type=\"section\" data-e-type=\"section\">\n\t\t\t\t\t\t<div class=\"elementor-container elementor-column-gap-default\">\n\t\t\t\t\t<div class=\"elementor-column elementor-col-100 elementor-inner-column elementor-element elementor-element-a455b00\" data-id=\"a455b00\" data-element_type=\"column\" data-e-type=\"column\">\n\t\t\t<div class=\"elementor-widget-wrap elementor-element-populated\">\n\t\t\t\t\t\t<div class=\"elementor-element elementor-element-a52b3c8 elementor-align-center elementor-widget elementor-widget-button\" data-id=\"a52b3c8\" data-element_type=\"widget\" data-e-type=\"widget\" data-widget_type=\"button.default\">\n\t\t\t\t<div class=\"elementor-widget-container\">\n\t\t\t\t\t\t\t\t\t<div class=\"elementor-button-wrapper\">\n\t\t\t\t\t<a class=\"elementor-button elementor-button-link elementor-size-sm\" href=\"https:\/\/turismoactivoteruel.com\/\" target=\"_blank\">\n\t\t\t\t\t\t<span class=\"elementor-button-content-wrapper\">\n\t\t\t\t\t\t\t\t\t<span class=\"elementor-button-text\">Activit\u00e9s<\/span>\n\t\t\t\t\t<\/span>\n\t\t\t\t\t<\/a>\n\t\t\t\t<\/div>\n\t\t\t\t\t\t\t\t<\/div>\n\t\t\t\t<\/div>\n\t\t\t\t\t<\/div>\n\t\t<\/div>\n\t\t\t\t\t<\/div>\n\t\t<\/section>\n\t\t\t\t\t<\/div>\n\t\t<\/div>\n\t\t\t\t<div class=\"elementor-column elementor-col-50 elementor-top-column elementor-element elementor-element-f26ce6d\" data-id=\"f26ce6d\" data-element_type=\"column\" data-e-type=\"column\" data-settings=\"{&quot;background_background&quot;:&quot;slideshow&quot;,&quot;background_slideshow_gallery&quot;:[{&quot;id&quot;:1173,&quot;url&quot;:&quot;https:\\\/\\\/turismomaestrazgo.org\\\/wp-content\\\/uploads\\\/2021\\\/03\\\/acuaticos-barranco-9.jpg&quot;},{&quot;id&quot;:1165,&quot;url&quot;:&quot;https:\\\/\\\/turismomaestrazgo.org\\\/wp-content\\\/uploads\\\/2021\\\/03\\\/acuaticos-barranco-1.jpg&quot;},{&quot;id&quot;:1169,&quot;url&quot;:&quot;https:\\\/\\\/turismomaestrazgo.org\\\/wp-content\\\/uploads\\\/2021\\\/03\\\/acuaticos-barranco-5.jpg&quot;},{&quot;id&quot;:1172,&quot;url&quot;:&quot;https:\\\/\\\/turismomaestrazgo.org\\\/wp-content\\\/uploads\\\/2021\\\/03\\\/acuaticos-barranco-8.jpg&quot;},{&quot;id&quot;:1170,&quot;url&quot;:&quot;https:\\\/\\\/turismomaestrazgo.org\\\/wp-content\\\/uploads\\\/2021\\\/03\\\/acuaticos-barranco-6.jpg&quot;},{&quot;id&quot;:1168,&quot;url&quot;:&quot;https:\\\/\\\/turismomaestrazgo.org\\\/wp-content\\\/uploads\\\/2021\\\/03\\\/acuaticos-barranco-4.jpg&quot;},{&quot;id&quot;:1167,&quot;url&quot;:&quot;https:\\\/\\\/turismomaestrazgo.org\\\/wp-content\\\/uploads\\\/2021\\\/03\\\/acuaticos-barranco-3.jpg&quot;},{&quot;id&quot;:1166,&quot;url&quot;:&quot;https:\\\/\\\/turismomaestrazgo.org\\\/wp-content\\\/uploads\\\/2021\\\/03\\\/acuaticos-barranco-2.jpg&quot;},{&quot;id&quot;:1177,&quot;url&quot;:&quot;https:\\\/\\\/turismomaestrazgo.org\\\/wp-content\\\/uploads\\\/2021\\\/03\\\/acuaticos-kayak-4.jpg&quot;},{&quot;id&quot;:1176,&quot;url&quot;:&quot;https:\\\/\\\/turismomaestrazgo.org\\\/wp-content\\\/uploads\\\/2021\\\/03\\\/acuaticos-kayak-3.jpg&quot;},{&quot;id&quot;:1175,&quot;url&quot;:&quot;https:\\\/\\\/turismomaestrazgo.org\\\/wp-content\\\/uploads\\\/2021\\\/03\\\/acuaticos-kayak-2.jpg&quot;}],&quot;background_slideshow_slide_duration&quot;:1500,&quot;background_slideshow_loop&quot;:&quot;yes&quot;,&quot;background_slideshow_slide_transition&quot;:&quot;fade&quot;,&quot;background_slideshow_transition_duration&quot;:500}\">\n\t\t\t<div class=\"elementor-widget-wrap elementor-element-populated\">\n\t\t\t\t\t\t<div class=\"elementor-element elementor-element-f411e04 elementor-widget elementor-widget-spacer\" data-id=\"f411e04\" data-element_type=\"widget\" data-e-type=\"widget\" data-widget_type=\"spacer.default\">\n\t\t\t\t<div class=\"elementor-widget-container\">\n\t\t\t\t\t\t\t<div class=\"elementor-spacer\">\n\t\t\t<div class=\"elementor-spacer-inner\"><\/div>\n\t\t<\/div>\n\t\t\t\t\t\t<\/div>\n\t\t\t\t<\/div>\n\t\t\t\t\t<\/div>\n\t\t<\/div>\n\t\t\t\t\t<\/div>\n\t\t<\/section>\n\t\t\t\t<section data-particle_enable=\"false\" data-particle-mobile-disabled=\"false\" class=\"elementor-section elementor-top-section elementor-element elementor-element-9b7b336 elementor-section-boxed elementor-section-height-default elementor-section-height-default\" data-id=\"9b7b336\" data-element_type=\"section\" data-e-type=\"section\">\n\t\t\t\t\t\t<div class=\"elementor-container elementor-column-gap-default\">\n\t\t\t\t\t<div class=\"elementor-column elementor-col-100 elementor-top-column elementor-element elementor-element-6bbae25\" data-id=\"6bbae25\" data-element_type=\"column\" data-e-type=\"column\">\n\t\t\t<div class=\"elementor-widget-wrap elementor-element-populated\">\n\t\t\t\t\t\t<div class=\"elementor-element elementor-element-24e383a elementor-widget elementor-widget-spacer\" data-id=\"24e383a\" data-element_type=\"widget\" data-e-type=\"widget\" data-widget_type=\"spacer.default\">\n\t\t\t\t<div class=\"elementor-widget-container\">\n\t\t\t\t\t\t\t<div class=\"elementor-spacer\">\n\t\t\t<div class=\"elementor-spacer-inner\"><\/div>\n\t\t<\/div>\n\t\t\t\t\t\t<\/div>\n\t\t\t\t<\/div>\n\t\t\t\t\t<\/div>\n\t\t<\/div>\n\t\t\t\t\t<\/div>\n\t\t<\/section>\n\t\t\t\t<\/div>\n\t\t","protected":false},"excerpt":{"rendered":"<p>Inicio Sports nautiques Ce sont les activit\u00e9s les plus r\u00e9centes qui peuvent \u00eatre pratiqu\u00e9es dans la r\u00e9gion. Quant aux ravins, il y a quelques ann\u00e9es, le ravin du Pozo del [&hellip;]<\/p>\n","protected":false},"author":2,"featured_media":0,"parent":18725,"menu_order":3,"comment_status":"closed","ping_status":"closed","template":"","meta":{"_acf_changed":false,"_EventAllDay":false,"_EventTimezone":"","_EventStartDate":"","_EventEndDate":"","_EventStartDateUTC":"","_EventEndDateUTC":"","_EventShowMap":false,"_EventShowMapLink":false,"_EventURL":"","_EventCost":"","_EventCostDescription":"","_EventCurrencySymbol":"","_EventCurrencyCode":"","_EventCurrencyPosition":"","_EventDateTimeSeparator":"","_EventTimeRangeSeparator":"","_EventOrganizerID":[],"_EventVenueID":[],"_OrganizerEmail":"","_OrganizerPhone":"","_OrganizerWebsite":"","_VenueAddress":"","_VenueCity":"","_VenueCountry":"","_VenueProvince":"","_VenueState":"","_VenueZip":"","_VenuePhone":"","_VenueURL":"","_VenueStateProvince":"","_VenueLat":"","_VenueLng":"","_VenueShowMap":false,"_VenueShowMapLink":false,"footnotes":""},"class_list":["post-18732","page","type-page","status-publish","hentry"],"acf":[],"_links":{"self":[{"href":"https:\/\/turismomaestrazgo.org\/fr\/wp-json\/wp\/v2\/pages\/18732","targetHints":{"allow":["GET"]}}],"collection":[{"href":"https:\/\/turismomaestrazgo.org\/fr\/wp-json\/wp\/v2\/pages"}],"about":[{"href":"https:\/\/turismomaestrazgo.org\/fr\/wp-json\/wp\/v2\/types\/page"}],"author":[{"embeddable":true,"href":"https:\/\/turismomaestrazgo.org\/fr\/wp-json\/wp\/v2\/users\/2"}],"replies":[{"embeddable":true,"href":"https:\/\/turismomaestrazgo.org\/fr\/wp-json\/wp\/v2\/comments?post=18732"}],"version-history":[{"count":0,"href":"https:\/\/turismomaestrazgo.org\/fr\/wp-json\/wp\/v2\/pages\/18732\/revisions"}],"up":[{"embeddable":true,"href":"https:\/\/turismomaestrazgo.org\/fr\/wp-json\/wp\/v2\/pages\/18725"}],"wp:attachment":[{"href":"https:\/\/turismomaestrazgo.org\/fr\/wp-json\/wp\/v2\/media?parent=18732"}],"curies":[{"name":"wp","href":"https:\/\/api.w.org\/{rel}","templated":true}]}}