{"id":18746,"date":"2021-04-19T06:28:15","date_gmt":"2021-04-19T06:28:15","guid":{"rendered":"https:\/\/turismomaestrazgo.org\/experiences\/"},"modified":"2023-02-28T16:24:06","modified_gmt":"2023-02-28T16:24:06","slug":"experiences","status":"publish","type":"page","link":"https:\/\/turismomaestrazgo.org\/fr\/experiences\/","title":{"rendered":"Exp\u00e9riences"},"content":{"rendered":"\t\t<div data-elementor-type=\"wp-page\" data-elementor-id=\"18746\" class=\"elementor elementor-18746 elementor-5742\" data-elementor-post-type=\"page\">\n\t\t\t\t\t\t<section data-particle_enable=\"false\" data-particle-mobile-disabled=\"false\" class=\"elementor-section elementor-top-section elementor-element elementor-element-e24b058 elementor-section-boxed elementor-section-height-default elementor-section-height-default\" data-id=\"e24b058\" data-element_type=\"section\" data-e-type=\"section\">\n\t\t\t\t\t\t<div class=\"elementor-container elementor-column-gap-default\">\n\t\t\t\t\t<div class=\"elementor-column elementor-col-100 elementor-top-column elementor-element elementor-element-f28e63a\" data-id=\"f28e63a\" data-element_type=\"column\" data-e-type=\"column\">\n\t\t\t<div class=\"elementor-widget-wrap elementor-element-populated\">\n\t\t\t\t\t\t<div class=\"elementor-element elementor-element-7bae711 elementor-widget elementor-widget-spacer\" data-id=\"7bae711\" data-element_type=\"widget\" data-e-type=\"widget\" data-widget_type=\"spacer.default\">\n\t\t\t\t<div class=\"elementor-widget-container\">\n\t\t\t\t\t\t\t<div class=\"elementor-spacer\">\n\t\t\t<div class=\"elementor-spacer-inner\"><\/div>\n\t\t<\/div>\n\t\t\t\t\t\t<\/div>\n\t\t\t\t<\/div>\n\t\t\t\t\t<\/div>\n\t\t<\/div>\n\t\t\t\t\t<\/div>\n\t\t<\/section>\n\t\t\t\t<section data-particle_enable=\"false\" data-particle-mobile-disabled=\"false\" class=\"elementor-section elementor-top-section elementor-element elementor-element-0e83a0e elementor-section-boxed elementor-section-height-default elementor-section-height-default\" data-id=\"0e83a0e\" data-element_type=\"section\" data-e-type=\"section\">\n\t\t\t\t\t\t<div class=\"elementor-container elementor-column-gap-default\">\n\t\t\t\t\t<div class=\"elementor-column elementor-col-100 elementor-top-column elementor-element elementor-element-9b508b3\" data-id=\"9b508b3\" data-element_type=\"column\" data-e-type=\"column\">\n\t\t\t<div class=\"elementor-widget-wrap elementor-element-populated\">\n\t\t\t\t\t\t<div class=\"elementor-element elementor-element-1ada4b1 elementor-widget elementor-widget-heading\" data-id=\"1ada4b1\" data-element_type=\"widget\" data-e-type=\"widget\" data-widget_type=\"heading.default\">\n\t\t\t\t<div class=\"elementor-widget-container\">\n\t\t\t\t\t<h1 class=\"elementor-heading-title elementor-size-default\">Exp\u00e9riences<\/h1>\t\t\t\t<\/div>\n\t\t\t\t<\/div>\n\t\t\t\t\t<\/div>\n\t\t<\/div>\n\t\t\t\t\t<\/div>\n\t\t<\/section>\n\t\t\t\t<section data-particle_enable=\"false\" data-particle-mobile-disabled=\"false\" class=\"elementor-section elementor-top-section elementor-element elementor-element-3fe5cad elementor-section-boxed elementor-section-height-default elementor-section-height-default\" data-id=\"3fe5cad\" data-element_type=\"section\" data-e-type=\"section\">\n\t\t\t\t\t\t<div class=\"elementor-container elementor-column-gap-default\">\n\t\t\t\t\t<div class=\"elementor-column elementor-col-100 elementor-top-column elementor-element elementor-element-5aa6d3b\" data-id=\"5aa6d3b\" data-element_type=\"column\" data-e-type=\"column\">\n\t\t\t<div class=\"elementor-widget-wrap elementor-element-populated\">\n\t\t\t\t\t\t<div class=\"elementor-element elementor-element-bcf66db elementor-widget elementor-widget-spacer\" data-id=\"bcf66db\" data-element_type=\"widget\" data-e-type=\"widget\" data-widget_type=\"spacer.default\">\n\t\t\t\t<div class=\"elementor-widget-container\">\n\t\t\t\t\t\t\t<div class=\"elementor-spacer\">\n\t\t\t<div class=\"elementor-spacer-inner\"><\/div>\n\t\t<\/div>\n\t\t\t\t\t\t<\/div>\n\t\t\t\t<\/div>\n\t\t\t\t\t<\/div>\n\t\t<\/div>\n\t\t\t\t\t<\/div>\n\t\t<\/section>\n\t\t\t\t<section data-particle_enable=\"false\" data-particle-mobile-disabled=\"false\" class=\"elementor-section elementor-top-section elementor-element elementor-element-eb9dcf1 elementor-section-boxed elementor-section-height-default elementor-section-height-default\" data-id=\"eb9dcf1\" data-element_type=\"section\" data-e-type=\"section\">\n\t\t\t\t\t\t<div class=\"elementor-container elementor-column-gap-default\">\n\t\t\t\t\t<div class=\"elementor-column elementor-col-25 elementor-top-column elementor-element elementor-element-70f7960\" data-id=\"70f7960\" data-element_type=\"column\" data-e-type=\"column\">\n\t\t\t<div class=\"elementor-widget-wrap elementor-element-populated\">\n\t\t\t\t\t\t<div class=\"elementor-element elementor-element-7414996 dce_masking-none elementor-position-top elementor-widget elementor-widget-image-box\" data-id=\"7414996\" data-element_type=\"widget\" data-e-type=\"widget\" data-widget_type=\"image-box.default\">\n\t\t\t\t<div class=\"elementor-widget-container\">\n\t\t\t\t\t<div class=\"elementor-image-box-wrapper\"><figure class=\"elementor-image-box-img\"><a href=\"https:\/\/turismomaestrazgo.org\/fr\/tag\/detente\/\" tabindex=\"-1\"><img fetchpriority=\"high\" decoding=\"async\" width=\"423\" height=\"423\" src=\"https:\/\/turismomaestrazgo.org\/wp-content\/uploads\/2021\/04\/cuadrado-relajate.png\" class=\"elementor-animation-grow attachment-full size-full wp-image-16291\" alt=\"carr\u00e9-relaxe\" srcset=\"https:\/\/turismomaestrazgo.org\/wp-content\/uploads\/2021\/04\/cuadrado-relajate.png 423w, https:\/\/turismomaestrazgo.org\/wp-content\/uploads\/2021\/04\/cuadrado-relajate-300x300.png 300w, https:\/\/turismomaestrazgo.org\/wp-content\/uploads\/2021\/04\/cuadrado-relajate-150x150.png 150w\" sizes=\"(max-width: 423px) 100vw, 423px\" \/><\/a><\/figure><div class=\"elementor-image-box-content\"><h3 class=\"elementor-image-box-title\"><a href=\"https:\/\/turismomaestrazgo.org\/fr\/tag\/detente\/\">D\u00e9tente<\/a><\/h3><\/div><\/div>\t\t\t\t<\/div>\n\t\t\t\t<\/div>\n\t\t\t\t\t<\/div>\n\t\t<\/div>\n\t\t\t\t<div class=\"elementor-column elementor-col-25 elementor-top-column elementor-element elementor-element-0021dfe\" data-id=\"0021dfe\" data-element_type=\"column\" data-e-type=\"column\">\n\t\t\t<div class=\"elementor-widget-wrap elementor-element-populated\">\n\t\t\t\t\t\t<div class=\"elementor-element elementor-element-3970216 dce_masking-none elementor-position-top elementor-widget elementor-widget-image-box\" data-id=\"3970216\" data-element_type=\"widget\" data-e-type=\"widget\" data-widget_type=\"image-box.default\">\n\t\t\t\t<div class=\"elementor-widget-container\">\n\t\t\t\t\t<div class=\"elementor-image-box-wrapper\"><figure class=\"elementor-image-box-img\"><a href=\"https:\/\/turismomaestrazgo.org\/fr\/tag\/bouger\/\" tabindex=\"-1\"><img decoding=\"async\" width=\"423\" height=\"423\" src=\"https:\/\/turismomaestrazgo.org\/wp-content\/uploads\/2021\/04\/cuadrado-muevete.png\" class=\"elementor-animation-grow attachment-full size-full wp-image-16289\" alt=\"Mouvement carr\u00e9\" srcset=\"https:\/\/turismomaestrazgo.org\/wp-content\/uploads\/2021\/04\/cuadrado-muevete.png 423w, https:\/\/turismomaestrazgo.org\/wp-content\/uploads\/2021\/04\/cuadrado-muevete-300x300.png 300w, https:\/\/turismomaestrazgo.org\/wp-content\/uploads\/2021\/04\/cuadrado-muevete-150x150.png 150w\" sizes=\"(max-width: 423px) 100vw, 423px\" \/><\/a><\/figure><div class=\"elementor-image-box-content\"><h3 class=\"elementor-image-box-title\"><a href=\"https:\/\/turismomaestrazgo.org\/fr\/tag\/bouger\/\">Bouger<\/a><\/h3><\/div><\/div>\t\t\t\t<\/div>\n\t\t\t\t<\/div>\n\t\t\t\t\t<\/div>\n\t\t<\/div>\n\t\t\t\t<div class=\"elementor-column elementor-col-25 elementor-top-column elementor-element elementor-element-30c530c\" data-id=\"30c530c\" data-element_type=\"column\" data-e-type=\"column\">\n\t\t\t<div class=\"elementor-widget-wrap elementor-element-populated\">\n\t\t\t\t\t\t<div class=\"elementor-element elementor-element-0d82711 dce_masking-none elementor-position-top elementor-widget elementor-widget-image-box\" data-id=\"0d82711\" data-element_type=\"widget\" data-e-type=\"widget\" data-widget_type=\"image-box.default\">\n\t\t\t\t<div class=\"elementor-widget-container\">\n\t\t\t\t\t<div class=\"elementor-image-box-wrapper\"><figure class=\"elementor-image-box-img\"><a href=\"https:\/\/turismomaestrazgo.org\/fr\/tag\/decouvrez\/\" tabindex=\"-1\"><img decoding=\"async\" width=\"423\" height=\"423\" src=\"https:\/\/turismomaestrazgo.org\/wp-content\/uploads\/2021\/04\/cuadrado-descubre.png\" class=\"elementor-animation-grow attachment-full size-full wp-image-16287\" alt=\"carr\u00e9-d\u00e9couvert\" srcset=\"https:\/\/turismomaestrazgo.org\/wp-content\/uploads\/2021\/04\/cuadrado-descubre.png 423w, https:\/\/turismomaestrazgo.org\/wp-content\/uploads\/2021\/04\/cuadrado-descubre-300x300.png 300w, https:\/\/turismomaestrazgo.org\/wp-content\/uploads\/2021\/04\/cuadrado-descubre-150x150.png 150w\" sizes=\"(max-width: 423px) 100vw, 423px\" \/><\/a><\/figure><div class=\"elementor-image-box-content\"><h3 class=\"elementor-image-box-title\"><a href=\"https:\/\/turismomaestrazgo.org\/fr\/tag\/decouvrez\/\">D\u00e9couvrez<\/a><\/h3><\/div><\/div>\t\t\t\t<\/div>\n\t\t\t\t<\/div>\n\t\t\t\t\t<\/div>\n\t\t<\/div>\n\t\t\t\t<div class=\"elementor-column elementor-col-25 elementor-top-column elementor-element elementor-element-f5ca89c\" data-id=\"f5ca89c\" data-element_type=\"column\" data-e-type=\"column\">\n\t\t\t<div class=\"elementor-widget-wrap elementor-element-populated\">\n\t\t\t\t\t\t<div class=\"elementor-element elementor-element-b80186c dce_masking-none elementor-position-top elementor-widget elementor-widget-image-box\" data-id=\"b80186c\" data-element_type=\"widget\" data-e-type=\"widget\" data-widget_type=\"image-box.default\">\n\t\t\t\t<div class=\"elementor-widget-container\">\n\t\t\t\t\t<div class=\"elementor-image-box-wrapper\"><figure class=\"elementor-image-box-img\"><a href=\"https:\/\/turismomaestrazgo.org\/fr\/tag\/gouter\/\" tabindex=\"-1\"><img loading=\"lazy\" decoding=\"async\" width=\"423\" height=\"423\" src=\"https:\/\/turismomaestrazgo.org\/wp-content\/uploads\/2021\/04\/cuadrado-saborea.png\" class=\"elementor-animation-grow attachment-full size-full wp-image-16293\" alt=\"\u00e0 saveur carr\u00e9e\" srcset=\"https:\/\/turismomaestrazgo.org\/wp-content\/uploads\/2021\/04\/cuadrado-saborea.png 423w, https:\/\/turismomaestrazgo.org\/wp-content\/uploads\/2021\/04\/cuadrado-saborea-300x300.png 300w, https:\/\/turismomaestrazgo.org\/wp-content\/uploads\/2021\/04\/cuadrado-saborea-150x150.png 150w\" sizes=\"(max-width: 423px) 100vw, 423px\" \/><\/a><\/figure><div class=\"elementor-image-box-content\"><h3 class=\"elementor-image-box-title\"><a href=\"https:\/\/turismomaestrazgo.org\/fr\/tag\/gouter\/\">Go\u00fbter<\/a><\/h3><\/div><\/div>\t\t\t\t<\/div>\n\t\t\t\t<\/div>\n\t\t\t\t\t<\/div>\n\t\t<\/div>\n\t\t\t\t\t<\/div>\n\t\t<\/section>\n\t\t\t\t<section data-particle_enable=\"false\" data-particle-mobile-disabled=\"false\" class=\"elementor-section elementor-top-section elementor-element elementor-element-2ad4a7c elementor-section-boxed elementor-section-height-default elementor-section-height-default\" data-id=\"2ad4a7c\" data-element_type=\"section\" data-e-type=\"section\">\n\t\t\t\t\t\t<div class=\"elementor-container elementor-column-gap-default\">\n\t\t\t\t\t<div class=\"elementor-column elementor-col-25 elementor-top-column elementor-element elementor-element-cdc0fc7\" data-id=\"cdc0fc7\" data-element_type=\"column\" data-e-type=\"column\">\n\t\t\t<div class=\"elementor-widget-wrap elementor-element-populated\">\n\t\t\t\t\t\t<div class=\"elementor-element elementor-element-20dd329 dce_masking-none elementor-position-top elementor-widget elementor-widget-image-box\" data-id=\"20dd329\" data-element_type=\"widget\" data-e-type=\"widget\" data-widget_type=\"image-box.default\">\n\t\t\t\t<div class=\"elementor-widget-container\">\n\t\t\t\t\t<div class=\"elementor-image-box-wrapper\"><figure class=\"elementor-image-box-img\"><a href=\"https:\/\/turismomaestrazgo.org\/fr\/tag\/creer\/\" tabindex=\"-1\"><img loading=\"lazy\" decoding=\"async\" width=\"423\" height=\"423\" src=\"https:\/\/turismomaestrazgo.org\/wp-content\/uploads\/2021\/04\/cuadrado-crea.png\" class=\"elementor-animation-grow attachment-full size-full wp-image-16285\" alt=\"zone carr\u00e9e\" srcset=\"https:\/\/turismomaestrazgo.org\/wp-content\/uploads\/2021\/04\/cuadrado-crea.png 423w, https:\/\/turismomaestrazgo.org\/wp-content\/uploads\/2021\/04\/cuadrado-crea-300x300.png 300w, https:\/\/turismomaestrazgo.org\/wp-content\/uploads\/2021\/04\/cuadrado-crea-150x150.png 150w\" sizes=\"(max-width: 423px) 100vw, 423px\" \/><\/a><\/figure><div class=\"elementor-image-box-content\"><h3 class=\"elementor-image-box-title\"><a href=\"https:\/\/turismomaestrazgo.org\/fr\/tag\/creer\/\">Cr\u00e9er<\/a><\/h3><\/div><\/div>\t\t\t\t<\/div>\n\t\t\t\t<\/div>\n\t\t\t\t\t<\/div>\n\t\t<\/div>\n\t\t\t\t<div class=\"elementor-column elementor-col-25 elementor-top-column elementor-element elementor-element-f02c22e\" data-id=\"f02c22e\" data-element_type=\"column\" data-e-type=\"column\">\n\t\t\t<div class=\"elementor-widget-wrap\">\n\t\t\t\t\t\t\t<\/div>\n\t\t<\/div>\n\t\t\t\t<div class=\"elementor-column elementor-col-25 elementor-top-column elementor-element elementor-element-96cbece\" data-id=\"96cbece\" data-element_type=\"column\" data-e-type=\"column\">\n\t\t\t<div class=\"elementor-widget-wrap\">\n\t\t\t\t\t\t\t<\/div>\n\t\t<\/div>\n\t\t\t\t<div class=\"elementor-column elementor-col-25 elementor-top-column elementor-element elementor-element-3c6523a\" data-id=\"3c6523a\" data-element_type=\"column\" data-e-type=\"column\">\n\t\t\t<div class=\"elementor-widget-wrap\">\n\t\t\t\t\t\t\t<\/div>\n\t\t<\/div>\n\t\t\t\t\t<\/div>\n\t\t<\/section>\n\t\t\t\t<section data-particle_enable=\"false\" data-particle-mobile-disabled=\"false\" class=\"elementor-section elementor-top-section elementor-element elementor-element-41acb3e elementor-section-boxed elementor-section-height-default elementor-section-height-default\" data-id=\"41acb3e\" data-element_type=\"section\" data-e-type=\"section\">\n\t\t\t\t\t\t<div class=\"elementor-container elementor-column-gap-default\">\n\t\t\t\t\t<div class=\"elementor-column elementor-col-100 elementor-top-column elementor-element elementor-element-6feb7d4\" data-id=\"6feb7d4\" data-element_type=\"column\" data-e-type=\"column\">\n\t\t\t<div class=\"elementor-widget-wrap elementor-element-populated\">\n\t\t\t\t\t\t<div class=\"elementor-element elementor-element-ccb671c elementor-widget elementor-widget-spacer\" data-id=\"ccb671c\" data-element_type=\"widget\" data-e-type=\"widget\" data-widget_type=\"spacer.default\">\n\t\t\t\t<div class=\"elementor-widget-container\">\n\t\t\t\t\t\t\t<div class=\"elementor-spacer\">\n\t\t\t<div class=\"elementor-spacer-inner\"><\/div>\n\t\t<\/div>\n\t\t\t\t\t\t<\/div>\n\t\t\t\t<\/div>\n\t\t\t\t\t<\/div>\n\t\t<\/div>\n\t\t\t\t\t<\/div>\n\t\t<\/section>\n\t\t\t\t<\/div>\n\t\t","protected":false},"excerpt":{"rendered":"<p>Exp\u00e9riences D\u00e9tente Bouger D\u00e9couvrez Go\u00fbter Cr\u00e9er<\/p>\n","protected":false},"author":2,"featured_media":0,"parent":0,"menu_order":0,"comment_status":"closed","ping_status":"closed","template":"","meta":{"_acf_changed":false,"_EventAllDay":false,"_EventTimezone":"","_EventStartDate":"","_EventEndDate":"","_EventStartDateUTC":"","_EventEndDateUTC":"","_EventShowMap":false,"_EventShowMapLink":false,"_EventURL":"","_EventCost":"","_EventCostDescription":"","_EventCurrencySymbol":"","_EventCurrencyCode":"","_EventCurrencyPosition":"","_EventDateTimeSeparator":"","_EventTimeRangeSeparator":"","_EventOrganizerID":[],"_EventVenueID":[],"_OrganizerEmail":"","_OrganizerPhone":"","_OrganizerWebsite":"","_VenueAddress":"","_VenueCity":"","_VenueCountry":"","_VenueProvince":"","_VenueState":"","_VenueZip":"","_VenuePhone":"","_VenueURL":"","_VenueStateProvince":"","_VenueLat":"","_VenueLng":"","_VenueShowMap":false,"_VenueShowMapLink":false,"footnotes":""},"class_list":["post-18746","page","type-page","status-publish","hentry"],"acf":[],"_links":{"self":[{"href":"https:\/\/turismomaestrazgo.org\/fr\/wp-json\/wp\/v2\/pages\/18746","targetHints":{"allow":["GET"]}}],"collection":[{"href":"https:\/\/turismomaestrazgo.org\/fr\/wp-json\/wp\/v2\/pages"}],"about":[{"href":"https:\/\/turismomaestrazgo.org\/fr\/wp-json\/wp\/v2\/types\/page"}],"author":[{"embeddable":true,"href":"https:\/\/turismomaestrazgo.org\/fr\/wp-json\/wp\/v2\/users\/2"}],"replies":[{"embeddable":true,"href":"https:\/\/turismomaestrazgo.org\/fr\/wp-json\/wp\/v2\/comments?post=18746"}],"version-history":[{"count":0,"href":"https:\/\/turismomaestrazgo.org\/fr\/wp-json\/wp\/v2\/pages\/18746\/revisions"}],"wp:attachment":[{"href":"https:\/\/turismomaestrazgo.org\/fr\/wp-json\/wp\/v2\/media?parent=18746"}],"curies":[{"name":"wp","href":"https:\/\/api.w.org\/{rel}","templated":true}]}}