{"id":18754,"date":"2021-04-21T07:42:38","date_gmt":"2021-04-21T06:42:38","guid":{"rendered":"https:\/\/turismomaestrazgo.org\/maestrazgo\/nature\/"},"modified":"2024-11-04T10:27:43","modified_gmt":"2024-11-04T09:27:43","slug":"nature","status":"publish","type":"page","link":"https:\/\/turismomaestrazgo.org\/fr\/maestrazgo\/nature\/","title":{"rendered":"Nature"},"content":{"rendered":"\t\t<div data-elementor-type=\"wp-page\" data-elementor-id=\"18754\" class=\"elementor elementor-18754 elementor-6606\" data-elementor-post-type=\"page\">\n\t\t\t\t\t\t<section data-particle_enable=\"false\" data-particle-mobile-disabled=\"false\" class=\"elementor-section elementor-top-section elementor-element elementor-element-6c41554 elementor-section-boxed elementor-section-height-default elementor-section-height-default\" data-id=\"6c41554\" data-element_type=\"section\" data-e-type=\"section\">\n\t\t\t\t\t\t<div class=\"elementor-container elementor-column-gap-default\">\n\t\t\t\t\t<div class=\"elementor-column elementor-col-100 elementor-top-column elementor-element elementor-element-1e7a71c\" data-id=\"1e7a71c\" data-element_type=\"column\" data-e-type=\"column\">\n\t\t\t<div class=\"elementor-widget-wrap\">\n\t\t\t\t\t\t\t<\/div>\n\t\t<\/div>\n\t\t\t\t\t<\/div>\n\t\t<\/section>\n\t\t\t\t<section data-particle_enable=\"false\" data-particle-mobile-disabled=\"false\" class=\"elementor-section elementor-top-section elementor-element elementor-element-c1ef757 elementor-section-boxed elementor-section-height-default elementor-section-height-default\" data-id=\"c1ef757\" data-element_type=\"section\" data-e-type=\"section\">\n\t\t\t\t\t\t<div class=\"elementor-container elementor-column-gap-default\">\n\t\t\t\t\t<div class=\"elementor-column elementor-col-100 elementor-top-column elementor-element elementor-element-00e2520\" data-id=\"00e2520\" data-element_type=\"column\" data-e-type=\"column\">\n\t\t\t<div class=\"elementor-widget-wrap elementor-element-populated\">\n\t\t\t\t\t\t<div class=\"elementor-element elementor-element-18fd92d elementor-widget elementor-widget-spacer\" data-id=\"18fd92d\" data-element_type=\"widget\" data-e-type=\"widget\" data-widget_type=\"spacer.default\">\n\t\t\t\t<div class=\"elementor-widget-container\">\n\t\t\t\t\t\t\t<div class=\"elementor-spacer\">\n\t\t\t<div class=\"elementor-spacer-inner\"><\/div>\n\t\t<\/div>\n\t\t\t\t\t\t<\/div>\n\t\t\t\t<\/div>\n\t\t\t\t\t<\/div>\n\t\t<\/div>\n\t\t\t\t\t<\/div>\n\t\t<\/section>\n\t\t\t\t<section data-particle_enable=\"false\" data-particle-mobile-disabled=\"false\" class=\"elementor-section elementor-top-section elementor-element elementor-element-61ca01e elementor-section-boxed elementor-section-height-default elementor-section-height-default\" data-id=\"61ca01e\" data-element_type=\"section\" data-e-type=\"section\">\n\t\t\t\t\t\t<div class=\"elementor-container elementor-column-gap-default\">\n\t\t\t\t\t<div class=\"elementor-column elementor-col-100 elementor-top-column elementor-element elementor-element-72a0efa\" data-id=\"72a0efa\" data-element_type=\"column\" data-e-type=\"column\">\n\t\t\t<div class=\"elementor-widget-wrap elementor-element-populated\">\n\t\t\t\t\t\t<div class=\"elementor-element elementor-element-67ad510 elementor-widget elementor-widget-heading\" data-id=\"67ad510\" data-element_type=\"widget\" data-e-type=\"widget\" data-widget_type=\"heading.default\">\n\t\t\t\t<div class=\"elementor-widget-container\">\n\t\t\t\t\t<h2 class=\"elementor-heading-title elementor-size-default\">Nature<\/h2>\t\t\t\t<\/div>\n\t\t\t\t<\/div>\n\t\t\t\t\t<\/div>\n\t\t<\/div>\n\t\t\t\t\t<\/div>\n\t\t<\/section>\n\t\t\t\t<section data-particle_enable=\"false\" data-particle-mobile-disabled=\"false\" class=\"elementor-section elementor-top-section elementor-element elementor-element-6e9271b elementor-section-boxed elementor-section-height-default elementor-section-height-default\" data-id=\"6e9271b\" data-element_type=\"section\" data-e-type=\"section\">\n\t\t\t\t\t\t<div class=\"elementor-container elementor-column-gap-default\">\n\t\t\t\t\t<div class=\"elementor-column elementor-col-100 elementor-top-column elementor-element elementor-element-3f9c3d1\" data-id=\"3f9c3d1\" data-element_type=\"column\" data-e-type=\"column\">\n\t\t\t<div class=\"elementor-widget-wrap elementor-element-populated\">\n\t\t\t\t\t\t<div class=\"elementor-element elementor-element-80df5fa elementor-widget elementor-widget-text-editor\" data-id=\"80df5fa\" data-element_type=\"widget\" data-e-type=\"widget\" data-widget_type=\"text-editor.default\">\n\t\t\t\t<div class=\"elementor-widget-container\">\n\t\t\t\t\t\t\t\t\t<p>Les villes et villages du Maestrazgo sont perch\u00e9s sur un terrain \u00e0 l&#8217;orographie accident\u00e9e, formant un large \u00e9ventail d&#8217;espaces naturels de grande valeur \u00e9cologique et paysag\u00e8re, ce qui a permis d&#8217;inclure une grande partie de son territoire dans des SIC (sites d&#8217;int\u00e9r\u00eat communautaire) et des ZPS (zones de protection sp\u00e9ciale pour les oiseaux).<\/p>\n<p>Dans la partie septentrionale de la r\u00e9gion, le fort plissement g\u00e9ologique et les processus d&#8217;\u00e9rosion qui en d\u00e9coulent ont donn\u00e9 naissance \u00e0 des ravins profond\u00e9ment encastr\u00e9s, \u00e0 des cr\u00eates abruptes et \u00e0 des escarpements verticaux, produisant des images panoramiques de grande valeur, comme les c\u00e9l\u00e8bres \u00d3rganos de Montoro ou les Estrechos del Guadalope. Le sol calcaire a donn\u00e9 naissance \u00e0 de nombreux gouffres et grottes, parmi lesquels les &#8220;Grutas de Cristal&#8221; (grottes de cristal) de Molinos se distinguent par leur extraordinaire beaut\u00e9.<\/p>\n<p>En revanche, le sud est domin\u00e9 par de grands calcaires et, bien que le relief soit plus doux, les altitudes peuvent d\u00e9passer 1 800 m\u00e8tres.<\/p>\n<p>Parmi tous les coins magnifiques de ce paysage, il y a plusieurs zones qui ont \u00e9t\u00e9 d\u00e9clar\u00e9es monuments naturels. Nous faisons r\u00e9f\u00e9rence aux grottes de cristal, aux orgues de Montoro, \u00e0 la source de la rivi\u00e8re Pitarque et au pont naturel de Fonseca, qui sont tous des lieux essentiels \u00e0 visiter dans le Maestrazgo.<\/p>\t\t\t\t\t\t\t\t<\/div>\n\t\t\t\t<\/div>\n\t\t\t\t\t<\/div>\n\t\t<\/div>\n\t\t\t\t\t<\/div>\n\t\t<\/section>\n\t\t\t\t<section data-particle_enable=\"false\" data-particle-mobile-disabled=\"false\" class=\"elementor-section elementor-top-section elementor-element elementor-element-1070ac5 elementor-section-boxed elementor-section-height-default elementor-section-height-default\" data-id=\"1070ac5\" data-element_type=\"section\" data-e-type=\"section\">\n\t\t\t\t\t\t<div class=\"elementor-container elementor-column-gap-default\">\n\t\t\t\t\t<div class=\"elementor-column elementor-col-100 elementor-top-column elementor-element elementor-element-762e76b\" data-id=\"762e76b\" data-element_type=\"column\" data-e-type=\"column\">\n\t\t\t<div class=\"elementor-widget-wrap elementor-element-populated\">\n\t\t\t\t\t\t<div class=\"elementor-element elementor-element-c1bb7bb elementor-widget elementor-widget-spacer\" data-id=\"c1bb7bb\" data-element_type=\"widget\" data-e-type=\"widget\" data-widget_type=\"spacer.default\">\n\t\t\t\t<div class=\"elementor-widget-container\">\n\t\t\t\t\t\t\t<div class=\"elementor-spacer\">\n\t\t\t<div class=\"elementor-spacer-inner\"><\/div>\n\t\t<\/div>\n\t\t\t\t\t\t<\/div>\n\t\t\t\t<\/div>\n\t\t\t\t\t<\/div>\n\t\t<\/div>\n\t\t\t\t\t<\/div>\n\t\t<\/section>\n\t\t\t\t<section data-particle_enable=\"false\" data-particle-mobile-disabled=\"false\" class=\"elementor-section elementor-top-section elementor-element elementor-element-393c6da elementor-section-boxed elementor-section-height-default elementor-section-height-default\" data-id=\"393c6da\" data-element_type=\"section\" data-e-type=\"section\">\n\t\t\t\t\t\t<div class=\"elementor-container elementor-column-gap-default\">\n\t\t\t\t\t<div class=\"elementor-column elementor-col-25 elementor-top-column elementor-element elementor-element-47e6975\" data-id=\"47e6975\" data-element_type=\"column\" data-e-type=\"column\">\n\t\t\t<div class=\"elementor-widget-wrap elementor-element-populated\">\n\t\t\t\t\t\t<div class=\"elementor-element elementor-element-53d430d dce_masking-none elementor-position-top elementor-widget elementor-widget-image-box\" data-id=\"53d430d\" data-element_type=\"widget\" data-e-type=\"widget\" data-widget_type=\"image-box.default\">\n\t\t\t\t<div class=\"elementor-widget-container\">\n\t\t\t\t\t<div class=\"elementor-image-box-wrapper\"><figure class=\"elementor-image-box-img\"><a href=\"https:\/\/turismomaestrazgo.org\/fr\/maestrazgo\/nature\/monuments-naturels\/\" tabindex=\"-1\"><img fetchpriority=\"high\" decoding=\"async\" width=\"423\" height=\"423\" src=\"https:\/\/turismomaestrazgo.org\/wp-content\/uploads\/2021\/04\/cuadrado-monumentos-naturales.png\" class=\"elementor-animation-grow attachment-full size-full wp-image-16319\" alt=\"carr\u00e9-monuments-naturels\" srcset=\"https:\/\/turismomaestrazgo.org\/wp-content\/uploads\/2021\/04\/cuadrado-monumentos-naturales.png 423w, https:\/\/turismomaestrazgo.org\/wp-content\/uploads\/2021\/04\/cuadrado-monumentos-naturales-300x300.png 300w, https:\/\/turismomaestrazgo.org\/wp-content\/uploads\/2021\/04\/cuadrado-monumentos-naturales-150x150.png 150w\" sizes=\"(max-width: 423px) 100vw, 423px\" \/><\/a><\/figure><div class=\"elementor-image-box-content\"><h3 class=\"elementor-image-box-title\"><a href=\"https:\/\/turismomaestrazgo.org\/fr\/maestrazgo\/nature\/monuments-naturels\/\">Monuments naturels<\/a><\/h3><\/div><\/div>\t\t\t\t<\/div>\n\t\t\t\t<\/div>\n\t\t\t\t\t<\/div>\n\t\t<\/div>\n\t\t\t\t<div class=\"elementor-column elementor-col-25 elementor-top-column elementor-element elementor-element-c63cbfc\" data-id=\"c63cbfc\" data-element_type=\"column\" data-e-type=\"column\">\n\t\t\t<div class=\"elementor-widget-wrap elementor-element-populated\">\n\t\t\t\t\t\t<div class=\"elementor-element elementor-element-f68673a dce_masking-none elementor-position-top elementor-widget elementor-widget-image-box\" data-id=\"f68673a\" data-element_type=\"widget\" data-e-type=\"widget\" data-widget_type=\"image-box.default\">\n\t\t\t\t<div class=\"elementor-widget-container\">\n\t\t\t\t\t<div class=\"elementor-image-box-wrapper\"><figure class=\"elementor-image-box-img\"><a href=\"https:\/\/turismomaestrazgo.org\/fr\/maestrazgo\/nature\/faune\/\" tabindex=\"-1\"><img decoding=\"async\" width=\"423\" height=\"423\" src=\"https:\/\/turismomaestrazgo.org\/wp-content\/uploads\/2021\/04\/cuadrado-fauna.png\" class=\"elementor-animation-grow attachment-full size-full wp-image-16313\" alt=\"faune carr\u00e9e\" srcset=\"https:\/\/turismomaestrazgo.org\/wp-content\/uploads\/2021\/04\/cuadrado-fauna.png 423w, https:\/\/turismomaestrazgo.org\/wp-content\/uploads\/2021\/04\/cuadrado-fauna-300x300.png 300w, https:\/\/turismomaestrazgo.org\/wp-content\/uploads\/2021\/04\/cuadrado-fauna-150x150.png 150w\" sizes=\"(max-width: 423px) 100vw, 423px\" \/><\/a><\/figure><div class=\"elementor-image-box-content\"><h3 class=\"elementor-image-box-title\"><a href=\"https:\/\/turismomaestrazgo.org\/fr\/maestrazgo\/nature\/faune\/\">Faune<\/a><\/h3><\/div><\/div>\t\t\t\t<\/div>\n\t\t\t\t<\/div>\n\t\t\t\t\t<\/div>\n\t\t<\/div>\n\t\t\t\t<div class=\"elementor-column elementor-col-25 elementor-top-column elementor-element elementor-element-daaba3b\" data-id=\"daaba3b\" data-element_type=\"column\" data-e-type=\"column\">\n\t\t\t<div class=\"elementor-widget-wrap elementor-element-populated\">\n\t\t\t\t\t\t<div class=\"elementor-element elementor-element-8d795b8 dce_masking-none elementor-position-top elementor-widget elementor-widget-image-box\" data-id=\"8d795b8\" data-element_type=\"widget\" data-e-type=\"widget\" data-widget_type=\"image-box.default\">\n\t\t\t\t<div class=\"elementor-widget-container\">\n\t\t\t\t\t<div class=\"elementor-image-box-wrapper\"><figure class=\"elementor-image-box-img\"><a href=\"https:\/\/turismomaestrazgo.org\/fr\/maestrazgo\/nature\/vegetation\/\" tabindex=\"-1\"><img decoding=\"async\" width=\"423\" height=\"423\" src=\"https:\/\/turismomaestrazgo.org\/wp-content\/uploads\/2021\/04\/cuadrado-vegetacion.png\" class=\"elementor-animation-grow attachment-full size-full wp-image-16323\" alt=\"V\u00e9g\u00e9tation carr\u00e9e\" srcset=\"https:\/\/turismomaestrazgo.org\/wp-content\/uploads\/2021\/04\/cuadrado-vegetacion.png 423w, https:\/\/turismomaestrazgo.org\/wp-content\/uploads\/2021\/04\/cuadrado-vegetacion-300x300.png 300w, https:\/\/turismomaestrazgo.org\/wp-content\/uploads\/2021\/04\/cuadrado-vegetacion-150x150.png 150w\" sizes=\"(max-width: 423px) 100vw, 423px\" \/><\/a><\/figure><div class=\"elementor-image-box-content\"><h3 class=\"elementor-image-box-title\"><a href=\"https:\/\/turismomaestrazgo.org\/fr\/maestrazgo\/nature\/vegetation\/\">V\u00e9g\u00e9tation<\/a><\/h3><\/div><\/div>\t\t\t\t<\/div>\n\t\t\t\t<\/div>\n\t\t\t\t\t<\/div>\n\t\t<\/div>\n\t\t\t\t<div class=\"elementor-column elementor-col-25 elementor-top-column elementor-element elementor-element-3545a55\" data-id=\"3545a55\" data-element_type=\"column\" data-e-type=\"column\">\n\t\t\t<div class=\"elementor-widget-wrap elementor-element-populated\">\n\t\t\t\t\t\t<div class=\"elementor-element elementor-element-02b6da8 dce_masking-none elementor-position-top elementor-widget elementor-widget-image-box\" data-id=\"02b6da8\" data-element_type=\"widget\" data-e-type=\"widget\" data-widget_type=\"image-box.default\">\n\t\t\t\t<div class=\"elementor-widget-container\">\n\t\t\t\t\t<div class=\"elementor-image-box-wrapper\"><figure class=\"elementor-image-box-img\"><a href=\"\/miradores\/\" tabindex=\"-1\"><img loading=\"lazy\" decoding=\"async\" width=\"423\" height=\"423\" src=\"https:\/\/turismomaestrazgo.org\/wp-content\/uploads\/2021\/04\/cuadrado-miradores-paisajes.png\" class=\"elementor-animation-grow attachment-full size-full wp-image-16317\" alt=\"points de vue carr\u00e9s-paysages\" srcset=\"https:\/\/turismomaestrazgo.org\/wp-content\/uploads\/2021\/04\/cuadrado-miradores-paisajes.png 423w, https:\/\/turismomaestrazgo.org\/wp-content\/uploads\/2021\/04\/cuadrado-miradores-paisajes-300x300.png 300w, https:\/\/turismomaestrazgo.org\/wp-content\/uploads\/2021\/04\/cuadrado-miradores-paisajes-150x150.png 150w\" sizes=\"(max-width: 423px) 100vw, 423px\" \/><\/a><\/figure><div class=\"elementor-image-box-content\"><h3 class=\"elementor-image-box-title\"><a href=\"\/miradores\/\">Points de vue sur le paysage<\/a><\/h3><\/div><\/div>\t\t\t\t<\/div>\n\t\t\t\t<\/div>\n\t\t\t\t\t<\/div>\n\t\t<\/div>\n\t\t\t\t\t<\/div>\n\t\t<\/section>\n\t\t\t\t<section data-particle_enable=\"false\" data-particle-mobile-disabled=\"false\" class=\"elementor-section elementor-top-section elementor-element elementor-element-27f0aca elementor-section-boxed elementor-section-height-default elementor-section-height-default\" data-id=\"27f0aca\" data-element_type=\"section\" data-e-type=\"section\">\n\t\t\t\t\t\t<div class=\"elementor-container elementor-column-gap-default\">\n\t\t\t\t\t<div class=\"elementor-column elementor-col-25 elementor-top-column elementor-element elementor-element-3dec2e5\" data-id=\"3dec2e5\" data-element_type=\"column\" data-e-type=\"column\">\n\t\t\t<div class=\"elementor-widget-wrap elementor-element-populated\">\n\t\t\t\t\t\t<div class=\"elementor-element elementor-element-d8d4058 dce_masking-none elementor-position-top elementor-widget elementor-widget-image-box\" data-id=\"d8d4058\" data-element_type=\"widget\" data-e-type=\"widget\" data-widget_type=\"image-box.default\">\n\t\t\t\t<div class=\"elementor-widget-container\">\n\t\t\t\t\t<div class=\"elementor-image-box-wrapper\"><figure class=\"elementor-image-box-img\"><a href=\"https:\/\/turismomaestrazgo.org\/fr\/maestrazgo-paisaje-de-musica\/\" tabindex=\"-1\"><img loading=\"lazy\" decoding=\"async\" width=\"423\" height=\"423\" src=\"https:\/\/turismomaestrazgo.org\/wp-content\/uploads\/2023\/02\/icono-paisaje-de-musica.png\" class=\"elementor-animation-grow attachment-full size-full wp-image-23344\" alt=\"\" srcset=\"https:\/\/turismomaestrazgo.org\/wp-content\/uploads\/2023\/02\/icono-paisaje-de-musica.png 423w, https:\/\/turismomaestrazgo.org\/wp-content\/uploads\/2023\/02\/icono-paisaje-de-musica-300x300.png 300w, https:\/\/turismomaestrazgo.org\/wp-content\/uploads\/2023\/02\/icono-paisaje-de-musica-150x150.png 150w\" sizes=\"(max-width: 423px) 100vw, 423px\" \/><\/a><\/figure><div class=\"elementor-image-box-content\"><h3 class=\"elementor-image-box-title\"><a href=\"https:\/\/turismomaestrazgo.org\/fr\/maestrazgo-paisaje-de-musica\/\">Maestrazgo, paysage de la musique<\/a><\/h3><\/div><\/div>\t\t\t\t<\/div>\n\t\t\t\t<\/div>\n\t\t\t\t\t<\/div>\n\t\t<\/div>\n\t\t\t\t<div class=\"elementor-column elementor-col-25 elementor-top-column elementor-element elementor-element-c93b561\" data-id=\"c93b561\" data-element_type=\"column\" data-e-type=\"column\">\n\t\t\t<div class=\"elementor-widget-wrap elementor-element-populated\">\n\t\t\t\t\t\t<div class=\"elementor-element elementor-element-ef3a8b1 dce_masking-none elementor-position-top elementor-widget elementor-widget-image-box\" data-id=\"ef3a8b1\" data-element_type=\"widget\" data-e-type=\"widget\" data-widget_type=\"image-box.default\">\n\t\t\t\t<div class=\"elementor-widget-container\">\n\t\t\t\t\t<div class=\"elementor-image-box-wrapper\"><figure class=\"elementor-image-box-img\"><a href=\"https:\/\/turismomaestrazgo.org\/fr\/maestrazgo\/nature\/geoparc-du-maestrazgo\/\" tabindex=\"-1\"><img loading=\"lazy\" decoding=\"async\" width=\"284\" height=\"284\" src=\"https:\/\/turismomaestrazgo.org\/wp-content\/uploads\/2021\/06\/icono-raquetas.png\" class=\"elementor-animation-grow attachment-full size-full wp-image-17701\" alt=\"\" srcset=\"https:\/\/turismomaestrazgo.org\/wp-content\/uploads\/2021\/06\/icono-raquetas.png 284w, https:\/\/turismomaestrazgo.org\/wp-content\/uploads\/2021\/06\/icono-raquetas-150x150.png 150w\" sizes=\"(max-width: 284px) 100vw, 284px\" \/><\/a><\/figure><div class=\"elementor-image-box-content\"><h3 class=\"elementor-image-box-title\"><a href=\"https:\/\/turismomaestrazgo.org\/fr\/maestrazgo\/nature\/geoparc-du-maestrazgo\/\">G\u00e9oparc du Maestrazgo<\/a><\/h3><\/div><\/div>\t\t\t\t<\/div>\n\t\t\t\t<\/div>\n\t\t\t\t\t<\/div>\n\t\t<\/div>\n\t\t\t\t<div class=\"elementor-column elementor-col-25 elementor-top-column elementor-element elementor-element-8963135\" data-id=\"8963135\" data-element_type=\"column\" data-e-type=\"column\">\n\t\t\t<div class=\"elementor-widget-wrap elementor-element-populated\">\n\t\t\t\t\t\t<div class=\"elementor-element elementor-element-a9c3ef8 dce_masking-none elementor-position-top elementor-widget elementor-widget-image-box\" data-id=\"a9c3ef8\" data-element_type=\"widget\" data-e-type=\"widget\" data-widget_type=\"image-box.default\">\n\t\t\t\t<div class=\"elementor-widget-container\">\n\t\t\t\t\t<div class=\"elementor-image-box-wrapper\"><figure class=\"elementor-image-box-img\"><a href=\"https:\/\/turismomaestrazgo.org\/fr\/maestrazgo\/nature\/parc-culturel-chopo-cabecero\/\" tabindex=\"-1\"><img loading=\"lazy\" decoding=\"async\" width=\"284\" height=\"284\" src=\"https:\/\/turismomaestrazgo.org\/wp-content\/uploads\/2021\/06\/icono-chopo-cabecero.png\" class=\"elementor-animation-grow attachment-full size-full wp-image-17699\" alt=\"\" srcset=\"https:\/\/turismomaestrazgo.org\/wp-content\/uploads\/2021\/06\/icono-chopo-cabecero.png 284w, https:\/\/turismomaestrazgo.org\/wp-content\/uploads\/2021\/06\/icono-chopo-cabecero-150x150.png 150w\" sizes=\"(max-width: 284px) 100vw, 284px\" \/><\/a><\/figure><div class=\"elementor-image-box-content\"><h3 class=\"elementor-image-box-title\"><a href=\"https:\/\/turismomaestrazgo.org\/fr\/maestrazgo\/nature\/parc-culturel-chopo-cabecero\/\">Parc culturel Chopo Cabecero<\/a><\/h3><\/div><\/div>\t\t\t\t<\/div>\n\t\t\t\t<\/div>\n\t\t\t\t\t<\/div>\n\t\t<\/div>\n\t\t\t\t<div class=\"elementor-column elementor-col-25 elementor-top-column elementor-element elementor-element-d95f2e3\" data-id=\"d95f2e3\" data-element_type=\"column\" data-e-type=\"column\">\n\t\t\t<div class=\"elementor-widget-wrap\">\n\t\t\t\t\t\t\t<\/div>\n\t\t<\/div>\n\t\t\t\t\t<\/div>\n\t\t<\/section>\n\t\t\t\t<\/div>\n\t\t","protected":false},"excerpt":{"rendered":"<p>Nature Les villes et villages du Maestrazgo sont perch\u00e9s sur un terrain \u00e0 l&#8217;orographie accident\u00e9e, formant un large \u00e9ventail d&#8217;espaces naturels de grande valeur \u00e9cologique et paysag\u00e8re, ce qui a [&hellip;]<\/p>\n","protected":false},"author":2,"featured_media":0,"parent":18712,"menu_order":0,"comment_status":"closed","ping_status":"closed","template":"","meta":{"_acf_changed":false,"_EventAllDay":false,"_EventTimezone":"","_EventStartDate":"","_EventEndDate":"","_EventStartDateUTC":"","_EventEndDateUTC":"","_EventShowMap":false,"_EventShowMapLink":false,"_EventURL":"","_EventCost":"","_EventCostDescription":"","_EventCurrencySymbol":"","_EventCurrencyCode":"","_EventCurrencyPosition":"","_EventDateTimeSeparator":"","_EventTimeRangeSeparator":"","_EventOrganizerID":[],"_EventVenueID":[],"_OrganizerEmail":"","_OrganizerPhone":"","_OrganizerWebsite":"","_VenueAddress":"","_VenueCity":"","_VenueCountry":"","_VenueProvince":"","_VenueState":"","_VenueZip":"","_VenuePhone":"","_VenueURL":"","_VenueStateProvince":"","_VenueLat":"","_VenueLng":"","_VenueShowMap":false,"_VenueShowMapLink":false,"footnotes":""},"class_list":["post-18754","page","type-page","status-publish","hentry"],"acf":[],"_links":{"self":[{"href":"https:\/\/turismomaestrazgo.org\/fr\/wp-json\/wp\/v2\/pages\/18754","targetHints":{"allow":["GET"]}}],"collection":[{"href":"https:\/\/turismomaestrazgo.org\/fr\/wp-json\/wp\/v2\/pages"}],"about":[{"href":"https:\/\/turismomaestrazgo.org\/fr\/wp-json\/wp\/v2\/types\/page"}],"author":[{"embeddable":true,"href":"https:\/\/turismomaestrazgo.org\/fr\/wp-json\/wp\/v2\/users\/2"}],"replies":[{"embeddable":true,"href":"https:\/\/turismomaestrazgo.org\/fr\/wp-json\/wp\/v2\/comments?post=18754"}],"version-history":[{"count":0,"href":"https:\/\/turismomaestrazgo.org\/fr\/wp-json\/wp\/v2\/pages\/18754\/revisions"}],"up":[{"embeddable":true,"href":"https:\/\/turismomaestrazgo.org\/fr\/wp-json\/wp\/v2\/pages\/18712"}],"wp:attachment":[{"href":"https:\/\/turismomaestrazgo.org\/fr\/wp-json\/wp\/v2\/media?parent=18754"}],"curies":[{"name":"wp","href":"https:\/\/api.w.org\/{rel}","templated":true}]}}