{"id":18755,"date":"2021-04-22T08:57:19","date_gmt":"2021-04-22T06:57:19","guid":{"rendered":"https:\/\/turismomaestrazgo.org\/monuments-naturels\/"},"modified":"2024-11-04T10:27:36","modified_gmt":"2024-11-04T09:27:36","slug":"monuments-naturels","status":"publish","type":"page","link":"https:\/\/turismomaestrazgo.org\/fr\/maestrazgo\/nature\/monuments-naturels\/","title":{"rendered":"Monuments naturels"},"content":{"rendered":"\t\t<div data-elementor-type=\"wp-page\" data-elementor-id=\"18755\" class=\"elementor elementor-18755 elementor-7255\" data-elementor-post-type=\"page\">\n\t\t\t\t\t\t<section data-particle_enable=\"false\" data-particle-mobile-disabled=\"false\" class=\"elementor-section elementor-top-section elementor-element elementor-element-be90528 elementor-section-boxed elementor-section-height-default elementor-section-height-default\" data-id=\"be90528\" data-element_type=\"section\" data-e-type=\"section\">\n\t\t\t\t\t\t<div class=\"elementor-container elementor-column-gap-default\">\n\t\t\t\t\t<div class=\"elementor-column elementor-col-100 elementor-top-column elementor-element elementor-element-4f68c09\" data-id=\"4f68c09\" data-element_type=\"column\" data-e-type=\"column\">\n\t\t\t<div class=\"elementor-widget-wrap elementor-element-populated\">\n\t\t\t\t\t\t<div class=\"elementor-element elementor-element-0f338ab elementor-widget elementor-widget-dce-breadcrumbs\" data-id=\"0f338ab\" data-element_type=\"widget\" data-e-type=\"widget\" data-widget_type=\"dce-breadcrumbs.default\">\n\t\t\t\t<div class=\"elementor-widget-container\">\n\t\t\t\t\t<ul><li class=\"item-home\"><a class=\"bread-link bread-home\" href=\"https:\/\/turismomaestrazgo.org\/fr\/\" title=\"Homepage\">Homepage<\/a><\/li><li class=\"separator separator-home\"> <span class=\"dce-separator\"> &gt; <\/span> <\/li><li class=\"item-parent item-parent-18712\"><a class=\"bread-parent bread-parent-18712\" href=\"https:\/\/turismomaestrazgo.org\/fr\/maestrazgo\/\" title=\"Maestrazgo\">Maestrazgo<\/a><\/li><li class=\"separator separator-18712\"> <span class=\"dce-separator\"> &gt; <\/span> <\/li><li class=\"item-parent item-parent-18754\"><a class=\"bread-parent bread-parent-18754\" href=\"https:\/\/turismomaestrazgo.org\/fr\/maestrazgo\/nature\/\" title=\"Nature\">Nature<\/a><\/li><li class=\"separator separator-18754\"> <span class=\"dce-separator\"> &gt; <\/span> <\/li><li class=\"item-current item-18755\"><span title=\"Monuments naturels\"> Monuments naturels<\/span><\/li><\/ul>\t\t\t\t<\/div>\n\t\t\t\t<\/div>\n\t\t\t\t\t<\/div>\n\t\t<\/div>\n\t\t\t\t\t<\/div>\n\t\t<\/section>\n\t\t\t\t<section data-particle_enable=\"false\" data-particle-mobile-disabled=\"false\" class=\"elementor-section elementor-top-section elementor-element elementor-element-d716100 elementor-section-boxed elementor-section-height-default elementor-section-height-default\" data-id=\"d716100\" data-element_type=\"section\" data-e-type=\"section\">\n\t\t\t\t\t\t<div class=\"elementor-container elementor-column-gap-default\">\n\t\t\t\t\t<div class=\"elementor-column elementor-col-100 elementor-top-column elementor-element elementor-element-77452e2\" data-id=\"77452e2\" data-element_type=\"column\" data-e-type=\"column\">\n\t\t\t<div class=\"elementor-widget-wrap elementor-element-populated\">\n\t\t\t\t\t\t<div class=\"elementor-element elementor-element-e41be46 elementor-widget elementor-widget-spacer\" data-id=\"e41be46\" data-element_type=\"widget\" data-e-type=\"widget\" data-widget_type=\"spacer.default\">\n\t\t\t\t<div class=\"elementor-widget-container\">\n\t\t\t\t\t\t\t<div class=\"elementor-spacer\">\n\t\t\t<div class=\"elementor-spacer-inner\"><\/div>\n\t\t<\/div>\n\t\t\t\t\t\t<\/div>\n\t\t\t\t<\/div>\n\t\t\t\t\t<\/div>\n\t\t<\/div>\n\t\t\t\t\t<\/div>\n\t\t<\/section>\n\t\t\t\t<section data-particle_enable=\"false\" data-particle-mobile-disabled=\"false\" class=\"elementor-section elementor-top-section elementor-element elementor-element-4edbd60 elementor-section-boxed elementor-section-height-default elementor-section-height-default\" data-id=\"4edbd60\" data-element_type=\"section\" data-e-type=\"section\">\n\t\t\t\t\t\t<div class=\"elementor-container elementor-column-gap-default\">\n\t\t\t\t\t<div class=\"elementor-column elementor-col-100 elementor-top-column elementor-element elementor-element-9941335\" data-id=\"9941335\" data-element_type=\"column\" data-e-type=\"column\">\n\t\t\t<div class=\"elementor-widget-wrap elementor-element-populated\">\n\t\t\t\t\t\t<div class=\"elementor-element elementor-element-f030bf7 elementor-widget elementor-widget-heading\" data-id=\"f030bf7\" data-element_type=\"widget\" data-e-type=\"widget\" data-widget_type=\"heading.default\">\n\t\t\t\t<div class=\"elementor-widget-container\">\n\t\t\t\t\t<h2 class=\"elementor-heading-title elementor-size-default\">Monuments naturels<\/h2>\t\t\t\t<\/div>\n\t\t\t\t<\/div>\n\t\t\t\t\t<\/div>\n\t\t<\/div>\n\t\t\t\t\t<\/div>\n\t\t<\/section>\n\t\t\t\t<section data-particle_enable=\"false\" data-particle-mobile-disabled=\"false\" class=\"elementor-section elementor-top-section elementor-element elementor-element-244d6cd elementor-section-boxed elementor-section-height-default elementor-section-height-default\" data-id=\"244d6cd\" data-element_type=\"section\" data-e-type=\"section\">\n\t\t\t\t\t\t<div class=\"elementor-container elementor-column-gap-default\">\n\t\t\t\t\t<div class=\"elementor-column elementor-col-50 elementor-top-column elementor-element elementor-element-6ce734d\" data-id=\"6ce734d\" data-element_type=\"column\" data-e-type=\"column\">\n\t\t\t<div class=\"elementor-widget-wrap elementor-element-populated\">\n\t\t\t\t\t\t<div class=\"elementor-element elementor-element-836801c elementor-widget elementor-widget-text-editor\" data-id=\"836801c\" data-element_type=\"widget\" data-e-type=\"widget\" data-widget_type=\"text-editor.default\">\n\t\t\t\t<div class=\"elementor-widget-container\">\n\t\t\t\t\t\t\t\t\t<p>La r\u00e9gion du Maestrazgo, \u00e0 mi-chemin entre la cordill\u00e8re ib\u00e9rique et la d\u00e9pression de l&#8217;\u00c8bre, pr\u00e9sente un relief accident\u00e9 et des paysages pittoresques, ce qui a conduit \u00e0 la d\u00e9claration de <b>quatre monuments naturels<\/b>, qui font \u00e0 leur tour partie du parc culturel du Maestrazgo et du g\u00e9oparc du Maestrazgo. L&#8217;objectif est de conserver certains des lieux les plus uniques et les plus pr\u00e9cieux de sa g\u00e9ographie et de contribuer \u00e0 un <b>d\u00e9veloppement durable<\/b> de la r\u00e9gion sous r\u00e9serve de la conservation de ses valeurs naturelles.<\/p>\n\t\t\t\t\t\t\t\t<\/div>\n\t\t\t\t<\/div>\n\t\t\t\t<div class=\"elementor-element elementor-element-a4f2d29 elementor-align-center elementor-widget elementor-widget-button\" data-id=\"a4f2d29\" data-element_type=\"widget\" data-e-type=\"widget\" data-widget_type=\"button.default\">\n\t\t\t\t<div class=\"elementor-widget-container\">\n\t\t\t\t\t\t\t\t\t<div class=\"elementor-button-wrapper\">\n\t\t\t\t\t<a class=\"elementor-button elementor-button-link elementor-size-xs\" href=\"\" target=\"_blank\">\n\t\t\t\t\t\t<span class=\"elementor-button-content-wrapper\">\n\t\t\t\t\t\t\t\t\t<span class=\"elementor-button-text\">T\u00e9l\u00e9charger la brochure didactique sur les monuments naturels<\/span>\n\t\t\t\t\t<\/span>\n\t\t\t\t\t<\/a>\n\t\t\t\t<\/div>\n\t\t\t\t\t\t\t\t<\/div>\n\t\t\t\t<\/div>\n\t\t\t\t\t<\/div>\n\t\t<\/div>\n\t\t\t\t<div class=\"elementor-column elementor-col-50 elementor-top-column elementor-element elementor-element-17323a6\" data-id=\"17323a6\" data-element_type=\"column\" data-e-type=\"column\">\n\t\t\t<div class=\"elementor-widget-wrap elementor-element-populated\">\n\t\t\t\t\t\t<div class=\"elementor-element elementor-element-856487c dce_masking-none elementor-widget elementor-widget-video\" data-id=\"856487c\" data-element_type=\"widget\" data-e-type=\"widget\" data-settings=\"{&quot;youtube_url&quot;:&quot;https:\\\/\\\/www.youtube.com\\\/watch?v=l_xU5Q0XONs&quot;,&quot;show_image_overlay&quot;:&quot;yes&quot;,&quot;image_overlay&quot;:{&quot;url&quot;:&quot;https:\\\/\\\/turismomaestrazgo.org\\\/wp-content\\\/uploads\\\/2021\\\/06\\\/Caratula-video-monumentos-naturales.jpg&quot;,&quot;id&quot;:17649,&quot;size&quot;:&quot;&quot;},&quot;lightbox&quot;:&quot;yes&quot;,&quot;video_type&quot;:&quot;youtube&quot;,&quot;controls&quot;:&quot;yes&quot;}\" data-widget_type=\"video.default\">\n\t\t\t\t<div class=\"elementor-widget-container\">\n\t\t\t\t\t\t\t<div class=\"elementor-wrapper elementor-open-lightbox\">\n\t\t\t\t\t\t\t<div class=\"elementor-custom-embed-image-overlay\" data-elementor-open-lightbox=\"yes\" data-elementor-lightbox=\"{&quot;type&quot;:&quot;video&quot;,&quot;videoType&quot;:&quot;youtube&quot;,&quot;url&quot;:&quot;https:\\\/\\\/www.youtube.com\\\/embed\\\/l_xU5Q0XONs?feature=oembed&amp;start&amp;end&amp;wmode=opaque&amp;loop=0&amp;controls=1&amp;mute=0&amp;rel=0&amp;cc_load_policy=0&quot;,&quot;autoplay&quot;:&quot;&quot;,&quot;modalOptions&quot;:{&quot;id&quot;:&quot;elementor-lightbox-856487c&quot;,&quot;entranceAnimation&quot;:&quot;&quot;,&quot;entranceAnimation_tablet&quot;:&quot;&quot;,&quot;entranceAnimation_mobile&quot;:&quot;&quot;,&quot;videoAspectRatio&quot;:&quot;169&quot;}}\" data-e-action-hash=\"#elementor-action%3Aaction%3Dlightbox%26settings%3DeyJ0eXBlIjoidmlkZW8iLCJ2aWRlb1R5cGUiOiJ5b3V0dWJlIiwidXJsIjoiaHR0cHM6XC9cL3d3dy55b3V0dWJlLmNvbVwvZW1iZWRcL2xfeFU1UTBYT05zP2ZlYXR1cmU9b2VtYmVkJnN0YXJ0JmVuZCZ3bW9kZT1vcGFxdWUmbG9vcD0wJmNvbnRyb2xzPTEmbXV0ZT0wJnJlbD0wJmNjX2xvYWRfcG9saWN5PTAiLCJhdXRvcGxheSI6IiIsIm1vZGFsT3B0aW9ucyI6eyJpZCI6ImVsZW1lbnRvci1saWdodGJveC04NTY0ODdjIiwiZW50cmFuY2VBbmltYXRpb24iOiIiLCJlbnRyYW5jZUFuaW1hdGlvbl90YWJsZXQiOiIiLCJlbnRyYW5jZUFuaW1hdGlvbl9tb2JpbGUiOiIiLCJ2aWRlb0FzcGVjdFJhdGlvIjoiMTY5In19\">\n\t\t\t\t\t\t\t\t\t\t\t<img decoding=\"async\" src=\"https:\/\/turismomaestrazgo.org\/wp-content\/uploads\/elementor\/thumbs\/Caratula-video-monumentos-naturales-q6hormrcarmpdoy37rg1gbp0sxy46gg4mrkf1ee44g.jpg\" title=\"Couverture vid\u00e9o des monuments naturels\" alt=\"les monuments naturels du maestrazgo\" loading=\"lazy\" \/>\t\t\t\t\t\t\t\t\t\t\t\t\t\t\t\t<div class=\"elementor-custom-embed-play\" role=\"button\" aria-label=\"Lire la vid\u00e9o\" tabindex=\"0\">\n\t\t\t\t\t\t\t<i aria-hidden=\"true\" class=\"eicon-play\"><\/i>\t\t\t\t\t\t<\/div>\n\t\t\t\t\t\t\t\t\t<\/div>\n\t\t\t\t\t<\/div>\n\t\t\t\t\t\t<\/div>\n\t\t\t\t<\/div>\n\t\t\t\t\t<\/div>\n\t\t<\/div>\n\t\t\t\t\t<\/div>\n\t\t<\/section>\n\t\t\t\t<section data-particle_enable=\"false\" data-particle-mobile-disabled=\"false\" class=\"elementor-section elementor-top-section elementor-element elementor-element-e38b32b elementor-section-boxed elementor-section-height-default elementor-section-height-default\" data-id=\"e38b32b\" data-element_type=\"section\" data-e-type=\"section\">\n\t\t\t\t\t\t<div class=\"elementor-container elementor-column-gap-default\">\n\t\t\t\t\t<div class=\"elementor-column elementor-col-100 elementor-top-column elementor-element elementor-element-ede09aa\" data-id=\"ede09aa\" data-element_type=\"column\" data-e-type=\"column\">\n\t\t\t<div class=\"elementor-widget-wrap elementor-element-populated\">\n\t\t\t\t\t\t<div class=\"elementor-element elementor-element-113aec3 elementor-widget elementor-widget-spacer\" data-id=\"113aec3\" data-element_type=\"widget\" data-e-type=\"widget\" data-widget_type=\"spacer.default\">\n\t\t\t\t<div class=\"elementor-widget-container\">\n\t\t\t\t\t\t\t<div class=\"elementor-spacer\">\n\t\t\t<div class=\"elementor-spacer-inner\"><\/div>\n\t\t<\/div>\n\t\t\t\t\t\t<\/div>\n\t\t\t\t<\/div>\n\t\t\t\t\t<\/div>\n\t\t<\/div>\n\t\t\t\t\t<\/div>\n\t\t<\/section>\n\t\t\t\t<section data-particle_enable=\"false\" data-particle-mobile-disabled=\"false\" class=\"elementor-section elementor-top-section elementor-element elementor-element-9aa9535 elementor-section-boxed elementor-section-height-default elementor-section-height-default\" data-id=\"9aa9535\" data-element_type=\"section\" data-e-type=\"section\">\n\t\t\t\t\t\t<div class=\"elementor-container elementor-column-gap-default\">\n\t\t\t\t\t<div class=\"elementor-column elementor-col-100 elementor-top-column elementor-element elementor-element-2ab16ed\" data-id=\"2ab16ed\" data-element_type=\"column\" data-e-type=\"column\">\n\t\t\t<div class=\"elementor-widget-wrap elementor-element-populated\">\n\t\t\t\t\t\t<div class=\"dce-fix-background-loop elementor-element elementor-element-21d41a2 bgimage-yes image-acfposts-position-top text-acfposts-position-outside acfposts-align-left elementor-widget elementor-widget-dyncontel-acfposts\" data-id=\"21d41a2\" data-element_type=\"widget\" data-e-type=\"widget\" data-widget_type=\"dyncontel-acfposts.default\">\n\t\t\t\t<div class=\"elementor-widget-container\">\n\t\t\t\t\t\t\t\t<div class=\"acfposts-grid dce-posts-wrap flexgrid-style equalHMRWrap eqWrap\" data-style=\"flexgrid\">\n\n\t\t\t\t\n\t\t\t\t\t<div data-dce-post-id=\"19821\" class=\"dce-post-item dce-post-item-19821 dce-elementor-19821 elementor-1948 column-4   equalHMR eq\">\n\n\t\t\t\t\t\t\n\t\t\t\t\t\t<div class=\"dce-wrapper \">\n\n\t\t\t\t\t\t\t\n\t\t\t\t\t\t\t\t\t\t<div class=\"dce-acfposts_image\">\n\t\t\t\t\t\t<a href=\"https:\/\/turismomaestrazgo.org\/fr\/que-ver\/grottes-de-cristal\/\">\t\t\t\t\t\t\t<figure class=\"acfposts-image\" style=\"background: url(https:\/\/turismomaestrazgo.org\/wp-content\/uploads\/2021\/03\/Grutas-de-Cristal-de-Molinos-1.jpg) no-repeat center; background-size: cover; display: block;\"><\/figure>\n\t\t\t\t\n\t\t\t\t\t\t\t\t\t<\/a>\t\t\t\t\t<\/div>\n\n\t\t\t\t\t\t\t\t\t\t<div class=\"dce-acfposts_content\">\n\t\t\t\t\t\t\t\t\t<h3 class=\"dce-post-title\">\t\t<a href=\"https:\/\/turismomaestrazgo.org\/fr\/que-ver\/grottes-de-cristal\/\">Grottes de cristal<\/a>\t\t<\/h3>\n\t\t\t\t\t\t\t\t<\/div>\n\t\t\t\t\t\t\t\t\t\t\t\t\t\t\t\t\t\t\t\t\t\t<\/div><!-- end wrapper -->\n\n\t\t\t\t\t<\/div><!-- end item -->\n\n\t\t\t\t\t\n\t\t\t\t\t<div data-dce-post-id=\"19838\" class=\"dce-post-item dce-post-item-19838 dce-elementor-19838 elementor-1964 column-4   equalHMR eq\">\n\n\t\t\t\t\t\t\n\t\t\t\t\t\t<div class=\"dce-wrapper \">\n\n\t\t\t\t\t\t\t\n\t\t\t\t\t\t\t\t\t\t<div class=\"dce-acfposts_image\">\n\t\t\t\t\t\t<a href=\"https:\/\/turismomaestrazgo.org\/fr\/que-ver\/source-de-la-riviere-pitarque\/\">\t\t\t\t\t\t\t<figure class=\"acfposts-image\" style=\"background: url(https:\/\/turismomaestrazgo.org\/wp-content\/uploads\/2021\/03\/Nacimiento-Pitarque-3.jpg) no-repeat center; background-size: cover; display: block;\"><\/figure>\n\t\t\t\t\n\t\t\t\t\t\t\t\t\t<\/a>\t\t\t\t\t<\/div>\n\n\t\t\t\t\t\t\t\t\t\t<div class=\"dce-acfposts_content\">\n\t\t\t\t\t\t\t\t\t<h3 class=\"dce-post-title\">\t\t<a href=\"https:\/\/turismomaestrazgo.org\/fr\/que-ver\/source-de-la-riviere-pitarque\/\">Source de la rivi\u00e8re Pitarque<\/a>\t\t<\/h3>\n\t\t\t\t\t\t\t\t<\/div>\n\t\t\t\t\t\t\t\t\t\t\t\t\t\t\t\t\t\t\t\t\t\t<\/div><!-- end wrapper -->\n\n\t\t\t\t\t<\/div><!-- end item -->\n\n\t\t\t\t\t\n\t\t\t\t\t<div data-dce-post-id=\"19848\" class=\"dce-post-item dce-post-item-19848 dce-elementor-19848 elementor-2037 column-4   equalHMR eq\">\n\n\t\t\t\t\t\t\n\t\t\t\t\t\t<div class=\"dce-wrapper \">\n\n\t\t\t\t\t\t\t\n\t\t\t\t\t\t\t\t\t\t<div class=\"dce-acfposts_image\">\n\t\t\t\t\t\t<a href=\"https:\/\/turismomaestrazgo.org\/fr\/que-ver\/corps-de-montoro\/\">\t\t\t\t\t\t\t<figure class=\"acfposts-image\" style=\"background: url(https:\/\/turismomaestrazgo.org\/wp-content\/uploads\/2021\/03\/O\u0301rganos-de-Montoro.jpg) no-repeat center; background-size: cover; display: block;\"><\/figure>\n\t\t\t\t\n\t\t\t\t\t\t\t\t\t<\/a>\t\t\t\t\t<\/div>\n\n\t\t\t\t\t\t\t\t\t\t<div class=\"dce-acfposts_content\">\n\t\t\t\t\t\t\t\t\t<h3 class=\"dce-post-title\">\t\t<a href=\"https:\/\/turismomaestrazgo.org\/fr\/que-ver\/corps-de-montoro\/\">Orgues de Montoro<\/a>\t\t<\/h3>\n\t\t\t\t\t\t\t\t<\/div>\n\t\t\t\t\t\t\t\t\t\t\t\t\t\t\t\t\t\t\t\t\t\t<\/div><!-- end wrapper -->\n\n\t\t\t\t\t<\/div><!-- end item -->\n\n\t\t\t\t\t\n\t\t\t\t\t<div data-dce-post-id=\"19881\" class=\"dce-post-item dce-post-item-19881 dce-elementor-19881 elementor-7240 column-4   equalHMR eq\">\n\n\t\t\t\t\t\t\n\t\t\t\t\t\t<div class=\"dce-wrapper \">\n\n\t\t\t\t\t\t\t\n\t\t\t\t\t\t\t\t\t\t<div class=\"dce-acfposts_image\">\n\t\t\t\t\t\t<a href=\"https:\/\/turismomaestrazgo.org\/fr\/que-ver\/pont-naturel-de-fonseca\/\">\t\t\t\t\t\t\t<figure class=\"acfposts-image\" style=\"background: url(https:\/\/turismomaestrazgo.org\/wp-content\/uploads\/2021\/03\/Puente-Natural-de-Fonseca-Juan-Carlos-Gordillo-2014-1-1-1024x680.jpg) no-repeat center; background-size: cover; display: block;\"><\/figure>\n\t\t\t\t\n\t\t\t\t\t\t\t\t\t<\/a>\t\t\t\t\t<\/div>\n\n\t\t\t\t\t\t\t\t\t\t<div class=\"dce-acfposts_content\">\n\t\t\t\t\t\t\t\t\t<h3 class=\"dce-post-title\">\t\t<a href=\"https:\/\/turismomaestrazgo.org\/fr\/que-ver\/pont-naturel-de-fonseca\/\">Pont naturel de Fonseca<\/a>\t\t<\/h3>\n\t\t\t\t\t\t\t\t<\/div>\n\t\t\t\t\t\t\t\t\t\t\t\t\t\t\t\t\t\t\t\t\t\t<\/div><!-- end wrapper -->\n\n\t\t\t\t\t<\/div><!-- end item -->\n\n\t\t\t\t\t\n\t\t\t<\/div><!-- end grid -->\n\n\t\t\t\n\t\t\t\t\t\t\t<\/div>\n\t\t\t\t<\/div>\n\t\t\t\t\t<\/div>\n\t\t<\/div>\n\t\t\t\t\t<\/div>\n\t\t<\/section>\n\t\t\t\t<section data-particle_enable=\"false\" data-particle-mobile-disabled=\"false\" class=\"elementor-section elementor-top-section elementor-element elementor-element-277d171 elementor-section-boxed elementor-section-height-default elementor-section-height-default\" data-id=\"277d171\" data-element_type=\"section\" data-e-type=\"section\">\n\t\t\t\t\t\t<div class=\"elementor-container elementor-column-gap-default\">\n\t\t\t\t\t<div class=\"elementor-column elementor-col-100 elementor-top-column elementor-element elementor-element-41aa5fb\" data-id=\"41aa5fb\" data-element_type=\"column\" data-e-type=\"column\">\n\t\t\t<div class=\"elementor-widget-wrap elementor-element-populated\">\n\t\t\t\t\t\t<div class=\"elementor-element elementor-element-8a09140 elementor-widget elementor-widget-spacer\" data-id=\"8a09140\" data-element_type=\"widget\" data-e-type=\"widget\" data-widget_type=\"spacer.default\">\n\t\t\t\t<div class=\"elementor-widget-container\">\n\t\t\t\t\t\t\t<div class=\"elementor-spacer\">\n\t\t\t<div class=\"elementor-spacer-inner\"><\/div>\n\t\t<\/div>\n\t\t\t\t\t\t<\/div>\n\t\t\t\t<\/div>\n\t\t\t\t\t<\/div>\n\t\t<\/div>\n\t\t\t\t\t<\/div>\n\t\t<\/section>\n\t\t\t\t<\/div>\n\t\t","protected":false},"excerpt":{"rendered":"<p>Inicio Monuments naturels La r\u00e9gion du Maestrazgo, \u00e0 mi-chemin entre la cordill\u00e8re ib\u00e9rique et la d\u00e9pression de l&#8217;\u00c8bre, pr\u00e9sente un relief accident\u00e9 et des paysages pittoresques, ce qui a conduit [&hellip;]<\/p>\n","protected":false},"author":2,"featured_media":0,"parent":18754,"menu_order":0,"comment_status":"closed","ping_status":"closed","template":"","meta":{"_acf_changed":false,"_EventAllDay":false,"_EventTimezone":"","_EventStartDate":"","_EventEndDate":"","_EventStartDateUTC":"","_EventEndDateUTC":"","_EventShowMap":false,"_EventShowMapLink":false,"_EventURL":"","_EventCost":"","_EventCostDescription":"","_EventCurrencySymbol":"","_EventCurrencyCode":"","_EventCurrencyPosition":"","_EventDateTimeSeparator":"","_EventTimeRangeSeparator":"","_EventOrganizerID":[],"_EventVenueID":[],"_OrganizerEmail":"","_OrganizerPhone":"","_OrganizerWebsite":"","_VenueAddress":"","_VenueCity":"","_VenueCountry":"","_VenueProvince":"","_VenueState":"","_VenueZip":"","_VenuePhone":"","_VenueURL":"","_VenueStateProvince":"","_VenueLat":"","_VenueLng":"","_VenueShowMap":false,"_VenueShowMapLink":false,"footnotes":""},"class_list":["post-18755","page","type-page","status-publish","hentry"],"acf":[],"_links":{"self":[{"href":"https:\/\/turismomaestrazgo.org\/fr\/wp-json\/wp\/v2\/pages\/18755","targetHints":{"allow":["GET"]}}],"collection":[{"href":"https:\/\/turismomaestrazgo.org\/fr\/wp-json\/wp\/v2\/pages"}],"about":[{"href":"https:\/\/turismomaestrazgo.org\/fr\/wp-json\/wp\/v2\/types\/page"}],"author":[{"embeddable":true,"href":"https:\/\/turismomaestrazgo.org\/fr\/wp-json\/wp\/v2\/users\/2"}],"replies":[{"embeddable":true,"href":"https:\/\/turismomaestrazgo.org\/fr\/wp-json\/wp\/v2\/comments?post=18755"}],"version-history":[{"count":2,"href":"https:\/\/turismomaestrazgo.org\/fr\/wp-json\/wp\/v2\/pages\/18755\/revisions"}],"predecessor-version":[{"id":32594,"href":"https:\/\/turismomaestrazgo.org\/fr\/wp-json\/wp\/v2\/pages\/18755\/revisions\/32594"}],"up":[{"embeddable":true,"href":"https:\/\/turismomaestrazgo.org\/fr\/wp-json\/wp\/v2\/pages\/18754"}],"wp:attachment":[{"href":"https:\/\/turismomaestrazgo.org\/fr\/wp-json\/wp\/v2\/media?parent=18755"}],"curies":[{"name":"wp","href":"https:\/\/api.w.org\/{rel}","templated":true}]}}