{"id":18761,"date":"2021-04-22T09:38:42","date_gmt":"2021-04-22T09:38:42","guid":{"rendered":"https:\/\/turismomaestrazgo.org\/faune\/observation-des-oiseaux\/"},"modified":"2022-08-03T14:43:32","modified_gmt":"2022-08-03T14:43:32","slug":"observation-des-oiseaux","status":"publish","type":"page","link":"https:\/\/turismomaestrazgo.org\/fr\/maestrazgo\/nature\/faune\/observation-des-oiseaux\/","title":{"rendered":"Observation des oiseaux"},"content":{"rendered":"\t\t<div data-elementor-type=\"wp-page\" data-elementor-id=\"18761\" class=\"elementor elementor-18761 elementor-7263\" data-elementor-post-type=\"page\">\n\t\t\t\t\t\t<section data-particle_enable=\"false\" data-particle-mobile-disabled=\"false\" class=\"elementor-section elementor-top-section elementor-element elementor-element-5306799 elementor-section-boxed elementor-section-height-default elementor-section-height-default\" data-id=\"5306799\" data-element_type=\"section\" data-e-type=\"section\">\n\t\t\t\t\t\t<div class=\"elementor-container elementor-column-gap-default\">\n\t\t\t\t\t<div class=\"elementor-column elementor-col-100 elementor-top-column elementor-element elementor-element-52346be\" data-id=\"52346be\" data-element_type=\"column\" data-e-type=\"column\">\n\t\t\t<div class=\"elementor-widget-wrap elementor-element-populated\">\n\t\t\t\t\t\t<div class=\"elementor-element elementor-element-e1ed213 elementor-widget elementor-widget-dce-breadcrumbs\" data-id=\"e1ed213\" data-element_type=\"widget\" data-e-type=\"widget\" data-widget_type=\"dce-breadcrumbs.default\">\n\t\t\t\t<div class=\"elementor-widget-container\">\n\t\t\t\t\t<ul><li class=\"item-home\"><a class=\"bread-link bread-home\" href=\"https:\/\/turismomaestrazgo.org\/fr\/\" title=\"Homepage\">Homepage<\/a><\/li><li class=\"separator separator-home\"> <span class=\"dce-separator\"> &gt; <\/span> <\/li><li class=\"item-parent item-parent-18712\"><a class=\"bread-parent bread-parent-18712\" href=\"https:\/\/turismomaestrazgo.org\/fr\/maestrazgo\/\" title=\"Maestrazgo\">Maestrazgo<\/a><\/li><li class=\"separator separator-18712\"> <span class=\"dce-separator\"> &gt; <\/span> <\/li><li class=\"item-parent item-parent-18754\"><a class=\"bread-parent bread-parent-18754\" href=\"https:\/\/turismomaestrazgo.org\/fr\/maestrazgo\/nature\/\" title=\"Nature\">Nature<\/a><\/li><li class=\"separator separator-18754\"> <span class=\"dce-separator\"> &gt; <\/span> <\/li><li class=\"item-parent item-parent-18753\"><a class=\"bread-parent bread-parent-18753\" href=\"https:\/\/turismomaestrazgo.org\/fr\/maestrazgo\/nature\/faune\/\" title=\"Faune\">Faune<\/a><\/li><li class=\"separator separator-18753\"> <span class=\"dce-separator\"> &gt; <\/span> <\/li><li class=\"item-current item-18761\"><span title=\"Observation des oiseaux\"> Observation des oiseaux<\/span><\/li><\/ul>\t\t\t\t<\/div>\n\t\t\t\t<\/div>\n\t\t\t\t\t<\/div>\n\t\t<\/div>\n\t\t\t\t\t<\/div>\n\t\t<\/section>\n\t\t\t\t<section data-particle_enable=\"false\" data-particle-mobile-disabled=\"false\" class=\"elementor-section elementor-top-section elementor-element elementor-element-fbfbfad elementor-section-boxed elementor-section-height-default elementor-section-height-default\" data-id=\"fbfbfad\" data-element_type=\"section\" data-e-type=\"section\">\n\t\t\t\t\t\t<div class=\"elementor-container elementor-column-gap-default\">\n\t\t\t\t\t<div class=\"elementor-column elementor-col-100 elementor-top-column elementor-element elementor-element-2694abb\" data-id=\"2694abb\" data-element_type=\"column\" data-e-type=\"column\">\n\t\t\t<div class=\"elementor-widget-wrap elementor-element-populated\">\n\t\t\t\t\t\t<div class=\"elementor-element elementor-element-f21c946 elementor-widget elementor-widget-spacer\" data-id=\"f21c946\" data-element_type=\"widget\" data-e-type=\"widget\" data-widget_type=\"spacer.default\">\n\t\t\t\t<div class=\"elementor-widget-container\">\n\t\t\t\t\t\t\t<div class=\"elementor-spacer\">\n\t\t\t<div class=\"elementor-spacer-inner\"><\/div>\n\t\t<\/div>\n\t\t\t\t\t\t<\/div>\n\t\t\t\t<\/div>\n\t\t\t\t\t<\/div>\n\t\t<\/div>\n\t\t\t\t\t<\/div>\n\t\t<\/section>\n\t\t\t\t<section data-particle_enable=\"false\" data-particle-mobile-disabled=\"false\" class=\"elementor-section elementor-top-section elementor-element elementor-element-e79949b elementor-section-boxed elementor-section-height-default elementor-section-height-default\" data-id=\"e79949b\" data-element_type=\"section\" data-e-type=\"section\">\n\t\t\t\t\t\t<div class=\"elementor-container elementor-column-gap-default\">\n\t\t\t\t\t<div class=\"elementor-column elementor-col-50 elementor-top-column elementor-element elementor-element-e68e7c2\" data-id=\"e68e7c2\" data-element_type=\"column\" data-e-type=\"column\">\n\t\t\t<div class=\"elementor-widget-wrap elementor-element-populated\">\n\t\t\t\t\t\t<div class=\"elementor-element elementor-element-1e75b00 elementor-widget elementor-widget-heading\" data-id=\"1e75b00\" data-element_type=\"widget\" data-e-type=\"widget\" data-widget_type=\"heading.default\">\n\t\t\t\t<div class=\"elementor-widget-container\">\n\t\t\t\t\t<h2 class=\"elementor-heading-title elementor-size-default\">Observation des oiseaux<\/h2>\t\t\t\t<\/div>\n\t\t\t\t<\/div>\n\t\t\t\t<div class=\"elementor-element elementor-element-50791b2 elementor-widget elementor-widget-text-editor\" data-id=\"50791b2\" data-element_type=\"widget\" data-e-type=\"widget\" data-widget_type=\"text-editor.default\">\n\t\t\t\t<div class=\"elementor-widget-container\">\n\t\t\t\t\t\t\t\t\t<p class=\"p1\"><span class=\"s1\">L&#8217;Aragon se caract\u00e9rise par une avifaune vari\u00e9e, en accord avec la richesse des habitats de son territoire, et comme cons\u00e9quence des diff\u00e9rents facteurs biog\u00e9ographiques : relief, climat, type de sol, altitude et orientation. Une zone privil\u00e9gi\u00e9e pour cela est le Sistema Ib\u00e9rico, un groupe de cha\u00eenes de montagnes allant de la moyenne montagne \u00e0 la zone totalement m\u00e9diterran\u00e9enne, avec une faible densit\u00e9 de population humaine, dont le Maestrazgo. Des sommets et des landes de plus de 1 000 m\u00e8tres, des for\u00eats de conif\u00e8res et de ch\u00eanes kerm\u00e8s et une abondance de coupes de rivi\u00e8re, un habitat id\u00e9al pour de nombreuses esp\u00e8ces d&#8217;oiseaux.  <\/span><\/p><p class=\"p2\"><span class=\"s1\">Une grande partie du Maestrazgo fait partie de la <b>ZEPA R\u00edo Guadalope &#8211; Maestrazgo<\/b> (zone d&#8217;int\u00e9r\u00eat sp\u00e9cial pour les oiseaux), qui s&#8217;\u00e9tend sur plus de 55 000 hectares le long du fleuve Guadalope et de ses affluents, avec les plus grandes zones dans le district de Maestrazgo.<\/span><\/p>\t\t\t\t\t\t\t\t<\/div>\n\t\t\t\t<\/div>\n\t\t\t\t<div class=\"elementor-element elementor-element-5bdda26 elementor-align-center elementor-widget elementor-widget-button\" data-id=\"5bdda26\" data-element_type=\"widget\" data-e-type=\"widget\" data-widget_type=\"button.default\">\n\t\t\t\t<div class=\"elementor-widget-container\">\n\t\t\t\t\t\t\t\t\t<div class=\"elementor-button-wrapper\">\n\t\t\t\t\t<a class=\"elementor-button elementor-button-link elementor-size-xs\" href=\"https:\/\/natura2000.eea.europa.eu\/Natura2000\/SDF.aspx?site=ES2420124\" target=\"_blank\">\n\t\t\t\t\t\t<span class=\"elementor-button-content-wrapper\">\n\t\t\t\t\t\t\t\t\t<span class=\"elementor-button-text\">Zone de protection sp\u00e9ciale des oiseaux R\u00edo Guadalope - Maestrazgo<\/span>\n\t\t\t\t\t<\/span>\n\t\t\t\t\t<\/a>\n\t\t\t\t<\/div>\n\t\t\t\t\t\t\t\t<\/div>\n\t\t\t\t<\/div>\n\t\t\t\t<div class=\"elementor-element elementor-element-f7c22ec elementor-align-center elementor-widget elementor-widget-button\" data-id=\"f7c22ec\" data-element_type=\"widget\" data-e-type=\"widget\" data-widget_type=\"button.default\">\n\t\t\t\t<div class=\"elementor-widget-container\">\n\t\t\t\t\t\t\t\t\t<div class=\"elementor-button-wrapper\">\n\t\t\t\t\t<a class=\"elementor-button elementor-button-link elementor-size-xs\" href=\"https:\/\/www.aragon.es\/-\/zonas-de-especial-proteccion-para-las-aves\" target=\"_blank\">\n\t\t\t\t\t\t<span class=\"elementor-button-content-wrapper\">\n\t\t\t\t\t\t\t\t\t<span class=\"elementor-button-text\">Application web pour la consultation des ZPS<\/span>\n\t\t\t\t\t<\/span>\n\t\t\t\t\t<\/a>\n\t\t\t\t<\/div>\n\t\t\t\t\t\t\t\t<\/div>\n\t\t\t\t<\/div>\n\t\t\t\t<div class=\"elementor-element elementor-element-3baa855 elementor-align-center elementor-widget elementor-widget-button\" data-id=\"3baa855\" data-element_type=\"widget\" data-e-type=\"widget\" data-widget_type=\"button.default\">\n\t\t\t\t<div class=\"elementor-widget-container\">\n\t\t\t\t\t\t\t\t\t<div class=\"elementor-button-wrapper\">\n\t\t\t\t\t<a class=\"elementor-button elementor-button-link elementor-size-xs\" href=\"https:\/\/turismomaestrazgo.org\/wp-content\/uploads\/2021\/04\/r15_maestrazgo-ornitologia.pdf\" target=\"_blank\">\n\t\t\t\t\t\t<span class=\"elementor-button-content-wrapper\">\n\t\t\t\t\t\t\t\t\t<span class=\"elementor-button-text\">Voir brochure Itin\u00e9raires ornithologiques Aragon - Maestrazgo<\/span>\n\t\t\t\t\t<\/span>\n\t\t\t\t\t<\/a>\n\t\t\t\t<\/div>\n\t\t\t\t\t\t\t\t<\/div>\n\t\t\t\t<\/div>\n\t\t\t\t<div class=\"elementor-element elementor-element-ab5d620 elementor-hidden-desktop elementor-hidden-tablet dce_masking-none elementor-widget elementor-widget-image\" data-id=\"ab5d620\" data-element_type=\"widget\" data-e-type=\"widget\" data-widget_type=\"image.default\">\n\t\t\t\t<div class=\"elementor-widget-container\">\n\t\t\t\t\t\t\t\t\t\t\t\t\t\t\t\t<a href=\"https:\/\/turismomaestrazgo.org\/wp-content\/uploads\/2021\/04\/Fauna.-Buitre-leonado.-JL.-Lagares.jpg\" data-elementor-open-lightbox=\"yes\" data-elementor-lightbox-title=\"Faune. Vautour fauve. JL. Lacs\" data-e-action-hash=\"#elementor-action%3Aaction%3Dlightbox%26settings%3DeyJpZCI6MTY0MjcsInVybCI6Imh0dHBzOlwvXC90dXJpc21vbWFlc3RyYXpnby5vcmdcL3dwLWNvbnRlbnRcL3VwbG9hZHNcLzIwMjFcLzA0XC9GYXVuYS4tQnVpdHJlLWxlb25hZG8uLUpMLi1MYWdhcmVzLmpwZyJ9\">\n\t\t\t\t\t\t\t<img fetchpriority=\"high\" decoding=\"async\" width=\"1500\" height=\"565\" src=\"https:\/\/turismomaestrazgo.org\/wp-content\/uploads\/2021\/04\/Fauna.-Buitre-leonado.-JL.-Lagares.jpg\" class=\"attachment-full size-full wp-image-16427\" alt=\"Faune. Vautour fauve. JL. Lacs\" srcset=\"https:\/\/turismomaestrazgo.org\/wp-content\/uploads\/2021\/04\/Fauna.-Buitre-leonado.-JL.-Lagares.jpg 1500w, https:\/\/turismomaestrazgo.org\/wp-content\/uploads\/2021\/04\/Fauna.-Buitre-leonado.-JL.-Lagares-300x113.jpg 300w, https:\/\/turismomaestrazgo.org\/wp-content\/uploads\/2021\/04\/Fauna.-Buitre-leonado.-JL.-Lagares-1024x386.jpg 1024w, https:\/\/turismomaestrazgo.org\/wp-content\/uploads\/2021\/04\/Fauna.-Buitre-leonado.-JL.-Lagares-768x289.jpg 768w\" sizes=\"(max-width: 1500px) 100vw, 1500px\" \/>\t\t\t\t\t\t\t\t<\/a>\n\t\t\t\t\t\t\t\t\t\t\t\t\t\t\t<\/div>\n\t\t\t\t<\/div>\n\t\t\t\t\t<\/div>\n\t\t<\/div>\n\t\t\t\t<div class=\"elementor-column elementor-col-50 elementor-top-column elementor-element elementor-element-e70689f\" data-id=\"e70689f\" data-element_type=\"column\" data-e-type=\"column\">\n\t\t\t<div class=\"elementor-widget-wrap elementor-element-populated\">\n\t\t\t\t\t\t<div data-dce-advanced-background-color=\"#C96741\" class=\"elementor-element elementor-element-eba8c10 eael-infobox-icon-bg-shape-circle eael-infobox-content-align--center eael-infobox-icon-hover-bg-shape-none elementor-widget elementor-widget-eael-info-box\" data-id=\"eba8c10\" data-element_type=\"widget\" data-e-type=\"widget\" data-widget_type=\"eael-info-box.default\">\n\t\t\t\t<div class=\"elementor-widget-container\">\n\t\t\t\t\t        <div class=\"eael-infobox icon-on-top\">\n\t            <div class=\"infobox-icon eael-icon-only\">\n\n            \n                            <div class=\"infobox-icon-wrap\">\n                    <i aria-hidden=\"true\" class=\"fab fa-earlybirds\"><\/i>                <\/div>\n            \n            \n        <\/div>\n            <div class=\"infobox-content eael-icon-only\">\n                    <div class=\"infobox-title-section\">\n                <h2 class=\"title\">Recommandations pour l'observation des oiseaux<\/h2>            <\/div>\n            <div><p class=\"p1\"><span class=\"s1\">Pour aller \u00e0 la campagne et observer les oiseaux, il est n\u00e9cessaire de se munir de jumelles et d&#8217;un guide de terrain o\u00f9 vous pourrez chercher et consulter les esp\u00e8ces que vous trouvez. Il est fortement recommand\u00e9 d&#8217;ajouter un carnet pour prendre des notes et un appareil photo. Un t\u00e9lescope terrestre est tr\u00e8s utile sur de tr\u00e8s longues distances.<\/span><\/p><p class=\"p1\"><span class=\"s1\">Conna\u00eetre les diff\u00e9rents sons \u00e9mis par les oiseaux nous permet d&#8217;augmenter consid\u00e9rablement notre liste d&#8217;observations. Il est donc pr\u00e9f\u00e9rable d&#8217;avoir sur soi des enregistrements comprenant le nom de chaque esp\u00e8ce. Le plus pratique est de porter des v\u00eatements confortables aux tons discrets, d&#8217;y aller seul ou en petits groupes et de se d\u00e9placer lentement et silencieusement.<\/span><\/p><p class=\"p1\"><span class=\"s1\">Toute p\u00e9riode de l&#8217;ann\u00e9e est propice \u00e0 l&#8217;observation des oiseaux, chaque saison ayant ses esp\u00e8ces typiques : estivales, hivernales, migratoires et r\u00e9sidentes. On trouve des oiseaux partout, m\u00eame dans les zones fortement urbanis\u00e9es.<\/span><\/p><p class=\"p1\"><span class=\"s1\">Il est essentiel de faire passer le bien-\u00eatre et la tranquillit\u00e9 des oiseaux avant notre activit\u00e9, de ne pas s&#8217;approcher trop pr\u00e8s, de rester sur les chemins et les sentiers pour \u00e9viter de marcher sur la v\u00e9g\u00e9tation, de respecter les r\u00e9serves et les zones interdites.<\/span><\/p><p class=\"p1\"><span class=\"s1\">Il existe plusieurs p\u00e9riodes critiques pour les oiseaux, non seulement la reproduction, mais aussi les migrations, lorsqu&#8217;ils se reposent de leurs longs voyages.<\/span><\/p><\/div>        <\/div>\n            <\/div>\n\n\t\t\t\t\t\t<\/div>\n\t\t\t\t<\/div>\n\t\t\t\t\t<\/div>\n\t\t<\/div>\n\t\t\t\t\t<\/div>\n\t\t<\/section>\n\t\t\t\t<section data-particle_enable=\"false\" data-particle-mobile-disabled=\"false\" class=\"elementor-section elementor-top-section elementor-element elementor-element-77ab537 elementor-hidden-phone elementor-section-boxed elementor-section-height-default elementor-section-height-default\" data-id=\"77ab537\" data-element_type=\"section\" data-e-type=\"section\">\n\t\t\t\t\t\t<div class=\"elementor-container elementor-column-gap-default\">\n\t\t\t\t\t<div class=\"elementor-column elementor-col-100 elementor-top-column elementor-element elementor-element-c6ec383\" data-id=\"c6ec383\" data-element_type=\"column\" data-e-type=\"column\">\n\t\t\t<div class=\"elementor-widget-wrap elementor-element-populated\">\n\t\t\t\t\t\t<div class=\"elementor-element elementor-element-84cc47c elementor-widget elementor-widget-spacer\" data-id=\"84cc47c\" data-element_type=\"widget\" data-e-type=\"widget\" data-widget_type=\"spacer.default\">\n\t\t\t\t<div class=\"elementor-widget-container\">\n\t\t\t\t\t\t\t<div class=\"elementor-spacer\">\n\t\t\t<div class=\"elementor-spacer-inner\"><\/div>\n\t\t<\/div>\n\t\t\t\t\t\t<\/div>\n\t\t\t\t<\/div>\n\t\t\t\t\t<\/div>\n\t\t<\/div>\n\t\t\t\t\t<\/div>\n\t\t<\/section>\n\t\t\t\t<section data-particle_enable=\"false\" data-particle-mobile-disabled=\"false\" class=\"elementor-section elementor-top-section elementor-element elementor-element-762a417 elementor-hidden-phone elementor-section-boxed elementor-section-height-default elementor-section-height-default\" data-id=\"762a417\" data-element_type=\"section\" data-e-type=\"section\">\n\t\t\t\t\t\t<div class=\"elementor-container elementor-column-gap-default\">\n\t\t\t\t\t<div class=\"elementor-column elementor-col-100 elementor-top-column elementor-element elementor-element-73b663d\" data-id=\"73b663d\" data-element_type=\"column\" data-e-type=\"column\">\n\t\t\t<div class=\"elementor-widget-wrap elementor-element-populated\">\n\t\t\t\t\t\t<div class=\"elementor-element elementor-element-53ec36f dce_masking-none elementor-widget elementor-widget-image\" data-id=\"53ec36f\" data-element_type=\"widget\" data-e-type=\"widget\" data-widget_type=\"image.default\">\n\t\t\t\t<div class=\"elementor-widget-container\">\n\t\t\t\t\t\t\t\t\t\t\t\t\t\t\t\t<a href=\"https:\/\/turismomaestrazgo.org\/wp-content\/uploads\/2021\/04\/Fauna.-Buitre-leonado.-JL.-Lagares.jpg\" data-elementor-open-lightbox=\"yes\" data-elementor-lightbox-title=\"Faune. Vautour fauve. JL. Lacs\" data-e-action-hash=\"#elementor-action%3Aaction%3Dlightbox%26settings%3DeyJpZCI6MTY0MjcsInVybCI6Imh0dHBzOlwvXC90dXJpc21vbWFlc3RyYXpnby5vcmdcL3dwLWNvbnRlbnRcL3VwbG9hZHNcLzIwMjFcLzA0XC9GYXVuYS4tQnVpdHJlLWxlb25hZG8uLUpMLi1MYWdhcmVzLmpwZyJ9\">\n\t\t\t\t\t\t\t<img decoding=\"async\" src=\"https:\/\/turismomaestrazgo.org\/wp-content\/uploads\/elementor\/thumbs\/Fauna.-Buitre-leonado.-JL.-Lagares-q6hor6siwp4k1tb93rj0j20s6t0cv6wqdmywr5dzew.jpg\" title=\"Faune. Vautour fauve. JL. Lacs\" alt=\"Faune. Vautour fauve. JL. Lacs\" loading=\"lazy\" \/>\t\t\t\t\t\t\t\t<\/a>\n\t\t\t\t\t\t\t\t\t\t\t\t\t\t\t<\/div>\n\t\t\t\t<\/div>\n\t\t\t\t\t<\/div>\n\t\t<\/div>\n\t\t\t\t\t<\/div>\n\t\t<\/section>\n\t\t\t\t<section data-particle_enable=\"false\" data-particle-mobile-disabled=\"false\" class=\"elementor-section elementor-top-section elementor-element elementor-element-c96cf25 elementor-section-boxed elementor-section-height-default elementor-section-height-default\" data-id=\"c96cf25\" data-element_type=\"section\" data-e-type=\"section\">\n\t\t\t\t\t\t<div class=\"elementor-container elementor-column-gap-default\">\n\t\t\t\t\t<div class=\"elementor-column elementor-col-100 elementor-top-column elementor-element elementor-element-fed8e33\" data-id=\"fed8e33\" data-element_type=\"column\" data-e-type=\"column\">\n\t\t\t<div class=\"elementor-widget-wrap elementor-element-populated\">\n\t\t\t\t\t\t<div class=\"elementor-element elementor-element-0c0f3ac elementor-widget elementor-widget-spacer\" data-id=\"0c0f3ac\" data-element_type=\"widget\" data-e-type=\"widget\" data-widget_type=\"spacer.default\">\n\t\t\t\t<div class=\"elementor-widget-container\">\n\t\t\t\t\t\t\t<div class=\"elementor-spacer\">\n\t\t\t<div class=\"elementor-spacer-inner\"><\/div>\n\t\t<\/div>\n\t\t\t\t\t\t<\/div>\n\t\t\t\t<\/div>\n\t\t\t\t\t<\/div>\n\t\t<\/div>\n\t\t\t\t\t<\/div>\n\t\t<\/section>\n\t\t\t\t<\/div>\n\t\t","protected":false},"excerpt":{"rendered":"<p>Inicio Observation des oiseaux L&#8217;Aragon se caract\u00e9rise par une avifaune vari\u00e9e, en accord avec la richesse des habitats de son territoire, et comme cons\u00e9quence des diff\u00e9rents facteurs biog\u00e9ographiques : relief, [&hellip;]<\/p>\n","protected":false},"author":2,"featured_media":0,"parent":18753,"menu_order":0,"comment_status":"closed","ping_status":"closed","template":"","meta":{"_acf_changed":false,"_EventAllDay":false,"_EventTimezone":"","_EventStartDate":"","_EventEndDate":"","_EventStartDateUTC":"","_EventEndDateUTC":"","_EventShowMap":false,"_EventShowMapLink":false,"_EventURL":"","_EventCost":"","_EventCostDescription":"","_EventCurrencySymbol":"","_EventCurrencyCode":"","_EventCurrencyPosition":"","_EventDateTimeSeparator":"","_EventTimeRangeSeparator":"","_EventOrganizerID":[],"_EventVenueID":[],"_OrganizerEmail":"","_OrganizerPhone":"","_OrganizerWebsite":"","_VenueAddress":"","_VenueCity":"","_VenueCountry":"","_VenueProvince":"","_VenueState":"","_VenueZip":"","_VenuePhone":"","_VenueURL":"","_VenueStateProvince":"","_VenueLat":"","_VenueLng":"","_VenueShowMap":false,"_VenueShowMapLink":false,"footnotes":""},"class_list":["post-18761","page","type-page","status-publish","hentry"],"acf":[],"_links":{"self":[{"href":"https:\/\/turismomaestrazgo.org\/fr\/wp-json\/wp\/v2\/pages\/18761","targetHints":{"allow":["GET"]}}],"collection":[{"href":"https:\/\/turismomaestrazgo.org\/fr\/wp-json\/wp\/v2\/pages"}],"about":[{"href":"https:\/\/turismomaestrazgo.org\/fr\/wp-json\/wp\/v2\/types\/page"}],"author":[{"embeddable":true,"href":"https:\/\/turismomaestrazgo.org\/fr\/wp-json\/wp\/v2\/users\/2"}],"replies":[{"embeddable":true,"href":"https:\/\/turismomaestrazgo.org\/fr\/wp-json\/wp\/v2\/comments?post=18761"}],"version-history":[{"count":0,"href":"https:\/\/turismomaestrazgo.org\/fr\/wp-json\/wp\/v2\/pages\/18761\/revisions"}],"up":[{"embeddable":true,"href":"https:\/\/turismomaestrazgo.org\/fr\/wp-json\/wp\/v2\/pages\/18753"}],"wp:attachment":[{"href":"https:\/\/turismomaestrazgo.org\/fr\/wp-json\/wp\/v2\/media?parent=18761"}],"curies":[{"name":"wp","href":"https:\/\/api.w.org\/{rel}","templated":true}]}}