{"id":21444,"date":"2022-08-22T14:03:17","date_gmt":"2022-08-22T14:03:17","guid":{"rendered":"https:\/\/turismomaestrazgo.org\/politique-de-confidentialite-2\/"},"modified":"2022-08-25T06:44:15","modified_gmt":"2022-08-25T06:44:15","slug":"politique-de-confidentialite-2","status":"publish","type":"page","link":"https:\/\/turismomaestrazgo.org\/fr\/politique-de-confidentialite-2\/","title":{"rendered":"Politique de confidentialit\u00e9"},"content":{"rendered":"\t\t<div data-elementor-type=\"wp-page\" data-elementor-id=\"21444\" class=\"elementor elementor-21444 elementor-21434\" data-elementor-post-type=\"page\">\n\t\t\t\t\t\t<section data-particle_enable=\"false\" data-particle-mobile-disabled=\"false\" class=\"elementor-section elementor-top-section elementor-element elementor-element-48c7db9 elementor-section-boxed elementor-section-height-default elementor-section-height-default\" data-id=\"48c7db9\" data-element_type=\"section\" data-e-type=\"section\">\n\t\t\t\t\t\t<div class=\"elementor-container elementor-column-gap-default\">\n\t\t\t\t\t<div class=\"elementor-column elementor-col-100 elementor-top-column elementor-element elementor-element-0400e3e\" data-id=\"0400e3e\" data-element_type=\"column\" data-e-type=\"column\">\n\t\t\t<div class=\"elementor-widget-wrap elementor-element-populated\">\n\t\t\t\t\t\t<div class=\"elementor-element elementor-element-0a72588 elementor-widget elementor-widget-spacer\" data-id=\"0a72588\" data-element_type=\"widget\" data-e-type=\"widget\" data-widget_type=\"spacer.default\">\n\t\t\t\t<div class=\"elementor-widget-container\">\n\t\t\t\t\t\t\t<div class=\"elementor-spacer\">\n\t\t\t<div class=\"elementor-spacer-inner\"><\/div>\n\t\t<\/div>\n\t\t\t\t\t\t<\/div>\n\t\t\t\t<\/div>\n\t\t\t\t\t<\/div>\n\t\t<\/div>\n\t\t\t\t\t<\/div>\n\t\t<\/section>\n\t\t\t\t<section data-particle_enable=\"false\" data-particle-mobile-disabled=\"false\" class=\"elementor-section elementor-top-section elementor-element elementor-element-3aca9ea elementor-section-boxed elementor-section-height-default elementor-section-height-default\" data-id=\"3aca9ea\" data-element_type=\"section\" data-e-type=\"section\">\n\t\t\t\t\t\t<div class=\"elementor-container elementor-column-gap-default\">\n\t\t\t\t\t<div class=\"elementor-column elementor-col-100 elementor-top-column elementor-element elementor-element-3253e35\" data-id=\"3253e35\" data-element_type=\"column\" data-e-type=\"column\">\n\t\t\t<div class=\"elementor-widget-wrap elementor-element-populated\">\n\t\t\t\t\t\t<div class=\"elementor-element elementor-element-e2a6eac elementor-widget elementor-widget-heading\" data-id=\"e2a6eac\" data-element_type=\"widget\" data-e-type=\"widget\" data-widget_type=\"heading.default\">\n\t\t\t\t<div class=\"elementor-widget-container\">\n\t\t\t\t\t<h1 class=\"elementor-heading-title elementor-size-default\">Politique de confidentialit\u00e9<\/h1>\t\t\t\t<\/div>\n\t\t\t\t<\/div>\n\t\t\t\t\t<\/div>\n\t\t<\/div>\n\t\t\t\t\t<\/div>\n\t\t<\/section>\n\t\t\t\t<section data-particle_enable=\"false\" data-particle-mobile-disabled=\"false\" class=\"elementor-section elementor-top-section elementor-element elementor-element-b05b789 elementor-section-boxed elementor-section-height-default elementor-section-height-default\" data-id=\"b05b789\" data-element_type=\"section\" data-e-type=\"section\">\n\t\t\t\t\t\t<div class=\"elementor-container elementor-column-gap-default\">\n\t\t\t\t\t<div class=\"elementor-column elementor-col-100 elementor-top-column elementor-element elementor-element-f33f7af\" data-id=\"f33f7af\" data-element_type=\"column\" data-e-type=\"column\">\n\t\t\t<div class=\"elementor-widget-wrap elementor-element-populated\">\n\t\t\t\t\t\t<div class=\"elementor-element elementor-element-12da549 elementor-widget elementor-widget-text-editor\" data-id=\"12da549\" data-element_type=\"widget\" data-e-type=\"widget\" data-widget_type=\"text-editor.default\">\n\t\t\t\t<div class=\"elementor-widget-container\">\n\t\t\t\t\t\t\t\t\t<section data-particle_enable=\"false\" data-particle-mobile-disabled=\"false\" data-id=\"93b2db6\" data-element_type=\"section\"><div><div><div data-id=\"618a5e9\" data-element_type=\"column\"><div><div><div data-id=\"17b54b3\" data-element_type=\"widget\" data-widget_type=\"heading.default\"><div><p><span style=\"font-size: 16px;\">La Comarca del Maestrazgo, ci-apr\u00e8s d\u00e9sign\u00e9e sous le nom de <\/span><b style=\"font-size: 16px;\">Turismo del Maestrazgo, <\/b> <span style=\"font-size: 16px;\">informe les utilisateurs du site web de sa politique en mati\u00e8re de traitement et de protection des donn\u00e9es personnelles des utilisateurs et des clients qui peuvent \u00eatre recueillies en naviguant ou en contractant des services par le biais de son site web. En ce sens, <\/span><b style=\"font-size: 16px;\">Turismo del Maestrazgo<\/b><span style=\"font-size: 16px;\">garantit le respect de la l\u00e9gislation en vigueur en mati\u00e8re de protection des donn\u00e9es personnelles, comme le refl\u00e8te le r\u00e8glement g\u00e9n\u00e9ral sur la protection des donn\u00e9es (RGPD) (UE) 2016\/679 et la loi organique 3\/2018, du 5 d\u00e9cembre, sur la protection des donn\u00e9es personnelles et la garantie des droits num\u00e9riques.<\/span><\/p><\/div><\/div><\/div><\/div><\/div><\/div><\/div><\/section><section data-particle_enable=\"false\" data-particle-mobile-disabled=\"false\" data-id=\"2db44cf\" data-element_type=\"section\"><div><div><div data-id=\"9d643f7\" data-element_type=\"column\"><div><div><div data-id=\"bc72b81\" data-element_type=\"widget\" data-widget_type=\"text-editor.default\"><div><div><h3><strong>Qui est le responsable du traitement des donn\u00e9es \u00e0 caract\u00e8re personnel ?<\/strong><\/h3><p><strong>responsable<\/strong> <b>du traitement<\/b> <strong>:<\/strong> Comarca del Maestrazgo<br \/><b>NUM\u00c9RO D&#8217;IDENTIFICATION FISCALE<\/b> P4400024H<br \/><strong>Adresse : <a href=\"https:\/\/www.google.es\/maps\/search\/Calle+Las+Tres+Baylas+7,+CP.+44140,+Cantavieja,+Teruel+\/@40.525647,-0.4074927,17z\/data=!3m1!4b1\">Calle Las Tres Baylas 7, CP. 44140, Cantavieja, Teruel <\/a><\/strong><br \/><strong>T\u00e9l\u00e9phone : <a href=\"tel:964185242\">964 185 242<\/a><\/strong><br \/><strong>e-mail : <a href=\"mailto:turismo@comarcamaestrazgo.org\">turismo@comarcamaestrazgo.org<\/a><\/strong><\/p><\/div><\/div><\/div><div data-id=\"83d9a03\" data-element_type=\"widget\" data-widget_type=\"text-editor.default\"><div><div><h3><b>Dans quel but les donn\u00e9es personnelles sont-elles trait\u00e9es ? <\/b><\/h3><p><b>Turismo del Maestrazgo<\/b>raite les informations fournies par le biais de ce site Web aux fins suivantes :<\/p><ul><li>R\u00e9soudre les questions et commentaires soulev\u00e9s par le biais des coordonn\u00e9es (courriel\/t\u00e9l\u00e9phone) figurant sur le site web concernant nos produits et services.<\/li><\/ul><p>En aucun cas, <b>Turismo del Maestrazgo<\/b> ne traitera les donn\u00e9es personnelles \u00e0 des fins autres que celles indiqu\u00e9es ci-dessus.<\/p><h3><b>Combien de temps les donn\u00e9es personnelles seront-elles conserv\u00e9es ? <\/b><\/h3><p>Les donn\u00e9es personnelles fournies seront conserv\u00e9es aussi longtemps que la relation avec <b>Turismo<\/b> <b>del Maestrazgo<\/b> sera maintenue, ou pendant les ann\u00e9es n\u00e9cessaires au respect des obligations l\u00e9gales.<\/p><p>Par la suite, les donn\u00e9es seront supprim\u00e9es conform\u00e9ment aux dispositions de la r\u00e9glementation sur la protection des donn\u00e9es, ce qui implique leur blocage, \u00e9tant disponibles uniquement aux demandes des Juges et Tribunaux, du M\u00e9diateur, du Minist\u00e8re Public ou des Administrations Publiques comp\u00e9tentes pendant la p\u00e9riode de prescription des actions qui peuvent survenir et, apr\u00e8s ce temps, elles seront compl\u00e8tement supprim\u00e9es.<\/p><h3><b>Comment les donn\u00e9es personnelles sont-elles collect\u00e9es et quelles cat\u00e9gories de donn\u00e9es sont trait\u00e9es ? <\/b><\/h3><p>Les donn\u00e9es personnelles trait\u00e9es par <b>Turismo<\/b> <b>del Maestrazgo<\/b> proviennent de la personne int\u00e9ress\u00e9e elle-m\u00eame, au moment o\u00f9 elle communique avec nous par le biais de nos coordonn\u00e9es.<\/p><p>La cat\u00e9gorie de donn\u00e9es trait\u00e9es dans les communications via nos coordonn\u00e9es est :<\/p><ul><li>Donn\u00e9es d&#8217;identification : Nom, T\u00e9l\u00e9phone, E-mail.<\/li><\/ul><p>Toutefois, comme il s&#8217;agit d&#8217;un canal de communication, la personne concern\u00e9e peut inclure d&#8217;autres donn\u00e9es \u00e0 caract\u00e8re personnel dans son message lorsqu&#8217;elle donne son avis et formule des questions ou des commentaires.<\/p><h3><b>Quelle est la l\u00e9gitimation pour utiliser vos donn\u00e9es ? <\/b><\/h3><p>La base l\u00e9gitime du traitement des donn\u00e9es \u00e0 caract\u00e8re personnel est que le traitement est n\u00e9cessaire \u00e0 l&#8217;ex\u00e9cution d&#8217;une t\u00e2che effectu\u00e9e dans l&#8217;int\u00e9r\u00eat public ou dans l&#8217;exercice de l&#8217;autorit\u00e9 publique dont est investi le responsable du traitement. (art. 6.1.e RGPD).<\/p><h3><b>A quels destinataires les donn\u00e9es seront-elles communiqu\u00e9es ? <\/b><\/h3><p>Les donn\u00e9es personnelles ne seront pas divulgu\u00e9es \u00e0 des tiers. Toutefois, vos donn\u00e9es pourront \u00eatre communiqu\u00e9es aux organismes et autorit\u00e9s publiques (administratives ou judiciaires) dans les cas o\u00f9 une r\u00e9glementation l\u00e9gale le pr\u00e9voit.<\/p><p>Les donn\u00e9es personnelles ne seront pas envoy\u00e9es en dehors de l&#8217;Espace \u00e9conomique europ\u00e9en, de sorte qu&#8217;aucun transfert international de donn\u00e9es n&#8217;aura lieu.<\/p><h3><b>Quels sont vos droits lorsque vous donnez votre consentement ? <\/b><\/h3><p>Toute personne a le droit d&#8217;obtenir la confirmation que Turismo del Maestrazgo traite ou non ses donn\u00e9es personnelles.<\/p><p>Les personnes int\u00e9ress\u00e9es ont le droit de :<\/p><ul><li>Demande d&#8217;acc\u00e8s aux donn\u00e9es \u00e0 caract\u00e8re personnel concernant la personne concern\u00e9e<\/li><li>Demande de rectification ou d&#8217;effacement<\/li><\/ul><ul><li>Demander la limitation de leur traitement<\/li><li>S&#8217;opposer au traitement<\/li><\/ul><div>\u00a0<\/div><p>Les parties int\u00e9ress\u00e9es peuvent acc\u00e9der \u00e0 leurs donn\u00e9es personnelles, ainsi que demander la rectification des donn\u00e9es inexactes ou, le cas \u00e9ch\u00e9ant, demander leur suppression lorsque, entre autres raisons, les donn\u00e9es ne sont plus n\u00e9cessaires aux fins pour lesquelles elles ont \u00e9t\u00e9 collect\u00e9es.<\/p><p>Dans certaines circonstances, les personnes concern\u00e9es peuvent demander la limitation du traitement de leurs donn\u00e9es, auquel cas je ne les conserverai que pour l&#8217;exercice ou la d\u00e9fense de revendications.<\/p><p>Dans certaines circonstances et pour des raisons li\u00e9es \u00e0 leur situation particuli\u00e8re, les personnes concern\u00e9es peuvent s&#8217;opposer au traitement de leurs donn\u00e9es. Le Museo Virtual del Maestrazgo cessera de traiter les donn\u00e9es, sauf pour des raisons l\u00e9gitimes imp\u00e9rieuses, ou l&#8217;exercice ou la d\u00e9fense d&#8217;\u00e9ventuelles r\u00e9clamations.<\/p><h3><b>Comment les droits peuvent-ils \u00eatre exerc\u00e9s ? <\/b><\/h3><p>Pour exercer les droits d&#8217;acc\u00e8s, de rectification, de suppression, d&#8217;opposition, de limitation du traitement des donn\u00e9es susmentionn\u00e9s, les personnes concern\u00e9es doivent s&#8217;adresser \u00e0 Comarca del Maestrazgo, \u00e0 l&#8217;adresse Calle Las tres Baylas 7, CP.44140, Cantavieja, Teruel.<\/p><p>Vous pouvez \u00e9galement contacter le Maestrazgo Tourisme par e-mail \u00e0 l&#8217;adresse suivante <span style=\"color: #9cc184;\"><b>turismo@comarcamaestrazgo.org<\/b><\/span><\/p><p>La demande d&#8217;exercice du droit doit \u00eatre accompagn\u00e9e de votre nom et pr\u00e9nom, d&#8217;une photocopie de votre DNI\/NIF, du droit que vous souhaitez demander, du contenu de votre demande et d&#8217;une adresse aux fins de notifications.<\/p><h3><b>Pouvez-vous d\u00e9poser une plainte aupr\u00e8s de l&#8217;AEPD ? <\/b><\/h3><p>Les personnes concern\u00e9es ont \u00e9galement le droit \u00e0 une protection juridictionnelle effective et le droit d&#8217;introduire une r\u00e9clamation aupr\u00e8s de l&#8217;autorit\u00e9 de contr\u00f4le, en l&#8217;occurrence l&#8217;Agence espagnole de protection des donn\u00e9es, si elles estiment que le traitement des donn\u00e9es \u00e0 caract\u00e8re personnel les concernant est contraire au r\u00e8glement. Ils peuvent se plaindre en \u00e9crivant \u00e0 l&#8217;Agence espagnole de protection des donn\u00e9es, C\/ Jorge Juan n\u00ba 6, 28001 Madrid ou en acc\u00e9dant \u00e0 son si\u00e8ge \u00e9lectronique : <a href=\"https:\/\/sedeagpd.gob.es\/sede-electronica-web\/\"><strong>sedeagpd.gob.es<\/strong><\/a><\/p><\/div><\/div><\/div><\/div><\/div><\/div><\/div><\/div><\/section>\t\t\t\t\t\t\t\t<\/div>\n\t\t\t\t<\/div>\n\t\t\t\t\t<\/div>\n\t\t<\/div>\n\t\t\t\t\t<\/div>\n\t\t<\/section>\n\t\t\t\t<section data-particle_enable=\"false\" data-particle-mobile-disabled=\"false\" class=\"elementor-section elementor-top-section elementor-element elementor-element-c8e0b06 elementor-section-boxed elementor-section-height-default elementor-section-height-default\" data-id=\"c8e0b06\" data-element_type=\"section\" data-e-type=\"section\">\n\t\t\t\t\t\t<div class=\"elementor-container elementor-column-gap-default\">\n\t\t\t\t\t<div class=\"elementor-column elementor-col-100 elementor-top-column elementor-element elementor-element-8978848\" data-id=\"8978848\" data-element_type=\"column\" data-e-type=\"column\">\n\t\t\t<div class=\"elementor-widget-wrap elementor-element-populated\">\n\t\t\t\t\t\t<div class=\"elementor-element elementor-element-e7e0174 elementor-widget elementor-widget-spacer\" data-id=\"e7e0174\" data-element_type=\"widget\" data-e-type=\"widget\" data-widget_type=\"spacer.default\">\n\t\t\t\t<div class=\"elementor-widget-container\">\n\t\t\t\t\t\t\t<div class=\"elementor-spacer\">\n\t\t\t<div class=\"elementor-spacer-inner\"><\/div>\n\t\t<\/div>\n\t\t\t\t\t\t<\/div>\n\t\t\t\t<\/div>\n\t\t\t\t\t<\/div>\n\t\t<\/div>\n\t\t\t\t\t<\/div>\n\t\t<\/section>\n\t\t\t\t<\/div>\n\t\t","protected":false},"excerpt":{"rendered":"<p>Politique de confidentialit\u00e9 La Comarca del Maestrazgo, ci-apr\u00e8s d\u00e9sign\u00e9e sous le nom de Turismo del Maestrazgo, informe les utilisateurs du site web de sa politique en mati\u00e8re de traitement et [&hellip;]<\/p>\n","protected":false},"author":2,"featured_media":0,"parent":0,"menu_order":0,"comment_status":"closed","ping_status":"closed","template":"","meta":{"_acf_changed":false,"_EventAllDay":false,"_EventTimezone":"","_EventStartDate":"","_EventEndDate":"","_EventStartDateUTC":"","_EventEndDateUTC":"","_EventShowMap":false,"_EventShowMapLink":false,"_EventURL":"","_EventCost":"","_EventCostDescription":"","_EventCurrencySymbol":"","_EventCurrencyCode":"","_EventCurrencyPosition":"","_EventDateTimeSeparator":"","_EventTimeRangeSeparator":"","_EventOrganizerID":[],"_EventVenueID":[],"_OrganizerEmail":"","_OrganizerPhone":"","_OrganizerWebsite":"","_VenueAddress":"","_VenueCity":"","_VenueCountry":"","_VenueProvince":"","_VenueState":"","_VenueZip":"","_VenuePhone":"","_VenueURL":"","_VenueStateProvince":"","_VenueLat":"","_VenueLng":"","_VenueShowMap":false,"_VenueShowMapLink":false,"footnotes":""},"class_list":["post-21444","page","type-page","status-publish","hentry"],"acf":[],"_links":{"self":[{"href":"https:\/\/turismomaestrazgo.org\/fr\/wp-json\/wp\/v2\/pages\/21444","targetHints":{"allow":["GET"]}}],"collection":[{"href":"https:\/\/turismomaestrazgo.org\/fr\/wp-json\/wp\/v2\/pages"}],"about":[{"href":"https:\/\/turismomaestrazgo.org\/fr\/wp-json\/wp\/v2\/types\/page"}],"author":[{"embeddable":true,"href":"https:\/\/turismomaestrazgo.org\/fr\/wp-json\/wp\/v2\/users\/2"}],"replies":[{"embeddable":true,"href":"https:\/\/turismomaestrazgo.org\/fr\/wp-json\/wp\/v2\/comments?post=21444"}],"version-history":[{"count":0,"href":"https:\/\/turismomaestrazgo.org\/fr\/wp-json\/wp\/v2\/pages\/21444\/revisions"}],"wp:attachment":[{"href":"https:\/\/turismomaestrazgo.org\/fr\/wp-json\/wp\/v2\/media?parent=21444"}],"curies":[{"name":"wp","href":"https:\/\/api.w.org\/{rel}","templated":true}]}}